{"id":1010,"date":"2021-06-29T14:14:05","date_gmt":"2021-06-29T13:14:05","guid":{"rendered":"https:\/\/dev.lei.net\/what-is-lei\/"},"modified":"2024-03-15T14:07:50","modified_gmt":"2024-03-15T13:07:50","slug":"co-je-lei","status":"publish","type":"page","link":"https:\/\/dev.lei.net\/cs\/co-je-lei\/","title":{"rendered":"Co je LEI ?"},"content":{"rendered":"  <div class=\"container px-4 xl:px-0\">\n    <div class=\"flex flex-wrap  mb-10 md:mb-16\">\n      <div class=\"w-full md:w-1\/2\">\n      <h1 class=\"font-axiforma text-[45px] md:text-[55px] text-center md:text-left\">Co je LEI?<\/h1>\n            <\/div>\n      <div class=\"w-full md:w-1\/2 flex justify-center mt-10 md:mt-0\">\n        <img loading=\"lazy\" decoding=\"async\" alt=\"\" src=\"https:\/\/dev.lei.net\/wp-content\/uploads\/2024\/02\/whyus.svg\" width=\"590\" height=\"300\">      <\/div>\n    <\/div>\n  <\/div>\n\n\n\n<div class=\"wp-block-columns is-layout-flex wp-container-core-columns-is-layout-9d6595d7 wp-block-columns-is-layout-flex\">\n<div class=\"wp-block-column is-layout-flow wp-block-column-is-layout-flow\" style=\"flex-basis:33.33%\">\n<h2 class=\"wp-block-heading has-large-font-size\" style=\"font-style:normal;font-weight:600\">Z\u00e1kladn\u00ed informace<\/h2>\n<\/div>\n\n\n\n<div class=\"wp-block-column is-layout-flow wp-block-column-is-layout-flow\" style=\"flex-basis:66.66%\">\n<p>LEI \u2013 identifika\u010dn\u00ed \u010d\u00edslo pro pr\u00e1vnick\u00e9 osoby (Legal Entity Identifier). Jedine\u010dn\u00fd identifika\u010dn\u00ed k\u00f3d pro spole\u010dnosti obchoduj\u00edc\u00ed na finan\u010dn\u00edch trz\u00edch (s akciemi, dluhopisy, futures, m\u011bnami atd.). Ka\u017ed\u00e1 transakce proveden\u00e1 na finan\u010dn\u00edch trz\u00edch je spojena s obchodn\u00edm partnerem prost\u0159ednictv\u00edm \u010d\u00edsla LEI. K\u00f3dy LEI jsou vyu\u017e\u00edv\u00e1ny regul\u00e1tory k monitorov\u00e1n\u00ed finan\u010dn\u00edch trh\u016f. K\u00f3dy LEI propojuj\u00ed finan\u010dn\u00ed trhy, spole\u010dnosti a regul\u00e1tory. \u010c\u00edsla LEI jsou vyd\u00e1v\u00e1na akreditovan\u00fdmi LOU od GLEIF. GLEIF \u2013 Glob\u00e1ln\u00ed nadace pro identifik\u00e1tory pr\u00e1vnick\u00fdch osob. BEZ OBCHODU BEZ LEI.<\/p>\n<\/div>\n<\/div>\n\n\n\n<div style=\"height:50px\" aria-hidden=\"true\" class=\"wp-block-spacer\"><\/div>\n\n\n\n<div class=\"wp-block-columns is-layout-flex wp-container-core-columns-is-layout-9d6595d7 wp-block-columns-is-layout-flex\">\n<div class=\"wp-block-column is-layout-flow wp-block-column-is-layout-flow\" style=\"flex-basis:33.33%\">\n<h2 class=\"wp-block-heading has-large-font-size\" style=\"font-style:normal;font-weight:600\">V\u00fdhody k\u00f3du LEI<\/h2>\n<\/div>\n\n\n\n<div class=\"wp-block-column is-layout-flow wp-block-column-is-layout-flow\" style=\"flex-basis:66.66%\">\n<p>Shroma\u017e\u010fov\u00e1n\u00ed \u00fadaj\u016f o klientech je pravd\u011bpodobn\u011b nejv\u011bt\u0161\u00ed v\u00fdhodou \u010d\u00edsla LEI. D\u0159\u00edve bylo nutn\u00e9 ru\u010dn\u011b kop\u00edrovat ob\u010dansk\u00e9 pr\u016fkazy a ov\u011b\u0159ovat jejich p\u0159esnost, co\u017e byl dlouh\u00fd proces vzhledem k term\u00edn\u016fm. Nav\u00edc, pro zaji\u0161t\u011bn\u00ed bezpe\u010dn\u00e9 cesty n\u00e1kupu akci\u00ed bylo pot\u0159eba mnoho \u00fadaj\u016f. Koncept \u010d\u00edslov\u00e1n\u00ed LEI vede ke zlep\u0161en\u00ed procesu. S pomoc\u00ed digitalizace r\u016fzn\u00fdch krok\u016f je dnes pot\u0159eba pouze mal\u00fd online formul\u00e1\u0159. Podobn\u011b, aktualizace, prodlou\u017een\u00ed a odstran\u011bn\u00ed \u00fadaj\u016f o spole\u010dnosti jsou nyn\u00ed podl\u00e9haj\u00ed funk\u010dn\u00edmu syst\u00e9mu, kter\u00fd m\u016f\u017ee dob\u0159e sledovat rychle se vyv\u00edjej\u00edc\u00ed mezin\u00e1rodn\u00ed finan\u010dn\u00ed trhy.<\/p>\n\n\n\n<p>Otev\u0159en\u00e1 a transparentn\u00ed data minimalizuj\u00ed riziko mezin\u00e1rodn\u00ed finan\u010dn\u00ed transakce. Umo\u017e\u0148uje snadno vid\u011bt, kdo je obchodn\u00ed partner a co p\u0159edstavuje. To poskytuje bezpe\u010dnost, kter\u00e1 p\u0159ed zaveden\u00edm \u010d\u00edsla LEI v t\u00e9to form\u011b neexistovala.<\/p>\n<\/div>\n<\/div>\n\n\n\n<div style=\"height:50px\" aria-hidden=\"true\" class=\"wp-block-spacer\"><\/div>\n\n\n\n<section class=\"container px-4 xl:px-0\">\n    <div class=\"flex rounded-2xl bg-gradient-to-r from-[#B3E0FF] to-[#6097D7] px-10 md:px-20 py-10 items-center gap-10 flex-col md:flex-row\">\n        <div class=\"w-full md:w-1\/2 flex justify-center\">\n            <img loading=\"lazy\" decoding=\"async\" alt=\"\" src=\"https:\/\/dev.lei.net\/wp-content\/uploads\/2024\/02\/cta.svg\" width=\"440\" height=\"350\">        <\/div>\n        <div class=\"w-full md:w-1\/2\">\n            <h3 class=\"text-lightgray-200 font-axiforma text-[25px] md:text-[35px] mb-4\">Chcete si koupit \u010d\u00edslo LEI?<\/h3>\n            <p class=\"font-axiforma-light !text-base md:!text-xl !font-light !text-lightgray-200 !mb-12\">Va\u0161e registra\u010dn\u00ed \u010d\u00edslo pr\u00e1vnick\u00e9 osoby LEI ve Velk\u00e9 Brit\u00e1nii!<\/p>\n            <div class=\"text-center md:text-left\">\n                <a href=\"https:\/\/dev.lei.net\/registration\/\" class=\"bg-primary text-lightgray-200 text-lg px-8 py-4 rounded-full hover:bg-opacity-40 transition\">Poj\u010fme na to<\/a>\n            <\/div>\n        <\/div>\n    <\/div>\n<\/section>\n\n\n<h3 class=\"wp-block-heading has-text-align-center\" style=\"font-size:45px;font-style:normal;font-weight:600\">Struktura k\u00f3du LEI<\/h3>\n\n\n\n<p class=\"has-text-align-center\" style=\"font-size:20px\">\u010c\u00edslo LEI je standardizov\u00e1no certifik\u00e1tem ISO 17442. Skl\u00e1d\u00e1 se z kombinace 20 \u010d\u00edslic a p\u00edsmen<\/p>\n\n\n<div class=\"container px-4 xl:px-0\">\n  <div class=\"shadow-medium rounded-2xl my-12 py-5 md:py-12 overflow-auto\">\n    <div class=\"flex justify-start md:justify-center gap-1 mx-5 md:mx-0\">\n      <div>\n        <div class='text-2xl md:text-[40px] text-black font-axiforma tracking-widest'>1.2.3.4.<\/div>\n        <div class='flex items-center border-r border-l border-lightgray h-[0.8vw]'>\n          <div class='bg-lightgray h-[1px] w-full'><\/div>\n        <\/div>\n        <div class='text-center text-xs md:text-lg font-axiforma text-black'>ID LOU<\/div>\n      <\/div>\n      <div>\n        <div class='text-2xl md:text-[40px] text-black font-axiforma tracking-widest'>5.6.<\/div>\n        <div class='flex items-center border-r border-l border-lightgray h-[0.8vw]'>\n          <div class='bg-lightgray h-[1px] w-full'><\/div>\n        <\/div>\n        <div class='text-center text-xs md:text-lg font-axiforma text-black'>0.0<\/div>\n      <\/div>\n      <div>\n        <div class='text-2xl md:text-[40px] text-primary font-axiforma tracking-widest'>7.8.9.10.11.12.13.14.15.16.17.18.<\/div>\n        <div class='flex items-center border-r border-l border-lightgray h-[0.8vw]'>\n          <div class='bg-lightgray h-[1px] w-full'><\/div>\n        <\/div>\n        <div class='text-center text-xs md:text-lg font-axiforma text-primary'>Identifik\u00e1tor subjektu<\/div>\n      <\/div>\n      <div>\n        <div class='text-2xl md:text-[40px] text-black font-axiforma tracking-widest'>19.20.<\/div>\n        <div class='flex items-center border-r border-l border-lightgray h-[0.8vw]'>\n          <div class='bg-lightgray h-[1px] w-full'><\/div>\n        <\/div>\n        <div class='text-center text-xs md:text-lg font-axiforma text-black'>ID ov\u011b\u0159en\u00ed<\/div>\n      <\/div>\n    <\/div>\n  <\/div>\n<\/div>\n\n\n\n\n\n<div class=\"wp-block-columns is-layout-flex wp-container-core-columns-is-layout-9d6595d7 wp-block-columns-is-layout-flex\">\n<div class=\"wp-block-column is-layout-flow wp-block-column-is-layout-flow\">\n<p>\u010c\u00edslice <strong>1-4<\/strong> v\u017edy ozna\u010duj\u00ed ID LOU, kter\u00fd vydal LEI.<\/p>\n\n\n\n<p>\u010c\u00edslice <strong>5-6<\/strong> maj\u00ed v\u017edy hodnotu 0.<\/p>\n\n\n\n<p>\u010c\u00edslice\/p\u00edsmena <strong>7-18<\/strong> jsou unik\u00e1tn\u00ed pro ka\u017edou entitu.<\/p>\n\n\n\n<p>\u010c\u00edslice <strong>19-20<\/strong> jsou pou\u017eity pro ov\u011b\u0159en\u00ed.<\/p>\n<\/div>\n<\/div>\n\n\n\n<div style=\"height:50px\" aria-hidden=\"true\" class=\"wp-block-spacer\"><\/div>\n\n\n\n<div class=\"action-button__wrapper text-align-center\">\n  <a href=\"https:\/\/dev.lei.net\/\" class=\"action-button action-button--medium\">\n    \u017d\u00c1DOST  <\/a>\n<\/div>\n\n\n","protected":false},"excerpt":{"rendered":"<p>Z\u00e1kladn\u00ed informace LEI \u2013 identifika\u010dn\u00ed \u010d\u00edslo pro pr\u00e1vnick\u00e9 osoby (Legal Entity Identifier). Jedine\u010dn\u00fd identifika\u010dn\u00ed k\u00f3d pro spole\u010dnosti obchoduj\u00edc\u00ed na finan\u010dn\u00edch trz\u00edch (s akciemi, dluhopisy, futures, m\u011bnami atd.). Ka\u017ed\u00e1 transakce proveden\u00e1 na finan\u010dn\u00edch trz\u00edch je spojena s obchodn\u00edm partnerem prost\u0159ednictv\u00edm \u010d\u00edsla LEI. K\u00f3dy LEI jsou vyu\u017e\u00edv\u00e1ny regul\u00e1tory k monitorov\u00e1n\u00ed finan\u010dn\u00edch trh\u016f. K\u00f3dy LEI propojuj\u00ed finan\u010dn\u00ed trhy, [&hellip;]<\/p>\n","protected":false},"author":1,"featured_media":0,"parent":0,"menu_order":0,"comment_status":"closed","ping_status":"closed","template":"","meta":{"footnotes":""},"class_list":["post-1010","page","type-page","status-publish","hentry"],"yoast_head":"<!-- This site is optimized with the Yoast SEO plugin v25.3.1 - https:\/\/yoast.com\/wordpress\/plugins\/seo\/ -->\n<title>Co je LEI ? - LEI.net<\/title>\n<meta name=\"robots\" content=\"noindex, follow, max-snippet:-1, max-image-preview:large, max-video-preview:-1\" \/>\n<meta property=\"og:locale\" content=\"cs_CZ\" \/>\n<meta property=\"og:type\" content=\"article\" \/>\n<meta property=\"og:title\" content=\"Co je LEI ? - LEI.net\" \/>\n<meta property=\"og:description\" content=\"Z\u00e1kladn\u00ed informace LEI \u2013 identifika\u010dn\u00ed \u010d\u00edslo pro pr\u00e1vnick\u00e9 osoby (Legal Entity Identifier). Jedine\u010dn\u00fd identifika\u010dn\u00ed k\u00f3d pro spole\u010dnosti obchoduj\u00edc\u00ed na finan\u010dn\u00edch trz\u00edch (s akciemi, dluhopisy, futures, m\u011bnami atd.). Ka\u017ed\u00e1 transakce proveden\u00e1 na finan\u010dn\u00edch trz\u00edch je spojena s obchodn\u00edm partnerem prost\u0159ednictv\u00edm \u010d\u00edsla LEI. K\u00f3dy LEI jsou vyu\u017e\u00edv\u00e1ny regul\u00e1tory k monitorov\u00e1n\u00ed finan\u010dn\u00edch trh\u016f. K\u00f3dy LEI propojuj\u00ed finan\u010dn\u00ed trhy, [&hellip;]\" \/>\n<meta property=\"og:url\" content=\"https:\/\/dev.lei.net\/cs\/co-je-lei\/\" \/>\n<meta property=\"og:site_name\" content=\"LEI.net\" \/>\n<meta property=\"article:modified_time\" content=\"2024-03-15T13:07:50+00:00\" \/>\n<meta name=\"twitter:card\" content=\"summary_large_image\" \/>\n<meta name=\"twitter:label1\" content=\"Odhadovan\u00e1 doba \u010dten\u00ed\" \/>\n\t<meta name=\"twitter:data1\" content=\"4 minuty\" \/>\n<script type=\"application\/ld+json\" class=\"yoast-schema-graph\">{\"@context\":\"https:\/\/schema.org\",\"@graph\":[{\"@type\":\"WebPage\",\"@id\":\"https:\/\/dev.lei.net\/cs\/co-je-lei\/\",\"url\":\"https:\/\/dev.lei.net\/cs\/co-je-lei\/\",\"name\":\"Co je LEI ? - LEI.net\",\"isPartOf\":{\"@id\":\"https:\/\/dev.lei.net\/#website\"},\"datePublished\":\"2021-06-29T13:14:05+00:00\",\"dateModified\":\"2024-03-15T13:07:50+00:00\",\"breadcrumb\":{\"@id\":\"https:\/\/dev.lei.net\/cs\/co-je-lei\/#breadcrumb\"},\"inLanguage\":\"cs\",\"potentialAction\":[{\"@type\":\"ReadAction\",\"target\":[\"https:\/\/dev.lei.net\/cs\/co-je-lei\/\"]}]},{\"@type\":\"BreadcrumbList\",\"@id\":\"https:\/\/dev.lei.net\/cs\/co-je-lei\/#breadcrumb\",\"itemListElement\":[{\"@type\":\"ListItem\",\"position\":1,\"name\":\"Startseite\",\"item\":\"https:\/\/dev.lei.net\/cs\/\"},{\"@type\":\"ListItem\",\"position\":2,\"name\":\"Co je LEI ?\"}]},{\"@type\":\"WebSite\",\"@id\":\"https:\/\/dev.lei.net\/#website\",\"url\":\"https:\/\/dev.lei.net\/\",\"name\":\"LEI.net\",\"description\":\"Official Legal Entity Identifier (LEI) Registrar\",\"publisher\":{\"@id\":\"https:\/\/dev.lei.net\/#organization\"},\"potentialAction\":[{\"@type\":\"SearchAction\",\"target\":{\"@type\":\"EntryPoint\",\"urlTemplate\":\"https:\/\/dev.lei.net\/?s={search_term_string}\"},\"query-input\":{\"@type\":\"PropertyValueSpecification\",\"valueRequired\":true,\"valueName\":\"search_term_string\"}}],\"inLanguage\":\"cs\"},{\"@type\":\"Organization\",\"@id\":\"https:\/\/dev.lei.net\/#organization\",\"name\":\"F.I.D.Firmeninformationsdienst GmbH\",\"url\":\"https:\/\/dev.lei.net\/\",\"logo\":{\"@type\":\"ImageObject\",\"inLanguage\":\"cs\",\"@id\":\"https:\/\/dev.lei.net\/#\/schema\/logo\/image\/\",\"url\":\"https:\/\/dev.lei.net\/wp-content\/uploads\/2021\/12\/color_vertical.jpg\",\"contentUrl\":\"https:\/\/dev.lei.net\/wp-content\/uploads\/2021\/12\/color_vertical.jpg\",\"width\":283,\"height\":283,\"caption\":\"F.I.D.Firmeninformationsdienst GmbH\"},\"image\":{\"@id\":\"https:\/\/dev.lei.net\/#\/schema\/logo\/image\/\"}}]}<\/script>\n<!-- \/ Yoast SEO plugin. -->","yoast_head_json":{"title":"Co je LEI ? - LEI.net","robots":{"index":"noindex","follow":"follow","max-snippet":"max-snippet:-1","max-image-preview":"max-image-preview:large","max-video-preview":"max-video-preview:-1"},"og_locale":"cs_CZ","og_type":"article","og_title":"Co je LEI ? - LEI.net","og_description":"Z\u00e1kladn\u00ed informace LEI \u2013 identifika\u010dn\u00ed \u010d\u00edslo pro pr\u00e1vnick\u00e9 osoby (Legal Entity Identifier). Jedine\u010dn\u00fd identifika\u010dn\u00ed k\u00f3d pro spole\u010dnosti obchoduj\u00edc\u00ed na finan\u010dn\u00edch trz\u00edch (s akciemi, dluhopisy, futures, m\u011bnami atd.). Ka\u017ed\u00e1 transakce proveden\u00e1 na finan\u010dn\u00edch trz\u00edch je spojena s obchodn\u00edm partnerem prost\u0159ednictv\u00edm \u010d\u00edsla LEI. K\u00f3dy LEI jsou vyu\u017e\u00edv\u00e1ny regul\u00e1tory k monitorov\u00e1n\u00ed finan\u010dn\u00edch trh\u016f. K\u00f3dy LEI propojuj\u00ed finan\u010dn\u00ed trhy, [&hellip;]","og_url":"https:\/\/dev.lei.net\/cs\/co-je-lei\/","og_site_name":"LEI.net","article_modified_time":"2024-03-15T13:07:50+00:00","twitter_card":"summary_large_image","twitter_misc":{"Odhadovan\u00e1 doba \u010dten\u00ed":"4 minuty"},"schema":{"@context":"https:\/\/schema.org","@graph":[{"@type":"WebPage","@id":"https:\/\/dev.lei.net\/cs\/co-je-lei\/","url":"https:\/\/dev.lei.net\/cs\/co-je-lei\/","name":"Co je LEI ? - LEI.net","isPartOf":{"@id":"https:\/\/dev.lei.net\/#website"},"datePublished":"2021-06-29T13:14:05+00:00","dateModified":"2024-03-15T13:07:50+00:00","breadcrumb":{"@id":"https:\/\/dev.lei.net\/cs\/co-je-lei\/#breadcrumb"},"inLanguage":"cs","potentialAction":[{"@type":"ReadAction","target":["https:\/\/dev.lei.net\/cs\/co-je-lei\/"]}]},{"@type":"BreadcrumbList","@id":"https:\/\/dev.lei.net\/cs\/co-je-lei\/#breadcrumb","itemListElement":[{"@type":"ListItem","position":1,"name":"Startseite","item":"https:\/\/dev.lei.net\/cs\/"},{"@type":"ListItem","position":2,"name":"Co je LEI ?"}]},{"@type":"WebSite","@id":"https:\/\/dev.lei.net\/#website","url":"https:\/\/dev.lei.net\/","name":"LEI.net","description":"Official Legal Entity Identifier (LEI) Registrar","publisher":{"@id":"https:\/\/dev.lei.net\/#organization"},"potentialAction":[{"@type":"SearchAction","target":{"@type":"EntryPoint","urlTemplate":"https:\/\/dev.lei.net\/?s={search_term_string}"},"query-input":{"@type":"PropertyValueSpecification","valueRequired":true,"valueName":"search_term_string"}}],"inLanguage":"cs"},{"@type":"Organization","@id":"https:\/\/dev.lei.net\/#organization","name":"F.I.D.Firmeninformationsdienst GmbH","url":"https:\/\/dev.lei.net\/","logo":{"@type":"ImageObject","inLanguage":"cs","@id":"https:\/\/dev.lei.net\/#\/schema\/logo\/image\/","url":"https:\/\/dev.lei.net\/wp-content\/uploads\/2021\/12\/color_vertical.jpg","contentUrl":"https:\/\/dev.lei.net\/wp-content\/uploads\/2021\/12\/color_vertical.jpg","width":283,"height":283,"caption":"F.I.D.Firmeninformationsdienst GmbH"},"image":{"@id":"https:\/\/dev.lei.net\/#\/schema\/logo\/image\/"}}]}},"_links":{"self":[{"href":"https:\/\/dev.lei.net\/cs\/wp-json\/wp\/v2\/pages\/1010","targetHints":{"allow":["GET"]}}],"collection":[{"href":"https:\/\/dev.lei.net\/cs\/wp-json\/wp\/v2\/pages"}],"about":[{"href":"https:\/\/dev.lei.net\/cs\/wp-json\/wp\/v2\/types\/page"}],"author":[{"embeddable":true,"href":"https:\/\/dev.lei.net\/cs\/wp-json\/wp\/v2\/users\/1"}],"replies":[{"embeddable":true,"href":"https:\/\/dev.lei.net\/cs\/wp-json\/wp\/v2\/comments?post=1010"}],"version-history":[{"count":4,"href":"https:\/\/dev.lei.net\/cs\/wp-json\/wp\/v2\/pages\/1010\/revisions"}],"predecessor-version":[{"id":5221,"href":"https:\/\/dev.lei.net\/cs\/wp-json\/wp\/v2\/pages\/1010\/revisions\/5221"}],"wp:attachment":[{"href":"https:\/\/dev.lei.net\/cs\/wp-json\/wp\/v2\/media?parent=1010"}],"curies":[{"name":"wp","href":"https:\/\/api.w.org\/{rel}","templated":true}]}}