{"id":1013,"date":"2021-06-30T13:47:20","date_gmt":"2021-06-30T12:47:20","guid":{"rendered":"https:\/\/dev.lei.net\/registration\/"},"modified":"2024-03-15T14:50:05","modified_gmt":"2024-03-15T13:50:05","slug":"registrace","status":"publish","type":"page","link":"https:\/\/dev.lei.net\/cs\/registrace\/","title":{"rendered":"Registrace"},"content":{"rendered":"\n<select-plan-component default-subscription-type=\"registration\" :switcher=\"false\" :reasons=\"[{&quot;_type&quot;:&quot;_&quot;,&quot;reason_code&quot;:&quot;NATURAL_PERSON&quot;,&quot;reason&quot;:&quot;Natural persons: By definition, there is no parent because the entity is controlled by a natural person or persons without an intermediate parent that meets the definition of the parent&#039;s scope of consolidation.&quot;,&quot;information_points&quot;:[]},{&quot;_type&quot;:&quot;_&quot;,&quot;reason_code&quot;:&quot;NON_CONSOLIDATING&quot;,&quot;reason&quot;:&quot;NON_CONSOLIDATED: According to the definition, there is no parent company because the entity is controlled by legal entities that are not subject to the preparation of consolidated financial statements.&quot;,&quot;information_points&quot;:[]},{&quot;_type&quot;:&quot;_&quot;,&quot;reason_code&quot;:&quot;NO_KNOWN_PERSON&quot;,&quot;reason&quot;:&quot;No known person: According to the definition, there is no parent in the Legal Entity Identifier Foundation because there is no known person controlling the entity (e.g. dispersed shareholders).&quot;,&quot;information_points&quot;:[]},{&quot;_type&quot;:&quot;_&quot;,&quot;reason_code&quot;:&quot;NON_PUBLIC&quot;,&quot;reason&quot;:&quot;NON_PUBLIC: For the following applications:&quot;,&quot;information_points&quot;:[{&quot;_type&quot;:&quot;_&quot;,&quot;information_point&quot;:&quot;Legal Barriers: Barriers in a jurisdiction&#039;s laws or regulations prevent the provision or publication of information. The entity cannot publish the parent company in the global LEI number database.&quot;},{&quot;_type&quot;:&quot;_&quot;,&quot;information_point&quot;:&quot;Consent not obtained: According to the applicable legal framework, the consent of the parent company was required and the parent company did not consent or could not be contacted.&quot;},{&quot;_type&quot;:&quot;_&quot;,&quot;information_point&quot;:&quot;Binding legal commitments: Binding legal commitments (other than the laws or regulations of a jurisdiction), such as the statutes governing the legal entity or a contract, prevent the provision or publication of this information.&quot;},{&quot;_type&quot;:&quot;_&quot;,&quot;information_point&quot;:&quot;Impairment not exempted: The subsidiary requested to visit the parent company in relation to the parent company&#039;s reporting, but was unable to confirm this due to the lack of impairment in a way that would avoid reasonable risks of liability for the subsidiary.&quot;},{&quot;_type&quot;:&quot;_&quot;,&quot;information_point&quot;:&quot;Adverse effect on disclosure: Disclosure of this information would be detrimental to the relevant legal entity or parent entity. This includes reasons generally accepted by public authorities in similar circumstances, based on a statement by the entity.&quot;}]},{&quot;_type&quot;:&quot;_&quot;,&quot;reason_code&quot;:&quot;NO_LEI&quot;,&quot;reason&quot;:&quot;No LEI: Child Legal Entity reports it does have a parent according to the definition used but this parent does not yet have an LEI.&quot;,&quot;information_points&quot;:[]}]\" :countries=\"{&quot;AF&quot;:&quot;Afghanistan&quot;,&quot;AL&quot;:&quot;Albania&quot;,&quot;DZ&quot;:&quot;Algeria&quot;,&quot;AS&quot;:&quot;American Samoa&quot;,&quot;AD&quot;:&quot;Andorra&quot;,&quot;AO&quot;:&quot;Angola&quot;,&quot;AI&quot;:&quot;Anguilla&quot;,&quot;AG&quot;:&quot;Antigua and Barbuda&quot;,&quot;AR&quot;:&quot;Argentina&quot;,&quot;AM&quot;:&quot;Armenia&quot;,&quot;AW&quot;:&quot;Aruba&quot;,&quot;AU&quot;:&quot;Australia&quot;,&quot;AT&quot;:&quot;Austria&quot;,&quot;AZ&quot;:&quot;Azerbaijan&quot;,&quot;BS&quot;:&quot;Bahamas&quot;,&quot;BD&quot;:&quot;Bangladesh&quot;,&quot;BB&quot;:&quot;Barbados&quot;,&quot;BY&quot;:&quot;Belarus&quot;,&quot;BE&quot;:&quot;Belgium&quot;,&quot;BZ&quot;:&quot;Belize&quot;,&quot;BJ&quot;:&quot;Benin&quot;,&quot;BM&quot;:&quot;Bermuda&quot;,&quot;BT&quot;:&quot;Bhutan&quot;,&quot;BO&quot;:&quot;Bolivia&quot;,&quot;BA&quot;:&quot;Bosnia and Herzegovina&quot;,&quot;BW&quot;:&quot;Botswana&quot;,&quot;BV&quot;:&quot;Bouvet Island&quot;,&quot;BR&quot;:&quot;Brazil&quot;,&quot;IO&quot;:&quot;British Indian Ocean Territory&quot;,&quot;BN&quot;:&quot;Brunei Darussalam&quot;,&quot;BG&quot;:&quot;Bulgaria&quot;,&quot;BF&quot;:&quot;Burkina Faso&quot;,&quot;BI&quot;:&quot;Burundi&quot;,&quot;KH&quot;:&quot;Cambodia&quot;,&quot;CM&quot;:&quot;Cameroon&quot;,&quot;CA&quot;:&quot;Canada&quot;,&quot;KY&quot;:&quot;Cayman Islands&quot;,&quot;CF&quot;:&quot;Central African Republic&quot;,&quot;TD&quot;:&quot;Chad&quot;,&quot;CL&quot;:&quot;Chile&quot;,&quot;CN&quot;:&quot;China&quot;,&quot;CX&quot;:&quot;Christmas Island&quot;,&quot;CC&quot;:&quot;Cocos (Keeling) Islands&quot;,&quot;CO&quot;:&quot;Colombia&quot;,&quot;KM&quot;:&quot;Comoros&quot;,&quot;CG&quot;:&quot;Congo&quot;,&quot;CK&quot;:&quot;Cook Islands&quot;,&quot;CR&quot;:&quot;Costa Rica&quot;,&quot;CI&quot;:&quot;C\\u00f4te d&#039;Ivoire&quot;,&quot;HR&quot;:&quot;Croatia&quot;,&quot;CY&quot;:&quot;Cyprus&quot;,&quot;CZ&quot;:&quot;Czech Republic&quot;,&quot;DK&quot;:&quot;Denmark&quot;,&quot;DJ&quot;:&quot;Djibouti&quot;,&quot;DM&quot;:&quot;Dominica&quot;,&quot;DO&quot;:&quot;Dominican Republic&quot;,&quot;EC&quot;:&quot;Ecuador&quot;,&quot;EG&quot;:&quot;Egypt&quot;,&quot;SV&quot;:&quot;El Salvador&quot;,&quot;GQ&quot;:&quot;Equatorial Guinea&quot;,&quot;EE&quot;:&quot;Estonia&quot;,&quot;ET&quot;:&quot;Ethiopia&quot;,&quot;FK&quot;:&quot;Falkland Islands (Malvinas)&quot;,&quot;FO&quot;:&quot;Faroe Islands&quot;,&quot;FJ&quot;:&quot;Fiji&quot;,&quot;FI&quot;:&quot;Finland&quot;,&quot;FR&quot;:&quot;France&quot;,&quot;GF&quot;:&quot;French Guiana&quot;,&quot;PF&quot;:&quot;French Polynesia&quot;,&quot;TF&quot;:&quot;French Southern Territories&quot;,&quot;GA&quot;:&quot;Gabon&quot;,&quot;GM&quot;:&quot;Gambia&quot;,&quot;GE&quot;:&quot;Georgia&quot;,&quot;DE&quot;:&quot;Germany&quot;,&quot;GH&quot;:&quot;Ghana&quot;,&quot;GI&quot;:&quot;Gibraltar&quot;,&quot;GR&quot;:&quot;Greece&quot;,&quot;GL&quot;:&quot;Greenland&quot;,&quot;GD&quot;:&quot;Grenada&quot;,&quot;GP&quot;:&quot;Guadeloupe&quot;,&quot;GU&quot;:&quot;Guam&quot;,&quot;GT&quot;:&quot;Guatemala&quot;,&quot;GN&quot;:&quot;Guinea&quot;,&quot;GW&quot;:&quot;Guinea-Bissau&quot;,&quot;GY&quot;:&quot;Guyana&quot;,&quot;HT&quot;:&quot;Haiti&quot;,&quot;HM&quot;:&quot;Heard Island and McDonald Islands&quot;,&quot;VA&quot;:&quot;Holy See (Vatican City State)&quot;,&quot;HN&quot;:&quot;Honduras&quot;,&quot;HK&quot;:&quot;Hong Kong&quot;,&quot;HU&quot;:&quot;Hungary&quot;,&quot;IS&quot;:&quot;Iceland&quot;,&quot;IN&quot;:&quot;India&quot;,&quot;ID&quot;:&quot;Indonesia&quot;,&quot;IR&quot;:&quot;Iran&quot;,&quot;IQ&quot;:&quot;Iraq&quot;,&quot;IE&quot;:&quot;Ireland&quot;,&quot;IL&quot;:&quot;Israel&quot;,&quot;IT&quot;:&quot;Italy&quot;,&quot;JM&quot;:&quot;Jamaica&quot;,&quot;JP&quot;:&quot;Japan&quot;,&quot;JO&quot;:&quot;Jordan&quot;,&quot;KZ&quot;:&quot;Kazakhstan&quot;,&quot;KE&quot;:&quot;Kenya&quot;,&quot;KI&quot;:&quot;Kiribati&quot;,&quot;KP&quot;:&quot;North Korea&quot;,&quot;KR&quot;:&quot;South Korea&quot;,&quot;KW&quot;:&quot;Kuwait&quot;,&quot;KG&quot;:&quot;Kyrgyzstan&quot;,&quot;LA&quot;:&quot;Lao People&#039;s Democratic Republic&quot;,&quot;LV&quot;:&quot;Latvia&quot;,&quot;LB&quot;:&quot;Lebanon&quot;,&quot;LS&quot;:&quot;Lesotho&quot;,&quot;LR&quot;:&quot;Liberia&quot;,&quot;LY&quot;:&quot;Libyan Arab Jamahiriya&quot;,&quot;LI&quot;:&quot;Liechtenstein&quot;,&quot;LT&quot;:&quot;Lithuania&quot;,&quot;LU&quot;:&quot;Luxembourg&quot;,&quot;MO&quot;:&quot;Macao&quot;,&quot;MK&quot;:&quot;Macedonia&quot;,&quot;MG&quot;:&quot;Madagascar&quot;,&quot;MW&quot;:&quot;Malawi&quot;,&quot;MY&quot;:&quot;Malaysia&quot;,&quot;MV&quot;:&quot;Maldives&quot;,&quot;ML&quot;:&quot;Mali&quot;,&quot;MT&quot;:&quot;Malta&quot;,&quot;MH&quot;:&quot;Marshall Islands&quot;,&quot;MQ&quot;:&quot;Martinique&quot;,&quot;MR&quot;:&quot;Mauritania&quot;,&quot;MU&quot;:&quot;Mauritius&quot;,&quot;YT&quot;:&quot;Mayotte&quot;,&quot;MX&quot;:&quot;Mexico&quot;,&quot;FM&quot;:&quot;Micronesia&quot;,&quot;MD&quot;:&quot;Moldova&quot;,&quot;MC&quot;:&quot;Monaco&quot;,&quot;MN&quot;:&quot;Mongolia&quot;,&quot;ME&quot;:&quot;Montenegro&quot;,&quot;MS&quot;:&quot;Montserrat&quot;,&quot;MA&quot;:&quot;Morocco&quot;,&quot;MZ&quot;:&quot;Mozambique&quot;,&quot;MM&quot;:&quot;Myanmar&quot;,&quot;NA&quot;:&quot;Namibia&quot;,&quot;NR&quot;:&quot;Nauru&quot;,&quot;NP&quot;:&quot;Nepal&quot;,&quot;NL&quot;:&quot;Netherlands&quot;,&quot;AN&quot;:&quot;Netherlands Antilles&quot;,&quot;NC&quot;:&quot;New Caledonia&quot;,&quot;NZ&quot;:&quot;New Zealand&quot;,&quot;NI&quot;:&quot;Nicaragua&quot;,&quot;NE&quot;:&quot;Niger&quot;,&quot;NG&quot;:&quot;Nigeria&quot;,&quot;NU&quot;:&quot;Niue&quot;,&quot;NF&quot;:&quot;Norfolk Island&quot;,&quot;MP&quot;:&quot;Northern Mariana Islands&quot;,&quot;NO&quot;:&quot;Norway&quot;,&quot;OM&quot;:&quot;Oman&quot;,&quot;PK&quot;:&quot;Pakistan&quot;,&quot;PW&quot;:&quot;Palau&quot;,&quot;PS&quot;:&quot;Palestinian Territory&quot;,&quot;PA&quot;:&quot;Panama&quot;,&quot;PG&quot;:&quot;Papua New Guinea&quot;,&quot;PY&quot;:&quot;Paraguay&quot;,&quot;PE&quot;:&quot;Peru&quot;,&quot;PH&quot;:&quot;Philippines&quot;,&quot;PN&quot;:&quot;Pitcairn&quot;,&quot;PL&quot;:&quot;Poland&quot;,&quot;PT&quot;:&quot;Portugal&quot;,&quot;PR&quot;:&quot;Puerto Rico&quot;,&quot;QA&quot;:&quot;Qatar&quot;,&quot;RE&quot;:&quot;R\\u00e9union&quot;,&quot;RO&quot;:&quot;Romania&quot;,&quot;RU&quot;:&quot;Russian Federation&quot;,&quot;RW&quot;:&quot;Rwanda&quot;,&quot;WS&quot;:&quot;Samoa&quot;,&quot;SM&quot;:&quot;San Marino&quot;,&quot;ST&quot;:&quot;Sao Tome and Principe&quot;,&quot;SA&quot;:&quot;Saudi Arabia&quot;,&quot;SN&quot;:&quot;Senegal&quot;,&quot;RS&quot;:&quot;Serbia&quot;,&quot;SC&quot;:&quot;Seychelles&quot;,&quot;SL&quot;:&quot;Sierra Leone&quot;,&quot;SG&quot;:&quot;Singapore&quot;,&quot;SK&quot;:&quot;Slovakia&quot;,&quot;SI&quot;:&quot;Slovenia&quot;,&quot;SB&quot;:&quot;Solomon Islands&quot;,&quot;SO&quot;:&quot;Somalia&quot;,&quot;ZA&quot;:&quot;South Africa&quot;,&quot;GS&quot;:&quot;South Georgia and the South Sandwich Islands&quot;,&quot;ES&quot;:&quot;Spain&quot;,&quot;LK&quot;:&quot;Sri Lanka&quot;,&quot;SD&quot;:&quot;Sudan&quot;,&quot;SR&quot;:&quot;Suriname&quot;,&quot;SJ&quot;:&quot;Svalbard and Jan Mayen&quot;,&quot;SZ&quot;:&quot;Swaziland&quot;,&quot;SE&quot;:&quot;Sweden&quot;,&quot;CH&quot;:&quot;Switzerland&quot;,&quot;SY&quot;:&quot;Syrian Arab Republic&quot;,&quot;TW&quot;:&quot;Taiwan&quot;,&quot;TJ&quot;:&quot;Tajikistan&quot;,&quot;TZ&quot;:&quot;Tanzania&quot;,&quot;TH&quot;:&quot;Thailand&quot;,&quot;TL&quot;:&quot;Timor-Leste&quot;,&quot;TG&quot;:&quot;Togo&quot;,&quot;TK&quot;:&quot;Tokelau&quot;,&quot;TO&quot;:&quot;Tonga&quot;,&quot;TT&quot;:&quot;Trinidad and Tobago&quot;,&quot;TN&quot;:&quot;Tunisia&quot;,&quot;TR&quot;:&quot;Turkey&quot;,&quot;TM&quot;:&quot;Turkmenistan&quot;,&quot;TC&quot;:&quot;Turks and Caicos Islands&quot;,&quot;TV&quot;:&quot;Tuvalu&quot;,&quot;UG&quot;:&quot;Uganda&quot;,&quot;UA&quot;:&quot;Ukraine&quot;,&quot;AE&quot;:&quot;United Arab Emirates&quot;,&quot;GB&quot;:&quot;United Kingdom&quot;,&quot;US&quot;:&quot;United States&quot;,&quot;UM&quot;:&quot;United States Minor Outlying Islands&quot;,&quot;UY&quot;:&quot;Uruguay&quot;,&quot;UZ&quot;:&quot;Uzbekistan&quot;,&quot;VU&quot;:&quot;Vanuatu&quot;,&quot;VE&quot;:&quot;Venezuela&quot;,&quot;VN&quot;:&quot;Viet Nam&quot;,&quot;VG&quot;:&quot;Virgin Islands, British&quot;,&quot;VI&quot;:&quot;Virgin Islands, U.S.&quot;,&quot;WF&quot;:&quot;Wallis and Futuna&quot;,&quot;EH&quot;:&quot;Western Sahara&quot;,&quot;YE&quot;:&quot;Yemen&quot;,&quot;ZM&quot;:&quot;Zambia&quot;,&quot;ZW&quot;:&quot;Zimbabwe&quot;}\" :plans=\"{&quot;registration&quot;:[{&quot;pricePerYear&quot;:&quot;1950\\u20ac \\\/ 1 rok&quot;,&quot;price&quot;:&quot;1950\\u20ac&quot;,&quot;priceText&quot;:&quot; \\\/ 1 rok&quot;,&quot;duration&quot;:&quot;1 rok&quot;,&quot;name&quot;:&quot;Starter&quot;,&quot;isPopular&quot;:false,&quot;benefits&quot;:[]}],&quot;renewal&quot;:[{&quot;pricePerYear&quot;:&quot;1950\\u20ac \\\/ 1 rok&quot;,&quot;price&quot;:&quot;1950\\u20ac&quot;,&quot;priceText&quot;:&quot; \\\/ 1 rok&quot;,&quot;duration&quot;:&quot;1 rok&quot;,&quot;name&quot;:&quot;Eco&quot;,&quot;isPopular&quot;:&quot;&quot;,&quot;benefits&quot;:&quot;&quot;}],&quot;transfer&quot;:[{&quot;pricePerYear&quot;:&quot;1950\\u20ac \\\/ 1 rok&quot;,&quot;price&quot;:&quot;1950\\u20ac&quot;,&quot;priceText&quot;:&quot; \\\/ 1 rok&quot;,&quot;duration&quot;:&quot;1 rok&quot;,&quot;name&quot;:&quot;Eco&quot;,&quot;isPopular&quot;:&quot;&quot;,&quot;benefits&quot;:&quot;&quot;}]}\" lang=\"cs\" plan-bg=\"https:\/\/dev.lei.net\/wp-content\/themes\/leinumber\/assets\/images\/plan-bg.webp\" confirm-bg=\"https:\/\/dev.lei.net\/wp-content\/themes\/leinumber\/assets\/images\/confirm-bg.webp\"><\/select-plan-component>\n\n\n\n<div style=\"height:50px\" aria-hidden=\"true\" class=\"wp-block-spacer\"><\/div>\n\n\n\n<h2 class=\"wp-block-heading has-text-align-center font-axiforma\" style=\"font-size:45px;font-style:normal;font-weight:600\">FAQ<\/h2>\n\n\n\n<p class=\"has-text-align-center\">Klienti n\u00e1s \u010dasto ptaj\u00ed na n\u00e1sleduj\u00edc\u00ed ot\u00e1zky<\/p>\n\n\n\n<div style=\"height:50px\" aria-hidden=\"true\" class=\"wp-block-spacer\"><\/div>\n\n\n<faq-component data='[{&quot;_id&quot;:&quot;cf-lwX4XcZyn0HnNr4fDa7VT&quot;,&quot;_type&quot;:&quot;_&quot;,&quot;question&quot;:&quot;Co znamen\\u00e1 zkratka LEI?&quot;,&quot;answer&quot;:&quot;LEI je zkratkou pro Legal Entity Identifier (Identifik\\u00e1tor pr\\u00e1vnick\\u00fdch osob). Umo\\u017e\\u0148uje snadno identifikovat jak\\u00e9hokoli obchodn\\u00edho \\u00fa\\u010dastn\\u00edka finan\\u010dn\\u00ed transakce. Jedn\\u00e1 se o dvacetim\\u00edstnou kombinaci p\\u00edsmen a \\u010d\\u00edsel, kter\\u00e1 umo\\u017e\\u0148uje jednozna\\u010dnou identifikaci dr\\u017eitele.&quot;},{&quot;_id&quot;:&quot;cf-jpgmm4_StgydGRbtFxxdZ&quot;,&quot;_type&quot;:&quot;_&quot;,&quot;question&quot;:&quot;Kdo pot\\u0159ebuje LEI?&quot;,&quot;answer&quot;:&quot;LEI \\u010d\\u00edslo vy\\u017eaduje ka\\u017ed\\u00fd \\u00fa\\u010dastn\\u00edk finan\\u010dn\\u00ed transakce. Zejm\\u00e9na to zahrnuje:\\n\\n1.Spole\\u010dnosti, dce\\u0159in\\u00e9 spole\\u010dnosti a pobo\\u010dky\\n2.Neziskov\\u00e9 organizace\\n3.Nadace a fondy\\n4.Vl\\u00e1dn\\u00ed agentury a ve\\u0159ejn\\u00e9 instituce\\n5.\\u017divnostn\\u00edci&quot;},{&quot;_id&quot;:&quot;cf-ff9S3i_2JTJ9G_NSx0c6k&quot;,&quot;_type&quot;:&quot;_&quot;,&quot;question&quot;:&quot;Jak po\\u017e\\u00e1dat o LEI?&quot;,&quot;answer&quot;:&quot;Jako registrovan\\u00fd agent se postar\\u00e1me o z\\u00edsk\\u00e1n\\u00ed va\\u0161eho LEI. Sta\\u010d\\u00ed si vybrat bal\\u00ed\\u010dek, kter\\u00fd v\\u00e1m vyhovuje, vyplnit formul\\u00e1\\u0159 s informacemi pot\\u0159ebn\\u00fdmi pro \\u017e\\u00e1dost o LEI a zadat zp\\u016fsob platby. My za v\\u00e1s po\\u017e\\u00e1d\\u00e1me o LEI u na\\u0161\\u00ed spolupracuj\\u00edc\\u00ed LOU a po\\u0161leme v\\u00e1m LEI \\u010d\\u00edslo e-mailem b\\u011bhem n\\u011bkolika okam\\u017eik\\u016f.&quot;},{&quot;_id&quot;:&quot;cf-EoGn8TvIvfcnucKRoblx6&quot;,&quot;_type&quot;:&quot;_&quot;,&quot;question&quot;:&quot;Kdo m\\u016f\\u017ee po\\u017e\\u00e1dat o LEI?&quot;,&quot;answer&quot;:&quot;V z\\u00e1sad\\u011b m\\u016f\\u017ee o LEI po\\u017e\\u00e1dat pouze pr\\u00e1vnick\\u00e1 osoba, nikoli soukrom\\u00e1 osoba. O LEI mohou po\\u017e\\u00e1dat pouze ty osoby, kter\\u00e9 jsou opr\\u00e1vn\\u011bny prov\\u00e1d\\u011bt finan\\u010dn\\u00ed transakce jm\\u00e9nem spole\\u010dnosti podle z\\u00e1kona konkr\\u00e9tn\\u00ed zem\\u011b.&quot;},{&quot;_id&quot;:&quot;cf-IZ3FCr8Oaj2fRZnaSbkAk&quot;,&quot;_type&quot;:&quot;_&quot;,&quot;question&quot;:&quot;Jak\\u00e9 informace\\\/dokumenty jsou pot\\u0159ebn\\u00e9 k pod\\u00e1n\\u00ed \\u017e\\u00e1dosti o LEI?&quot;,&quot;answer&quot;:&quot;Ve v\\u011bt\\u0161in\\u011b p\\u0159\\u00edpad\\u016f je spole\\u010dnost registrov\\u00e1na u rejst\\u0159\\u00edkov\\u00e9ho soudu. Pokud to nen\\u00ed p\\u0159\\u00edpad, je vy\\u017eadov\\u00e1n registra\\u010dn\\u00ed dokument od da\\u0148ov\\u00e9ho \\u00fa\\u0159adu. Krom\\u011b toho jsou pot\\u0159ebn\\u00e9 informace, kter\\u00e9 po\\u017eadujeme ve formul\\u00e1\\u0159i, pro pod\\u00e1n\\u00ed \\u017e\\u00e1dosti.&quot;},{&quot;_id&quot;:&quot;cf-481e9rKQR3AOc2hLFrySt&quot;,&quot;_type&quot;:&quot;_&quot;,&quot;question&quot;:&quot;Co kdy\\u017e nem\\u016f\\u017eete poskytnout pot\\u0159ebn\\u00e9 informace?&quot;,&quot;answer&quot;:&quot;V tomto p\\u0159\\u00edpad\\u011b n\\u00e1s nev\\u00e1hejte kontaktovat telefonicky na \\u010d\\u00edsle 0(89) 614215110 nebo e-mailem na adrese info@fid.de. Na\\u0161i \\u010dlenov\\u00e9 podp\\u016frn\\u00e9ho t\\u00fdmu v\\u00e1m r\\u00e1di pomohou s procesem \\u017e\\u00e1dosti a zodpov\\u00ed obecn\\u00e9 ot\\u00e1zky t\\u00fdkaj\\u00edc\\u00ed se LEI.&quot;}]'><\/faq-component>\n","protected":false},"excerpt":{"rendered":"<p>FAQ Klienti n\u00e1s \u010dasto ptaj\u00ed na n\u00e1sleduj\u00edc\u00ed ot\u00e1zky<\/p>\n","protected":false},"author":1,"featured_media":0,"parent":0,"menu_order":0,"comment_status":"closed","ping_status":"closed","template":"","meta":{"footnotes":""},"class_list":["post-1013","page","type-page","status-publish","hentry"],"yoast_head":"<!-- This site is optimized with the Yoast SEO plugin v25.3.1 - https:\/\/yoast.com\/wordpress\/plugins\/seo\/ -->\n<title>Registrace - LEI.net<\/title>\n<meta name=\"robots\" content=\"noindex, follow, max-snippet:-1, max-image-preview:large, max-video-preview:-1\" \/>\n<meta property=\"og:locale\" content=\"cs_CZ\" \/>\n<meta property=\"og:type\" content=\"article\" \/>\n<meta property=\"og:title\" content=\"Registrace - LEI.net\" \/>\n<meta property=\"og:description\" content=\"FAQ Klienti n\u00e1s \u010dasto ptaj\u00ed na n\u00e1sleduj\u00edc\u00ed ot\u00e1zky\" \/>\n<meta property=\"og:url\" content=\"https:\/\/dev.lei.net\/cs\/registrace\/\" \/>\n<meta property=\"og:site_name\" content=\"LEI.net\" \/>\n<meta property=\"article:modified_time\" content=\"2024-03-15T13:50:05+00:00\" \/>\n<meta name=\"twitter:card\" content=\"summary_large_image\" \/>\n<meta name=\"twitter:label1\" content=\"Odhadovan\u00e1 doba \u010dten\u00ed\" \/>\n\t<meta name=\"twitter:data1\" content=\"1 minuta\" \/>\n<script type=\"application\/ld+json\" class=\"yoast-schema-graph\">{\"@context\":\"https:\/\/schema.org\",\"@graph\":[{\"@type\":\"WebPage\",\"@id\":\"https:\/\/dev.lei.net\/cs\/registrace\/\",\"url\":\"https:\/\/dev.lei.net\/cs\/registrace\/\",\"name\":\"Registrace - LEI.net\",\"isPartOf\":{\"@id\":\"https:\/\/dev.lei.net\/#website\"},\"datePublished\":\"2021-06-30T12:47:20+00:00\",\"dateModified\":\"2024-03-15T13:50:05+00:00\",\"breadcrumb\":{\"@id\":\"https:\/\/dev.lei.net\/cs\/registrace\/#breadcrumb\"},\"inLanguage\":\"cs\",\"potentialAction\":[{\"@type\":\"ReadAction\",\"target\":[\"https:\/\/dev.lei.net\/cs\/registrace\/\"]}]},{\"@type\":\"BreadcrumbList\",\"@id\":\"https:\/\/dev.lei.net\/cs\/registrace\/#breadcrumb\",\"itemListElement\":[{\"@type\":\"ListItem\",\"position\":1,\"name\":\"Startseite\",\"item\":\"https:\/\/dev.lei.net\/cs\/\"},{\"@type\":\"ListItem\",\"position\":2,\"name\":\"Registrace\"}]},{\"@type\":\"WebSite\",\"@id\":\"https:\/\/dev.lei.net\/#website\",\"url\":\"https:\/\/dev.lei.net\/\",\"name\":\"LEI.net\",\"description\":\"Official Legal Entity Identifier (LEI) Registrar\",\"publisher\":{\"@id\":\"https:\/\/dev.lei.net\/#organization\"},\"potentialAction\":[{\"@type\":\"SearchAction\",\"target\":{\"@type\":\"EntryPoint\",\"urlTemplate\":\"https:\/\/dev.lei.net\/?s={search_term_string}\"},\"query-input\":{\"@type\":\"PropertyValueSpecification\",\"valueRequired\":true,\"valueName\":\"search_term_string\"}}],\"inLanguage\":\"cs\"},{\"@type\":\"Organization\",\"@id\":\"https:\/\/dev.lei.net\/#organization\",\"name\":\"F.I.D.Firmeninformationsdienst GmbH\",\"url\":\"https:\/\/dev.lei.net\/\",\"logo\":{\"@type\":\"ImageObject\",\"inLanguage\":\"cs\",\"@id\":\"https:\/\/dev.lei.net\/#\/schema\/logo\/image\/\",\"url\":\"https:\/\/dev.lei.net\/wp-content\/uploads\/2021\/12\/color_vertical.jpg\",\"contentUrl\":\"https:\/\/dev.lei.net\/wp-content\/uploads\/2021\/12\/color_vertical.jpg\",\"width\":283,\"height\":283,\"caption\":\"F.I.D.Firmeninformationsdienst GmbH\"},\"image\":{\"@id\":\"https:\/\/dev.lei.net\/#\/schema\/logo\/image\/\"}}]}<\/script>\n<!-- \/ Yoast SEO plugin. -->","yoast_head_json":{"title":"Registrace - LEI.net","robots":{"index":"noindex","follow":"follow","max-snippet":"max-snippet:-1","max-image-preview":"max-image-preview:large","max-video-preview":"max-video-preview:-1"},"og_locale":"cs_CZ","og_type":"article","og_title":"Registrace - LEI.net","og_description":"FAQ Klienti n\u00e1s \u010dasto ptaj\u00ed na n\u00e1sleduj\u00edc\u00ed ot\u00e1zky","og_url":"https:\/\/dev.lei.net\/cs\/registrace\/","og_site_name":"LEI.net","article_modified_time":"2024-03-15T13:50:05+00:00","twitter_card":"summary_large_image","twitter_misc":{"Odhadovan\u00e1 doba \u010dten\u00ed":"1 minuta"},"schema":{"@context":"https:\/\/schema.org","@graph":[{"@type":"WebPage","@id":"https:\/\/dev.lei.net\/cs\/registrace\/","url":"https:\/\/dev.lei.net\/cs\/registrace\/","name":"Registrace - LEI.net","isPartOf":{"@id":"https:\/\/dev.lei.net\/#website"},"datePublished":"2021-06-30T12:47:20+00:00","dateModified":"2024-03-15T13:50:05+00:00","breadcrumb":{"@id":"https:\/\/dev.lei.net\/cs\/registrace\/#breadcrumb"},"inLanguage":"cs","potentialAction":[{"@type":"ReadAction","target":["https:\/\/dev.lei.net\/cs\/registrace\/"]}]},{"@type":"BreadcrumbList","@id":"https:\/\/dev.lei.net\/cs\/registrace\/#breadcrumb","itemListElement":[{"@type":"ListItem","position":1,"name":"Startseite","item":"https:\/\/dev.lei.net\/cs\/"},{"@type":"ListItem","position":2,"name":"Registrace"}]},{"@type":"WebSite","@id":"https:\/\/dev.lei.net\/#website","url":"https:\/\/dev.lei.net\/","name":"LEI.net","description":"Official Legal Entity Identifier (LEI) Registrar","publisher":{"@id":"https:\/\/dev.lei.net\/#organization"},"potentialAction":[{"@type":"SearchAction","target":{"@type":"EntryPoint","urlTemplate":"https:\/\/dev.lei.net\/?s={search_term_string}"},"query-input":{"@type":"PropertyValueSpecification","valueRequired":true,"valueName":"search_term_string"}}],"inLanguage":"cs"},{"@type":"Organization","@id":"https:\/\/dev.lei.net\/#organization","name":"F.I.D.Firmeninformationsdienst GmbH","url":"https:\/\/dev.lei.net\/","logo":{"@type":"ImageObject","inLanguage":"cs","@id":"https:\/\/dev.lei.net\/#\/schema\/logo\/image\/","url":"https:\/\/dev.lei.net\/wp-content\/uploads\/2021\/12\/color_vertical.jpg","contentUrl":"https:\/\/dev.lei.net\/wp-content\/uploads\/2021\/12\/color_vertical.jpg","width":283,"height":283,"caption":"F.I.D.Firmeninformationsdienst GmbH"},"image":{"@id":"https:\/\/dev.lei.net\/#\/schema\/logo\/image\/"}}]}},"_links":{"self":[{"href":"https:\/\/dev.lei.net\/cs\/wp-json\/wp\/v2\/pages\/1013","targetHints":{"allow":["GET"]}}],"collection":[{"href":"https:\/\/dev.lei.net\/cs\/wp-json\/wp\/v2\/pages"}],"about":[{"href":"https:\/\/dev.lei.net\/cs\/wp-json\/wp\/v2\/types\/page"}],"author":[{"embeddable":true,"href":"https:\/\/dev.lei.net\/cs\/wp-json\/wp\/v2\/users\/1"}],"replies":[{"embeddable":true,"href":"https:\/\/dev.lei.net\/cs\/wp-json\/wp\/v2\/comments?post=1013"}],"version-history":[{"count":4,"href":"https:\/\/dev.lei.net\/cs\/wp-json\/wp\/v2\/pages\/1013\/revisions"}],"predecessor-version":[{"id":5233,"href":"https:\/\/dev.lei.net\/cs\/wp-json\/wp\/v2\/pages\/1013\/revisions\/5233"}],"wp:attachment":[{"href":"https:\/\/dev.lei.net\/cs\/wp-json\/wp\/v2\/media?parent=1013"}],"curies":[{"name":"wp","href":"https:\/\/api.w.org\/{rel}","templated":true}]}}