{"id":1023,"date":"2021-06-25T11:26:54","date_gmt":"2021-06-25T10:26:54","guid":{"rendered":"https:\/\/dev.lei.net\/faq\/"},"modified":"2024-03-15T17:48:06","modified_gmt":"2024-03-15T16:48:06","slug":"faq","status":"publish","type":"page","link":"https:\/\/dev.lei.net\/cs\/faq\/","title":{"rendered":"FAQ"},"content":{"rendered":"  <div class=\"container px-4 xl:px-0\">\n    <div class=\"flex flex-wrap  mb-10 md:mb-16\">\n      <div class=\"w-full md:w-1\/2\">\n      <h1 class=\"font-axiforma text-[45px] md:text-[55px] text-center md:text-left\">\u010cASTO KLADEN\u00c9 DOTAZY<\/h1>\n              <p class=\"text-base md:text-xl font-light text-center md:text-left\">Klienti n\u00e1s \u010dasto kladou n\u00e1sleduj\u00edc\u00ed ot\u00e1zky<\/p>\n            <\/div>\n      <div class=\"w-full md:w-1\/2 flex justify-center mt-10 md:mt-0\">\n        <img loading=\"lazy\" decoding=\"async\" alt=\"\" src=\"https:\/\/dev.lei.net\/wp-content\/uploads\/2024\/01\/faq.svg\" width=\"590\" height=\"300\">      <\/div>\n    <\/div>\n  <\/div>\n\n\n<faq-component data='[{&quot;_id&quot;:&quot;cf-50Nl3FH2ydNW1g8XHf2e3&quot;,&quot;_type&quot;:&quot;_&quot;,&quot;question&quot;:&quot;Co je LEI?&quot;,&quot;answer&quot;:&quot;Zkratka LEI znamen\\u00e1 Legal Entity Identifier (identifik\\u00e1tor pr\\u00e1vnick\\u00e9 osoby). Jedn\\u00e1 se o dvacetim\\u00edstn\\u00e9 \\u010d\\u00edslo, kter\\u00e9 lze pou\\u017e\\u00edt k p\\u0159esn\\u00e9 identifikaci dr\\u017eitele. Toto jedine\\u010dn\\u00e9 p\\u0159i\\u0159azen\\u00ed pr\\u00e1vnick\\u00fdch osob vytv\\u00e1\\u0159\\u00ed v\\u011bt\\u0161\\u00ed transparentnost na mezin\\u00e1rodn\\u00edch finan\\u010dn\\u00edch trz\\u00edch.&quot;},{&quot;_id&quot;:&quot;cf-Jua8VigBnsboBhrGp6Cw0&quot;,&quot;_type&quot;:&quot;_&quot;,&quot;question&quot;:&quot;Co je to LOU?&quot;,&quot;answer&quot;:&quot;Zkratka LOU znamen\\u00e1 Local Operation Unit a ozna\\u010duje organizace, kter\\u00e9 vyd\\u00e1vaj\\u00ed \\u010d\\u00edsla LEI jm\\u00e9nem GLEIF.&quot;},{&quot;_id&quot;:&quot;cf-HpNTEQMXbCfU3pBjqE0vF&quot;,&quot;_type&quot;:&quot;_&quot;,&quot;question&quot;:&quot;Co znamen\\u00e1 GLEIF?&quot;,&quot;answer&quot;:&quot;Global Legal Entity Identifier Foundation, zkr\\u00e1cen\\u011b GLEIF, je nadn\\u00e1rodn\\u00ed nadace se s\\u00eddlem v Basileji, kterou v roce 2014 zalo\\u017eila Rada pro finan\\u010dn\\u00ed stabilitu. Hlavn\\u00edm \\u00fakolem GLEIF je vyd\\u00e1vat \\u010d\\u00edsla LEI subjekt\\u016fm LOU, kter\\u00e9 n\\u00e1sledn\\u011b vyd\\u00e1vaj\\u00ed \\u010d\\u00edsla LEI pr\\u00e1vnick\\u00fdm osob\\u00e1m.&quot;},{&quot;_id&quot;:&quot;cf-cOxOdZUnSbRztg60Jdxev&quot;,&quot;_type&quot;:&quot;_&quot;,&quot;question&quot;:&quot;Co znamen\\u00e1 GLEIS?&quot;,&quot;answer&quot;:&quot;Glob\\u00e1ln\\u00ed syst\\u00e9m LEI, zkr\\u00e1cen\\u011b GLEIS, je celosv\\u011btov\\u00e1 datab\\u00e1ze, v n\\u00ed\\u017e jsou uvedeny \\u00fadaje v\\u0161ech dr\\u017eitel\\u016f \\u010d\\u00edsla LEI. Do datab\\u00e1ze m\\u016f\\u017ee bezplatn\\u011b nahl\\u00ed\\u017eet kdokoli.&quot;},{&quot;_id&quot;:&quot;cf-dCv9mzmVzEVh8I3CIVp_l&quot;,&quot;_type&quot;:&quot;_&quot;,&quot;question&quot;:&quot;K jak\\u00fdm \\u00fa\\u010del\\u016fm pot\\u0159ebujete k\\u00f3d LEI?&quot;,&quot;answer&quot;:&quot;K\\u00f3d LEI umo\\u017e\\u0148uje identifikovat \\u00fa\\u010dastn\\u00edky finan\\u010dn\\u00edch transakc\\u00ed. To usnad\\u0148uje pln\\u011bn\\u00ed z\\u00e1konn\\u00fdch po\\u017eadavk\\u016f na pod\\u00e1v\\u00e1n\\u00ed zpr\\u00e1v a zabra\\u0148uje riziku zneu\\u017eit\\u00ed finan\\u010dn\\u00edch transakc\\u00ed.&quot;},{&quot;_id&quot;:&quot;cf-0j4zHyT0RzBALIkPzJ0jD&quot;,&quot;_type&quot;:&quot;_&quot;,&quot;question&quot;:&quot;Jak dlouho trv\\u00e1 schv\\u00e1len\\u00ed k\\u00f3du LEI?&quot;,&quot;answer&quot;:&quot;\\u010c\\u00edslo LEI se zpravidla vyd\\u00e1v\\u00e1 do 24 hodin po obdr\\u017een\\u00ed platby. Ke zpo\\u017ed\\u011bn\\u00ed m\\u016f\\u017ee doj\\u00edt z d\\u016fvodu nedostate\\u010dn\\u00fdch poskytnut\\u00fdch informac\\u00ed.&quot;},{&quot;_id&quot;:&quot;cf-kUscQF9lV1zAYQI0jb9l7&quot;,&quot;_type&quot;:&quot;_&quot;,&quot;question&quot;:&quot;Kdo pot\\u0159ebuje \\u010d\\u00edslo LEI?&quot;,&quot;answer&quot;:&quot;\\u010c\\u00edslo LEI je vy\\u017eadov\\u00e1no od v\\u0161ech \\u00fa\\u010dastn\\u00edk\\u016f finan\\u010dn\\u00edch transakc\\u00ed. T\\u00fdk\\u00e1 se to mj:\\n- korporace, jejich dce\\u0159in\\u00e9 spole\\u010dnosti a pobo\\u010dky\\n- nadace a fondy\\n- neziskov\\u00e9 organizace\\n- ve\\u0159ejn\\u00e9 instituce a org\\u00e1ny\\n- Jedin\\u00e9 vlastn\\u00edky&quot;},{&quot;_id&quot;:&quot;cf-5NMndnDQDPuDqdN8V0SOj&quot;,&quot;_type&quot;:&quot;_&quot;,&quot;question&quot;:&quot;Jak dlouho m\\u016f\\u017eete LEI pou\\u017e\\u00edvat?&quot;,&quot;answer&quot;:&quot;Po p\\u0159id\\u011blen\\u00ed \\u010d\\u00edsla LEI je jeho platnost zpo\\u010d\\u00e1tku jeden rok. Po uplynut\\u00ed tohoto roku mus\\u00ed b\\u00fdt k\\u00f3d LEI obnoven.&quot;},{&quot;_id&quot;:&quot;cf-fHAuvu_su4ASpDPYtbz8B&quot;,&quot;_type&quot;:&quot;_&quot;,&quot;question&quot;:&quot;Co se stane, kdy\\u017e platnost LEI vypr\\u0161\\u00ed?&quot;,&quot;answer&quot;:&quot;Pokud \\u010d\\u00edslo LEI ji\\u017e nen\\u00ed platn\\u00e9, nem\\u016f\\u017ee s n\\u00edm p\\u0159idru\\u017een\\u00e1 spole\\u010dnost prov\\u00e1d\\u011bt \\u017e\\u00e1dn\\u00e9 finan\\u010dn\\u00ed transakce. Pokud si nejste jisti, zda je va\\u0161e \\u010d\\u00edslo LEI st\\u00e1le platn\\u00e9, m\\u016f\\u017eete prov\\u00e9st dotaz. Pokud \\u010d\\u00edslo ji\\u017e nen\\u00ed platn\\u00e9, mus\\u00edte jej obnovit.&quot;},{&quot;_id&quot;:&quot;cf-Y5ek7wWCWUQCItL5Vsmn7&quot;,&quot;_type&quot;:&quot;_&quot;,&quot;question&quot;:&quot;Je mo\\u017en\\u00e9 po\\u017e\\u00e1dat o nov\\u00fd LEI?&quot;,&quot;answer&quot;:&quot;Po vyd\\u00e1n\\u00ed nebo obnoven\\u00ed k\\u00f3du LEI jej nelze zm\\u011bnit. Po uplynut\\u00ed jednoho roku je t\\u0159eba \\u010d\\u00edslo LEI obnovit. Prost\\u0159ednictv\\u00edm na\\u0161ich str\\u00e1nek m\\u016f\\u017eete po\\u017e\\u00e1dat o p\\u0159id\\u011blen\\u00ed \\u010d\\u00edsla LEI na n\\u011bkolik let. O obnoven\\u00ed se postar\\u00e1me v\\u010das.&quot;},{&quot;_id&quot;:&quot;cf-Jtp0v71nGc2VS3YH5rlXf&quot;,&quot;_type&quot;:&quot;_&quot;,&quot;question&quot;:&quot;Kde mohu z\\u00edskat LEI?&quot;,&quot;answer&quot;:&quot;O \\u010d\\u00edslo LEI lze po\\u017e\\u00e1dat online v LOU nebo u registra\\u010dn\\u00edho agenta. K tomu je t\\u0159eba vyplnit online formul\\u00e1\\u0159 a zvolit zp\\u016fsob platby. K\\u00f3d LEI obdr\\u017e\\u00edte do jedn\\u00e9 hodiny na zadan\\u00fd e-mail.&quot;},{&quot;_id&quot;:&quot;cf-FZKP3gkZf2DT2QABxFWZX&quot;,&quot;_type&quot;:&quot;_&quot;,&quot;question&quot;:&quot;Co znamenaj\\u00ed \\u010d\\u00edsla a p\\u00edsmena v k\\u00f3du LEI?&quot;,&quot;answer&quot;:&quot;K\\u00f3d Lei se skl\\u00e1d\\u00e1 z celkem 20 \\u010d\\u00edslic. Za\\u010d\\u00edn\\u00e1 v\\u017edy \\u010dty\\u0159mi \\u010d\\u00edslicemi, kter\\u00e9 umo\\u017e\\u0148uj\\u00ed identifikovat p\\u0159\\u00edslu\\u0161nou LOU. Za nimi n\\u00e1sleduj\\u00ed dv\\u011b nuly, kter\\u00e9 odd\\u011bluj\\u00ed k\\u00f3d LOU od ostatn\\u00edch. N\\u00e1sleduje \\u0159ada dvan\\u00e1cti \\u010d\\u00edsel a \\u010d\\u00edslic. To je vlastn\\u00ed identifikace dr\\u017eitele pr\\u00e1v. Nakonec n\\u00e1sleduje kontroln\\u00ed \\u010d\\u00edslice. Ta m\\u00e1 zabr\\u00e1nit tomu, aby bylo \\u010d\\u00edslo LEI v d\\u016fsledku nespr\\u00e1vn\\u00e9ho z\\u00e1pisu p\\u0159id\\u011bleno jin\\u00e9mu dr\\u017eiteli pr\\u00e1v.&quot;},{&quot;_id&quot;:&quot;cf-oWsrAtr61UKdX7JhFxx9k&quot;,&quot;_type&quot;:&quot;_&quot;,&quot;question&quot;:&quot;Jsou moje data ve\\u0159ejn\\u011b dostupn\\u00e1?&quot;,&quot;answer&quot;:&quot;Informace spojen\\u00e9 s LEI si m\\u016f\\u017ee prohl\\u00e9dnout kdokoli. Jsou ulo\\u017eeny v GLEIS, datab\\u00e1zi GLLEIF.&quot;},{&quot;_id&quot;:&quot;cf-fuhsQTJXzg3LWGHo9c2tM&quot;,&quot;_type&quot;:&quot;_&quot;,&quot;question&quot;:&quot;Jak\\u00e9 \\u00fadaje jsou ve\\u0159ejn\\u011b dostupn\\u00e9?&quot;,&quot;answer&quot;:&quot;Krom\\u011b n\\u00e1zvu pr\\u00e1vnick\\u00e9 osoby se zve\\u0159ej\\u0148uj\\u00ed tak\\u00e9 \\u00fadaje o pr\\u00e1vn\\u00edm s\\u00eddle a \\u00fast\\u0159ed\\u00ed p\\u0159idru\\u017een\\u00e9 spole\\u010dnosti a \\u00fadaje o \\u010d\\u00edsle LEI.&quot;},{&quot;_id&quot;:&quot;cf-dFvCy0aWesWWZJ3fSYqIp&quot;,&quot;_type&quot;:&quot;_&quot;,&quot;question&quot;:&quot;Jak\\u00e9 jsou v\\u00fdhody pou\\u017e\\u00edv\\u00e1n\\u00ed \\u010d\\u00edsla LEI?&quot;,&quot;answer&quot;:&quot;\\u010c\\u00edsla LEI sni\\u017euj\\u00ed riziko finan\\u010dn\\u00edch transakc\\u00ed na mezin\\u00e1rodn\\u00edm finan\\u010dn\\u00edm trhu, proto\\u017ee zv\\u00fd\\u0161en\\u00e1 transparentnost umo\\u017e\\u0148uje jednaj\\u00edc\\u00edm stran\\u00e1m informovat se o sv\\u00fdch (potenci\\u00e1ln\\u00edch) obchodn\\u00edch partnerech.\\nKrom\\u011b toho m\\u016f\\u017ee LEI usnadnit registraci z\\u00e1kazn\\u00edka, proto\\u017ee m\\u00edsto mno\\u017estv\\u00ed \\u00fadaj\\u016f je t\\u0159eba zadat pouze \\u010d\\u00edslo LEI. Banka tak m\\u00e1 k dispozici v\\u0161echny informace, kter\\u00e9 pot\\u0159ebuje ke zpracov\\u00e1n\\u00ed finan\\u010dn\\u00edch transakc\\u00ed.&quot;},{&quot;_id&quot;:&quot;cf-XJfHxejjc3WjsGG3ExhJu&quot;,&quot;_type&quot;:&quot;_&quot;,&quot;question&quot;:&quot;Jak obnovit LEI?&quot;,&quot;answer&quot;:&quot;\\u010c\\u00edslo LEI m\\u016f\\u017eete snadno obnovit na na\\u0161ich str\\u00e1nk\\u00e1ch vypln\\u011bn\\u00edm kr\\u00e1tk\\u00e9ho formul\\u00e1\\u0159e pro obnoven\\u00ed LEI. Je mo\\u017en\\u00e9 uzav\\u0159\\u00edt smlouvu na n\\u011bkolik let, tak\\u017ee a\\u017e v\\u00e1m vypr\\u0161\\u00ed platnost LEI, automaticky se postar\\u00e1me o jeho obnoven\\u00ed.&quot;},{&quot;_id&quot;:&quot;cf-2ctTNtrnCJaqfo55XKTxI&quot;,&quot;_type&quot;:&quot;_&quot;,&quot;question&quot;:&quot;Je mo\\u017en\\u00e9 p\\u0159en\\u00e9st LEI od jednoho poskytovatele slu\\u017eeb k jin\\u00e9mu?&quot;,&quot;answer&quot;:&quot;Pokud je va\\u0161e \\u010d\\u00edslo LEI ji\\u017e zaregistrov\\u00e1no u jin\\u00e9ho poskytovatele slu\\u017eeb, m\\u016f\\u017eete ho k n\\u00e1m bez probl\\u00e9m\\u016f p\\u0159en\\u00e9st. K tomu sta\\u010d\\u00ed pou\\u017e\\u00edt formul\\u00e1\\u0159 pro p\\u0159evod LEI na na\\u0161ich str\\u00e1nk\\u00e1ch.&quot;},{&quot;_id&quot;:&quot;cf-IxxpX4iPFL73Ae6DC0b8N&quot;,&quot;_type&quot;:&quot;_&quot;,&quot;question&quot;:&quot;Jak\\u00e9 dokumenty jsou nutn\\u00e9 k registraci nov\\u00e9ho \\u010d\\u00edsla LEI?&quot;,&quot;answer&quot;:&quot;Pokud je pr\\u00e1vnick\\u00e1 osoba zaps\\u00e1na v n\\u011bkter\\u00e9m z rejst\\u0159\\u00edk\\u016f, nap\\u0159\\u00edklad v obchodn\\u00edm rejst\\u0159\\u00edku, nen\\u00ed t\\u0159eba p\\u0159edkl\\u00e1dat \\u017e\\u00e1dn\\u00e9 dal\\u0161\\u00ed dokumenty.\\nN\\u011bkter\\u00e9 spole\\u010dnosti jsou p\\u0159\\u00edmo propojeny s mate\\u0159skou spole\\u010dnost\\u00ed. V takov\\u00e9m p\\u0159\\u00edpad\\u011b jsou vy\\u017eadov\\u00e1ny dokumenty prokazuj\\u00edc\\u00ed toto spojen\\u00ed. M\\u016f\\u017ee se jednat o ro\\u010dn\\u00ed \\u00fa\\u010detn\\u00ed z\\u00e1v\\u011brky nebo konsolidovan\\u00e9 \\u00fa\\u010detn\\u00ed z\\u00e1v\\u011brky. U spole\\u010dnost\\u00ed, kter\\u00e9 jsou zaps\\u00e1ny v obchodn\\u00edm rejst\\u0159\\u00edku, nejsou tyto dokumenty nutn\\u00e9.\\nSpole\\u010dnosti, kter\\u00e9 nejsou zaps\\u00e1ny v \\u017e\\u00e1dn\\u00e9m rejst\\u0159\\u00edku, mus\\u00ed existenci spole\\u010dnosti prok\\u00e1zat jin\\u00fdm zp\\u016fsobem. To lze prov\\u00e9st mimo jin\\u00e9 prost\\u0159ednictv\\u00edm stanov, obchodn\\u00edho rejst\\u0159\\u00edku nebo dohody spole\\u010dn\\u00edk\\u016f. To plat\\u00ed i pro \\u017eivnostn\\u00edky.\\nFondy prokazuj\\u00ed svou podnikatelskou \\u010dinnost nap\\u0159\\u00edklad prost\\u0159ednictv\\u00edm povolen\\u00ed k distribuci od BaFin.&quot;},{&quot;_id&quot;:&quot;cf-_73sczeo2QhzSenMnRrmS&quot;,&quot;_type&quot;:&quot;_&quot;,&quot;question&quot;:&quot;Cht\\u011bl bych po\\u017e\\u00e1dat o LEI pro investi\\u010dn\\u00ed aktivum. Co mus\\u00edm ud\\u011blat?&quot;,&quot;answer&quot;:&quot;P\\u0159i pod\\u00e1v\\u00e1n\\u00ed \\u017e\\u00e1dosti nezapome\\u0148te uv\\u00e9st spole\\u010dnost, kter\\u00e1 \\u010d\\u00edslo LEI spravuje. To nen\\u00ed nutn\\u00e9, pokud je majetek zaps\\u00e1n u rejst\\u0159\\u00edkov\\u00e9ho soudu. Pokud je investi\\u010dn\\u00ed majetek zaps\\u00e1n v rejst\\u0159\\u00edkov\\u00e9m soudu, je t\\u0159eba po\\u017e\\u00e1dat o p\\u0159id\\u011blen\\u00ed \\u010d\\u00edsla LEI pro danou instituci.&quot;},{&quot;_id&quot;:&quot;cf-gOrNGkbM1_ixXSZKOJUhb&quot;,&quot;_type&quot;:&quot;_&quot;,&quot;question&quot;:&quot;Lze pou\\u017e\\u00edt jeden LEI pro v\\u00edce spole\\u010dnost\\u00ed?&quot;,&quot;answer&quot;:&quot;Chcete-li po\\u017e\\u00e1dat o \\u010d\\u00edslo LEI pro v\\u00edce spole\\u010dnost\\u00ed, za\\u0161lete n\\u00e1m \\u00fadaje o t\\u011bchto spole\\u010dnostech (nejl\\u00e9pe v tabulce Excel). My se o \\u017e\\u00e1dost o \\u010d\\u00edsla LEI postar\\u00e1me. Za t\\u00edmto \\u00fa\\u010delem je nejlep\\u0161\\u00ed kontaktovat na\\u0161i podporu.&quot;},{&quot;_id&quot;:&quot;cf-j2QrVswUa4l4a4v3d_de7&quot;,&quot;_type&quot;:&quot;_&quot;,&quot;question&quot;:&quot;S\\u00eddlo m\\u00e9 spole\\u010dnosti je v zahrani\\u010d\\u00ed. Mohu zde p\\u0159esto po\\u017e\\u00e1dat o LEI?&quot;,&quot;answer&quot;:&quot;LEI je nez\\u00e1visl\\u00fd na st\\u00e1tn\\u00ed p\\u0159\\u00edslu\\u0161nosti. Prost\\u0159ednictv\\u00edm na\\u0161\\u00ed slu\\u017eby tedy m\\u016f\\u017eete o LEI po\\u017e\\u00e1dat kdykoli.&quot;},{&quot;_id&quot;:&quot;cf-Ne2Shw_Izaw68QST5KkBy&quot;,&quot;_type&quot;:&quot;_&quot;,&quot;question&quot;:&quot;Budou mi p\\u0159i registraci na t\\u00e9to str\\u00e1nce vznikat n\\u011bjak\\u00e9 n\\u00e1klady?&quot;,&quot;answer&quot;:&quot;Registrace na t\\u011bchto str\\u00e1nk\\u00e1ch je bezplatn\\u00e1 a nez\\u00e1vazn\\u00e1.&quot;},{&quot;_id&quot;:&quot;cf-aTcfCGBv0LnUSgQ2MtJhF&quot;,&quot;_type&quot;:&quot;_&quot;,&quot;question&quot;:&quot;Kolik stoj\\u00ed vyhled\\u00e1n\\u00ed a sta\\u017een\\u00ed informac\\u00ed o \\u010d\\u00edslech LEI?&quot;,&quot;answer&quot;:&quot;Tato slu\\u017eba je na na\\u0161ich str\\u00e1nk\\u00e1ch zdarma.&quot;},{&quot;_id&quot;:&quot;cf-rGRAZE48Rm1y0JFArMQ15&quot;,&quot;_type&quot;:&quot;_&quot;,&quot;question&quot;:&quot;Co m\\u00e1m d\\u011blat, kdy\\u017e nemohu ve vyhled\\u00e1v\\u00e1n\\u00ed naj\\u00edt sv\\u016fj k\\u00f3d LEI?&quot;,&quot;answer&quot;:&quot;P\\u0159i zad\\u00e1v\\u00e1n\\u00ed n\\u00e1zvu spole\\u010dnosti dbejte na spr\\u00e1vn\\u00fd pravopis. \\u010casto se pou\\u017e\\u00edvaj\\u00ed zkratky, i kdy\\u017e je n\\u00e1zev spole\\u010dnosti v obchodn\\u00edm rejst\\u0159\\u00edku zaps\\u00e1n cel\\u00fd.\\nPokud jste o \\u010d\\u00edslo LEI po\\u017e\\u00e1dali teprve ned\\u00e1vno, je mo\\u017en\\u00e9, \\u017ee je\\u0161t\\u011b nebylo p\\u0159id\\u011bleno. To m\\u016f\\u017ee trvat a\\u017e 24 hodin. Po\\u010dkejte je\\u0161t\\u011b n\\u011bkolik hodin a zkuste to znovu. Pokud spole\\u010dnost st\\u00e1le nem\\u016f\\u017eete naj\\u00edt, obra\\u0165te se na na\\u0161i podporu.&quot;},{&quot;_id&quot;:&quot;cf-cvS7F1MkaniTXat5ZO0BC&quot;,&quot;_type&quot;:&quot;_&quot;,&quot;question&quot;:&quot;Co znamen\\u00e1 norma ISO 17442?&quot;,&quot;answer&quot;:&quot;V t\\u00e9to norm\\u011b Mezin\\u00e1rodn\\u00ed organizace pro normalizaci definovala \\u00fadaje, podle kter\\u00fdch lze jednozna\\u010dn\\u011b identifikovat pr\\u00e1vnick\\u00e9 osoby. Jeliko\\u017e se jedn\\u00e1 o celosv\\u011btov\\u011b platnou normu, neobsahuje ISO 17442 k\\u00f3d zem\\u011b. Ka\\u017ed\\u00fd pr\\u00e1vn\\u00ed subjekt tak m\\u016f\\u017ee b\\u00fdt jednozna\\u010dn\\u011b identifikov\\u00e1n a \\u00fadaje jsou zdarma k dispozici v\\u0161em z\\u00e1jemc\\u016fm.\\nNorma ISO 17442 obsahuje n\\u00e1sleduj\\u00edc\\u00ed informace:\\n- N\\u00e1zev vlastn\\u00edka, jak je uveden v obchodn\\u00edm rejst\\u0159\\u00edku nebo v jin\\u00fdch rejst\\u0159\\u00edc\\u00edch.\\n- adresu\\n- zemi, ve kter\\u00e9 byla spole\\u010dnost zalo\\u017eena\\n- datum p\\u0159id\\u011blen\\u00ed LEI\\n- K\\u00f3d pro reprezentaci n\\u00e1zv\\u016f zem\\u00ed.&quot;},{&quot;_id&quot;:&quot;cf-7wY7XZz_mEtLX0P_SkFfF&quot;,&quot;_type&quot;:&quot;_&quot;,&quot;question&quot;:&quot;Co jsou data \\u00farovn\\u011b 2?&quot;,&quot;answer&quot;:&quot;\\u00dadaje 1. \\u00farovn\\u011b poskytuj\\u00ed informace o dr\\u017eiteli pr\\u00e1v.\\nPokud se jedn\\u00e1 o dce\\u0159inou spole\\u010dnost, je t\\u0159eba zmapovat z\\u00e1vislosti na mate\\u0159sk\\u00e9 spole\\u010dnosti. Tyto informace jsou obsa\\u017eeny v \\u00fadaj\\u00edch \\u00farovn\\u011b 2. \\u00dadaje \\u00farovn\\u011b 2 je t\\u0159eba poskytnout pouze v p\\u0159\\u00edpad\\u011b, \\u017ee mate\\u0159sk\\u00e1 spole\\u010dnost konsoliduje \\u00fa\\u010detn\\u00ed z\\u00e1v\\u011brku dce\\u0159in\\u00e9 spole\\u010dnosti. P\\u0159i zad\\u00e1v\\u00e1n\\u00ed \\u00fadaj\\u016f je t\\u0159eba p\\u0159edlo\\u017eit posledn\\u00ed konsolidovanou \\u00fa\\u010detn\\u00ed z\\u00e1v\\u011brku mate\\u0159sk\\u00e9 spole\\u010dnosti.&quot;}]'><\/faq-component>\n\n\n\n<div style=\"height:100px\" aria-hidden=\"true\" class=\"wp-block-spacer\"><\/div>\n","protected":false},"excerpt":{"rendered":"","protected":false},"author":1,"featured_media":0,"parent":0,"menu_order":0,"comment_status":"closed","ping_status":"closed","template":"","meta":{"footnotes":""},"class_list":["post-1023","page","type-page","status-publish","hentry"],"yoast_head":"<!-- This site is optimized with the Yoast SEO plugin v25.3.1 - https:\/\/yoast.com\/wordpress\/plugins\/seo\/ -->\n<title>FAQ - LEI.net<\/title>\n<meta name=\"robots\" content=\"noindex, follow, max-snippet:-1, max-image-preview:large, max-video-preview:-1\" \/>\n<meta property=\"og:locale\" content=\"cs_CZ\" \/>\n<meta property=\"og:type\" content=\"article\" \/>\n<meta property=\"og:title\" content=\"FAQ - LEI.net\" \/>\n<meta property=\"og:url\" content=\"https:\/\/dev.lei.net\/cs\/faq\/\" \/>\n<meta property=\"og:site_name\" content=\"LEI.net\" \/>\n<meta property=\"article:modified_time\" content=\"2024-03-15T16:48:06+00:00\" \/>\n<meta name=\"twitter:card\" content=\"summary_large_image\" \/>\n<script type=\"application\/ld+json\" class=\"yoast-schema-graph\">{\"@context\":\"https:\/\/schema.org\",\"@graph\":[{\"@type\":\"WebPage\",\"@id\":\"https:\/\/dev.lei.net\/cs\/faq\/\",\"url\":\"https:\/\/dev.lei.net\/cs\/faq\/\",\"name\":\"FAQ - LEI.net\",\"isPartOf\":{\"@id\":\"https:\/\/dev.lei.net\/#website\"},\"datePublished\":\"2021-06-25T10:26:54+00:00\",\"dateModified\":\"2024-03-15T16:48:06+00:00\",\"breadcrumb\":{\"@id\":\"https:\/\/dev.lei.net\/cs\/faq\/#breadcrumb\"},\"inLanguage\":\"cs\",\"potentialAction\":[{\"@type\":\"ReadAction\",\"target\":[\"https:\/\/dev.lei.net\/cs\/faq\/\"]}]},{\"@type\":\"BreadcrumbList\",\"@id\":\"https:\/\/dev.lei.net\/cs\/faq\/#breadcrumb\",\"itemListElement\":[{\"@type\":\"ListItem\",\"position\":1,\"name\":\"Startseite\",\"item\":\"https:\/\/dev.lei.net\/cs\/\"},{\"@type\":\"ListItem\",\"position\":2,\"name\":\"FAQ\"}]},{\"@type\":\"WebSite\",\"@id\":\"https:\/\/dev.lei.net\/#website\",\"url\":\"https:\/\/dev.lei.net\/\",\"name\":\"LEI.net\",\"description\":\"Official Legal Entity Identifier (LEI) Registrar\",\"publisher\":{\"@id\":\"https:\/\/dev.lei.net\/#organization\"},\"potentialAction\":[{\"@type\":\"SearchAction\",\"target\":{\"@type\":\"EntryPoint\",\"urlTemplate\":\"https:\/\/dev.lei.net\/?s={search_term_string}\"},\"query-input\":{\"@type\":\"PropertyValueSpecification\",\"valueRequired\":true,\"valueName\":\"search_term_string\"}}],\"inLanguage\":\"cs\"},{\"@type\":\"Organization\",\"@id\":\"https:\/\/dev.lei.net\/#organization\",\"name\":\"F.I.D.Firmeninformationsdienst GmbH\",\"url\":\"https:\/\/dev.lei.net\/\",\"logo\":{\"@type\":\"ImageObject\",\"inLanguage\":\"cs\",\"@id\":\"https:\/\/dev.lei.net\/#\/schema\/logo\/image\/\",\"url\":\"https:\/\/dev.lei.net\/wp-content\/uploads\/2021\/12\/color_vertical.jpg\",\"contentUrl\":\"https:\/\/dev.lei.net\/wp-content\/uploads\/2021\/12\/color_vertical.jpg\",\"width\":283,\"height\":283,\"caption\":\"F.I.D.Firmeninformationsdienst GmbH\"},\"image\":{\"@id\":\"https:\/\/dev.lei.net\/#\/schema\/logo\/image\/\"}}]}<\/script>\n<!-- \/ Yoast SEO plugin. -->","yoast_head_json":{"title":"FAQ - LEI.net","robots":{"index":"noindex","follow":"follow","max-snippet":"max-snippet:-1","max-image-preview":"max-image-preview:large","max-video-preview":"max-video-preview:-1"},"og_locale":"cs_CZ","og_type":"article","og_title":"FAQ - LEI.net","og_url":"https:\/\/dev.lei.net\/cs\/faq\/","og_site_name":"LEI.net","article_modified_time":"2024-03-15T16:48:06+00:00","twitter_card":"summary_large_image","schema":{"@context":"https:\/\/schema.org","@graph":[{"@type":"WebPage","@id":"https:\/\/dev.lei.net\/cs\/faq\/","url":"https:\/\/dev.lei.net\/cs\/faq\/","name":"FAQ - LEI.net","isPartOf":{"@id":"https:\/\/dev.lei.net\/#website"},"datePublished":"2021-06-25T10:26:54+00:00","dateModified":"2024-03-15T16:48:06+00:00","breadcrumb":{"@id":"https:\/\/dev.lei.net\/cs\/faq\/#breadcrumb"},"inLanguage":"cs","potentialAction":[{"@type":"ReadAction","target":["https:\/\/dev.lei.net\/cs\/faq\/"]}]},{"@type":"BreadcrumbList","@id":"https:\/\/dev.lei.net\/cs\/faq\/#breadcrumb","itemListElement":[{"@type":"ListItem","position":1,"name":"Startseite","item":"https:\/\/dev.lei.net\/cs\/"},{"@type":"ListItem","position":2,"name":"FAQ"}]},{"@type":"WebSite","@id":"https:\/\/dev.lei.net\/#website","url":"https:\/\/dev.lei.net\/","name":"LEI.net","description":"Official Legal Entity Identifier (LEI) Registrar","publisher":{"@id":"https:\/\/dev.lei.net\/#organization"},"potentialAction":[{"@type":"SearchAction","target":{"@type":"EntryPoint","urlTemplate":"https:\/\/dev.lei.net\/?s={search_term_string}"},"query-input":{"@type":"PropertyValueSpecification","valueRequired":true,"valueName":"search_term_string"}}],"inLanguage":"cs"},{"@type":"Organization","@id":"https:\/\/dev.lei.net\/#organization","name":"F.I.D.Firmeninformationsdienst GmbH","url":"https:\/\/dev.lei.net\/","logo":{"@type":"ImageObject","inLanguage":"cs","@id":"https:\/\/dev.lei.net\/#\/schema\/logo\/image\/","url":"https:\/\/dev.lei.net\/wp-content\/uploads\/2021\/12\/color_vertical.jpg","contentUrl":"https:\/\/dev.lei.net\/wp-content\/uploads\/2021\/12\/color_vertical.jpg","width":283,"height":283,"caption":"F.I.D.Firmeninformationsdienst GmbH"},"image":{"@id":"https:\/\/dev.lei.net\/#\/schema\/logo\/image\/"}}]}},"_links":{"self":[{"href":"https:\/\/dev.lei.net\/cs\/wp-json\/wp\/v2\/pages\/1023","targetHints":{"allow":["GET"]}}],"collection":[{"href":"https:\/\/dev.lei.net\/cs\/wp-json\/wp\/v2\/pages"}],"about":[{"href":"https:\/\/dev.lei.net\/cs\/wp-json\/wp\/v2\/types\/page"}],"author":[{"embeddable":true,"href":"https:\/\/dev.lei.net\/cs\/wp-json\/wp\/v2\/users\/1"}],"replies":[{"embeddable":true,"href":"https:\/\/dev.lei.net\/cs\/wp-json\/wp\/v2\/comments?post=1023"}],"version-history":[{"count":6,"href":"https:\/\/dev.lei.net\/cs\/wp-json\/wp\/v2\/pages\/1023\/revisions"}],"predecessor-version":[{"id":5379,"href":"https:\/\/dev.lei.net\/cs\/wp-json\/wp\/v2\/pages\/1023\/revisions\/5379"}],"wp:attachment":[{"href":"https:\/\/dev.lei.net\/cs\/wp-json\/wp\/v2\/media?parent=1023"}],"curies":[{"name":"wp","href":"https:\/\/api.w.org\/{rel}","templated":true}]}}