{"id":1106,"date":"2021-06-22T13:02:25","date_gmt":"2021-06-22T12:02:25","guid":{"rendered":"https:\/\/dev.lei.net\/terms-and-conditions\/"},"modified":"2024-03-14T10:31:18","modified_gmt":"2024-03-14T09:31:18","slug":"tingimused","status":"publish","type":"page","link":"https:\/\/dev.lei.net\/et\/tingimused\/","title":{"rendered":"Tingimused"},"content":{"rendered":"\n<div class=\"wp-block-columns is-layout-flex wp-container-core-columns-is-layout-9d6595d7 wp-block-columns-is-layout-flex\">\n<div class=\"wp-block-column is-layout-flow wp-block-column-is-layout-flow\">\n<h1 class=\"wp-block-heading has-text-align-center font-axiforma\" style=\"font-size:45px;font-style:normal;font-weight:600\"><strong>Tingimused<\/strong> \u00a0<\/h1>\n\n\n\n<p>LEI teenust pakub F.I.D.Firmeninformationsdienst GmbH (LEI number 98450069D77R7698B317). LEI.net on LEI registreerimisagent. F.I.D.Firmeninformationsdienst GmbH tegutseb kaubam\u00e4rgi LEI.net\u2122 all.<\/p>\n\n\n\n<div style=\"height:50px\" aria-hidden=\"true\" class=\"wp-block-spacer\"><\/div>\n\n\n\n<h3 class=\"wp-block-heading has-text-align-center font-axiforma\" style=\"font-size:20px;font-style:normal;font-weight:600\">1. Uus LEI, LEI uuendamise v\u00f5i \u00fclekandmise protsess\u00a0<\/h3>\n\n\n<section class=\"bordered-section border-t border-b border-lightgray px-2 md:px-12 py-8 mt-8 mb-8\">\n    \n<div class=\"numbered-paragraph flex gap-7 md:gap-14 mb-6\">\n    <span class=\"break-normal text-black\">1.1<\/span>\n    <div>\n        <p class=\"!pb-0\">LEI numbri taotlemiseks \/ olemasoleva numbri uuendamiseks v\u00f5i meie hallatava LEI numbri \u00fclekandmiseks t\u00e4itke vastav taotlusvorm, esitage oma andmed ja tasuge teenuse eest krediitkaardi, PayPali v\u00f5i panga\u00fclekandega.<\/p>\n            <\/div>\n<\/div>\n<\/section>\n\n<section class=\"bordered-section border-t border-b border-lightgray px-2 md:px-12 py-8 mt-8 mb-8\">\n    \n<div class=\"numbered-paragraph flex gap-7 md:gap-14 mb-6\">\n    <span class=\"break-normal text-black\">1.2<\/span>\n    <div>\n        <p class=\"!pb-0\">Taotleja n\u00f5ustub, et vormi esitades aktsepteerib ta LEI.net\u2122 tingimusi. Taotleja kinnitab, et tal on t\u00e4ielik \u00f5igus taotleda LEI-numbrit juriidilise isiku nimel. Taotleja kinnitab, et esitatud andmed on \u00f5iged ja et ta on teadlik sellest, et tema kontaktandmeid v\u00f5ib jagada LOU-ga (Local Operating Unit).<\/p>\n            <\/div>\n<\/div>\n<\/section>\n\n<section class=\"bordered-section border-t border-b border-lightgray px-2 md:px-12 py-8 mt-8 mb-8\">\n    \n<div class=\"numbered-paragraph flex gap-7 md:gap-14 mb-6\">\n    <span class=\"break-normal text-black\">1.3<\/span>\n    <div>\n        <p class=\"!pb-0\">Uus LEI taotleja annab LEI.net\u2122-le k\u00f5ik \u00f5igused LEI koodi taotlemiseks juriidilise isiku nimel. LEI uuendamise taotleja annab LEI.net\u2122-le k\u00f5ik \u00f5igused LEI koodi uuendamiseks juriidilise isiku nimel. LEI \u00fclekandmise taotleja annab loa LEI \u00fclekandmiseks meie haldusalas.\u202fLEI \u00fclekandmise taotleja on teadlik, et LEI \u00fclekandmine toob\/v\u00f5ib tuua kaasa LOU muutuse.<\/p>\n        \n<div class=\"numbered-paragraph flex gap-4 md:gap-8 mb-6\">\n    <span class=\"break-normal text-black\">1.3.1<\/span>\n    <p class=\"!pb-0\">Taotleja on teadlik ja n\u00f5ustub andma LEI.net\u2122-le k\u00f5ik \u00f5igused valitud LOU-lepingu tingimuste allkirjastamiseks. N\u00e4iteks RapidLEI teenusetingimused on leitavad veebilehelt https:\/\/www.lei.net.\u202fLOUde teenusetingimused on v\u00e4ga sarnased, kuna nad k\u00f5ik j\u00e4rgivad GLEIFi suuniseid.<\/p>\n<\/div>\n    <\/div>\n<\/div>\n<\/section>\n\n<section class=\"bordered-section border-t border-b border-lightgray px-2 md:px-12 py-8 mt-8 mb-8\">\n    \n<div class=\"numbered-paragraph flex gap-7 md:gap-14 mb-6\">\n    <span class=\"break-normal text-black\">1.4<\/span>\n    <div>\n        <p class=\"!pb-0\">LEI.net\u2122 alustab LEI registreerimisprotsessi kohe p\u00e4rast seda, kui klient on teinud makse. Taotleja on teadlik, et temaga v\u00f5idakse \u00fchendust v\u00f5tta, et esitada volituskiri (volikiri) v\u00f5i m\u00f5ni muu t\u00f5end selle kohta, et taotleja on volitatud juriidilise isiku nimel LEI-d taotlema. Taotleja on teadlik, et kui temalt k\u00fcsitakse ja ta ei esita sellist volitust, ei saa LEI.net\u2122 taotlust j\u00e4tkata. Kui taotleja ei esita selliseid dokumente, j\u00e4tab LEI.net\u2122 endale \u00f5iguse mitte anda tagasimakseid.<\/p>\n            <\/div>\n<\/div>\n<\/section>\n\n<section class=\"bordered-section border-t border-b border-lightgray px-2 md:px-12 py-8 mt-8 mb-8\">\n    \n<div class=\"numbered-paragraph flex gap-7 md:gap-14 mb-6\">\n    <span class=\"break-normal text-black\">1.5<\/span>\n    <div>\n        <p class=\"!pb-0\">LEI.net\u2122 v\u00f5ib samuti v\u00f5tta kliendiga \u00fchendust, et esitada juriidilise isiku registreerimist t\u00f5endavad lisadokumendid v\u00f5i dokumendid, mis t\u00f5endavad juriidilist isikut esindama volitatud isiku(te) olemasolu. Taotleja on teadlik, et kui ta seda n\u00f5uab ja selliseid dokumente ei esitata, ei saa LEI.net\u2122 taotlust menetleda. Kui taotleja ei esita selliseid dokumente, j\u00e4tab LEI.net\u2122 endale \u00f5iguse mitte anda tagasimakseid.<\/p>\n        \n\n<p><\/p>\n\n    <\/div>\n<\/div>\n<\/section>\n\n<section class=\"bordered-section border-t border-b border-lightgray px-2 md:px-12 py-8 mt-8 mb-8\">\n    \n<div class=\"numbered-paragraph flex gap-7 md:gap-14 mb-6\">\n    <span class=\"break-normal text-black\">1.6<\/span>\n    <div>\n        <p class=\"!pb-0\">LEI-kood edastatakse niipea kui v\u00f5imalik p\u00e4rast makse sooritamist. Enamasti antakse LEI-kood v\u00e4hem kui 24 tunni jooksul. M\u00f5nel harvemal juhul v\u00f5ib see siiski v\u00f5tta kuni terve n\u00e4dala. LEI uuendamise v\u00f5i \u00fclekandmise protsess v\u00f5ib v\u00f5tta kuni 7 p\u00e4eva.\u202fKui LEI-kood on v\u00e4ljastatud v\u00f5i uuendatud, saadetakse taotleja esitatud e-posti aadressile e-kiri koos arvega.<\/p>\n            <\/div>\n<\/div>\n<\/section>\n\n<section class=\"bordered-section border-t border-b border-lightgray px-2 md:px-12 py-8 mt-8 mb-8\">\n    \n<div class=\"numbered-paragraph flex gap-7 md:gap-14 mb-6\">\n    <span class=\"break-normal text-black\">1.7<\/span>\n    <div>\n        <p class=\"!pb-0\">Taotleja on teadlik ja n\u00f5ustub, et taotlus loetakse l\u00f5plikuks p\u00e4rast andmete esitamist ja makse sooritamist. Kui klient on esitanud taotluse uue LEI saamiseks v\u00f5i tellinud LEI uuendamise v\u00f5i \u00fclekandmise ja klient on n\u00f5ustunud tingimustega, loetakse taotlus l\u00f5plikuks ja kliendil ei ole v\u00f5imalik taotlust tagasi v\u00f5tta. Kui taotleja on esitanud piisavalt teavet LEI andmiseks, ei saa protsessi peatada ja LEI v\u00e4ljastatakse.<\/p>\n            <\/div>\n<\/div>\n<\/section>\n\n\n<h3 class=\"wp-block-heading has-text-align-center font-axiforma\" style=\"font-size:20px;font-style:normal;font-weight:600\">2.\u202f Mitmeaastased lepingud<\/h3>\n\n\n\n<p>Klientide mugavuse huvides pakub LEI.net\u2122 v\u00f5imalust maksta pikendamistasu ette kuni 5 aastaks.<\/p>\n\n\n<section class=\"bordered-section border-t border-b border-lightgray px-2 md:px-12 py-8 mt-8 mb-8\">\n    \n<div class=\"numbered-paragraph flex gap-7 md:gap-14 mb-6\">\n    <span class=\"break-normal text-black\">2.1<\/span>\n    <div>\n        <p class=\"!pb-0\">Kui klient on ostnud LEI uuendamise teenuse mitmeks aastaks, katab LEI.net\u2122 ostetud perioodi uuendamise kulud ja uuendab ettev\u00f5tte andmeid GLEIF (Global Legal Entity Identifier Foundation) andmebaasis igal aastal avalikes \u00e4riregistrites esitatud andmete alusel. Klient n\u00f5ustub, et juriidilise isiku andmed parandatakse automaatselt vastavalt ametlikele juriidilise isiku registreerimisdokumentidele, kui need on muutunud v\u00f5rreldes eelmiste andmekirjetega GLEIFi andmebaasis.<\/p>\n            <\/div>\n<\/div>\n<\/section>\n\n<section class=\"bordered-section border-t border-b border-lightgray px-2 md:px-12 py-8 mt-8 mb-8\">\n    \n<div class=\"numbered-paragraph flex gap-7 md:gap-14 mb-6\">\n    <span class=\"break-normal text-black\">2.2<\/span>\n    <div>\n        <p class=\"!pb-0\">Klient n\u00f5ustub teavitama LEI.net\u2122-i juhul, kui on toimunud muutus andmetes, mida ei ole v\u00f5imalik valideerida avalikest \u00e4riregistritest (nt 2. taseme andmed, mis on m\u00f5eldud emaettev\u00f5tte v\u00f5i l\u00f5pliku emaettev\u00f5tte valideerimiseks).\u202f\u202fLEI.net\u2122 muudab andmeid vastavalt asjaomase LOU kaudu.<\/p>\n            <\/div>\n<\/div>\n<\/section>\n\n<section class=\"bordered-section border-t border-b border-lightgray px-2 md:px-12 py-8 mt-8 mb-8\">\n    \n<div class=\"numbered-paragraph flex gap-7 md:gap-14 mb-6\">\n    <span class=\"break-normal text-black\">2.3<\/span>\n    <div>\n        <p class=\"!pb-0\">Kui allakirjutamisasutus on automaatse uuendamisperioodi jooksul muutunud, palub LEI.net\u2122 esitada uue volituskirja asjakohaselt allakirjutamisasutuselt. Kui klient ei esita asjaomase isiku allkirjastatud volituskirja, ei saa LEI.net\u2122 j\u00e4tkata automaatset uuendamist. LEI uuendatakse, kui klient esitab ettev\u00f5tte seadusliku esindaja poolt koostatud volituskirja v\u00f5i suudab t\u00f5endada, et ta on volitatud volituslehte allkirjastama.<\/p>\n            <\/div>\n<\/div>\n<\/section>\n\n<section class=\"bordered-section border-t border-b border-lightgray px-2 md:px-12 py-8 mt-8 mb-8\">\n    \n<div class=\"numbered-paragraph flex gap-7 md:gap-14 mb-6\">\n    <span class=\"break-normal text-black\">2.4<\/span>\n    <div>\n        <p class=\"!pb-0\">Kui volituskirja ei esitata 60 p\u00e4eva jooksul, on LEI.net\u2122-il \u00f5igus mitmeaastane leping t\u00fchistada ja tagasimakseid ei tehta.<\/p>\n        \n\n<p><\/p>\n\n    <\/div>\n<\/div>\n<\/section>\n\n<section class=\"bordered-section border-t border-b border-lightgray px-2 md:px-12 py-8 mt-8 mb-8\">\n    \n<div class=\"numbered-paragraph flex gap-7 md:gap-14 mb-6\">\n    <span class=\"break-normal text-black\">2.5<\/span>\n    <div>\n        <p class=\"!pb-0\">Kui klient tellib oma LEI jaoks mitmeaastase uuendamise (nt 5-aastane LEI) ja avastab hiljem, et ta ei vaja enam aktiivset LEI-d v\u00f5i soovib oma LEI-d \u00fcle kanda teisele LEI teenusepakkujale, siis on \u00fclekandmine v\u00f5imalik, kuid mitmeaastane leping t\u00fchistatakse automaatselt ja kliendil ei ole \u00f5igust raha tagasi saada.<\/p>\n            <\/div>\n<\/div>\n<\/section>\n\n<section class=\"bordered-section border-t border-b border-lightgray px-2 md:px-12 py-8 mt-8 mb-8\">\n    \n<div class=\"numbered-paragraph flex gap-7 md:gap-14 mb-6\">\n    <span class=\"break-normal text-black\">2.6<\/span>\n    <div>\n        <p class=\"!pb-0\">S\u00f5ltumata sellest, kas klient on ostnud uuendusteenuse mitmeks aastaks (2-5), uuendatakse LEI andmeid igal aastal. Seega on GLEIFi andmebaasis olev &quot;J\u00e4rgmine uuendamise kuup\u00e4ev&quot; tavaliselt LEI v\u00e4ljaandmise\/viimase uuendamise aeg + 365 p\u00e4eva, kuid mitte kunagi rohkem kui 425 p\u00e4eva tulevikus.<\/p>\n            <\/div>\n<\/div>\n<\/section>\n\n<section class=\"bordered-section border-t border-b border-lightgray px-2 md:px-12 py-8 mt-8 mb-8\">\n    \n<div class=\"numbered-paragraph flex gap-7 md:gap-14 mb-6\">\n    <span class=\"break-normal text-black\">2.7<\/span>\n    <div>\n        <p class=\"!pb-0\">Kliendid, kes tellivad LEI registreerimisteenuse 1 aastaks, saavad valida, kas nende LEI-d uuendatakse automaatselt igal aastal.<\/p>\n        \n<div class=\"numbered-paragraph flex gap-4 md:gap-8 mb-6\">\n    <span class=\"break-normal text-black\">2.7.1<\/span>\n    <p class=\"!pb-0\">Kui klient on valinud oma LEI automaatse iga-aastase uuendamise, v\u00f5etakse tasu 60 p\u00e4eva enne LEI &quot;j\u00e4rgmise uuendamise kuup\u00e4eva&quot;. Makse arvatakse maha samalt kontolt, mis oli ette n\u00e4htud esimese makse tegemiseks.<\/p>\n<\/div>\n\n<div class=\"numbered-paragraph flex gap-4 md:gap-8 mb-6\">\n    <span class=\"break-normal text-black\">2.7.2<\/span>\n    <p class=\"!pb-0\">Kliente teavitatakse eelseisvast automaatsest uuendamisest e-posti teel. Neil on 5 p\u00e4eva aega oma LEI andmete muutmiseks, kui midagi on vaja ajakohastada. P\u00e4rast 5 p\u00e4eva m\u00f6\u00f6dumist alustab LEI Register uuendamisprotsessi. Kui uuendamisprotsess on l\u00f5pule viidud, saavad kliendid l\u00f5pliku kinnitava e-kirja koos l\u00f5pliku arvega uuendusteenuse eest.<\/p>\n<\/div>\n    <\/div>\n<\/div>\n<\/section>\n\n\n<h3 class=\"wp-block-heading has-text-align-center font-axiforma\" style=\"font-size:20px;font-style:normal;font-weight:600\">3. Kiirendatud teenus\u00a0<\/h3>\n\n\n\n<p>Kiirteenus on m\u00f5eldud ainult uutele LEI klientidele. Fast-track toetab Companies House&#8217;is registreeritud juriidilisi isikuid, kellel ei ole 2. taseme andmeid (vanemlik struktuur) v\u00f5i kes ei esita neid. Kui klient vastab kiirmenetluse tingimustele, esitatakse kiirmenetluse valik enne ostu sooritamist. Kui valik puudub, siis ei leidnud me ettev\u00f5tte registreerimisnumbri ja Companies House&#8217;i andmebaasi vahel kokkulangevust v\u00f5i taotluses on teatatud vanemlikust struktuurist. Sellisel juhul k\u00e4sitletakse LEI-taotlust tavalise taotlusena.<\/p>\n\n\n<section class=\"bordered-section border-t border-b border-lightgray px-2 md:px-12 py-8 mt-8 mb-8\">\n    \n<div class=\"numbered-paragraph flex gap-7 md:gap-14 mb-6\">\n    <span class=\"break-normal text-black\">3.1<\/span>\n    <div>\n        <p class=\"!pb-0\">Kui kassalehek\u00fcljel on esitatud kiirkorraldus, on see mitmeaastaste lepingute puhul tasuta. \u00dcheaastaste lepingute puhul tuleb kiirteenuse eest maksta 30 GBP lisatasu.<\/p>\n            <\/div>\n<\/div>\n<\/section>\n\n<section class=\"bordered-section border-t border-b border-lightgray px-2 md:px-12 py-8 mt-8 mb-8\">\n    \n<div class=\"numbered-paragraph flex gap-7 md:gap-14 mb-6\">\n    <span class=\"break-normal text-black\">3.2<\/span>\n    <div>\n        <p class=\"!pb-0\">LEI.net\u2122 garanteerib kiirematele klientidele uue LEI 3 tunni jooksul.<\/p>\n            <\/div>\n<\/div>\n<\/section>\n\n<section class=\"bordered-section border-t border-b border-lightgray px-2 md:px-12 py-8 mt-8 mb-8\">\n    \n<div class=\"numbered-paragraph flex gap-7 md:gap-14 mb-6\">\n    <span class=\"break-normal text-black\">3.3<\/span>\n    <div>\n        <p class=\"!pb-0\">Kui LEI.net\u2122 ei suuda LEI-d 3 tunni jooksul kohale toimetada, tagastatakse kiirteenuse lisatasu. Kuna me ei k\u00fcsi lisatasu kiirteenuse eest mitmeaastaste lepingute puhul, siis mitmeaastaste klientide puhul tagasimakseid ei tehta.<\/p>\n        \n\n<p><\/p>\n\n    <\/div>\n<\/div>\n<\/section>\n\n<section class=\"bordered-section border-t border-b border-lightgray px-2 md:px-12 py-8 mt-8 mb-8\">\n    \n<div class=\"numbered-paragraph flex gap-7 md:gap-14 mb-6\">\n    <span class=\"break-normal text-black\">3.4<\/span>\n    <div>\n        <p class=\"!pb-0\">LEI.net\u2122 teeb m\u00f5istlikke j\u00f5upingutusi, et anda LEI lubatud aja jooksul.<\/p>\n            <\/div>\n<\/div>\n<\/section>\n\n\n<h3 class=\"wp-block-heading has-text-align-center font-axiforma\" style=\"font-size:20px;font-style:normal;font-weight:600\">4. Tasud ja tagasimaksepoliitika\u00a0<\/h3>\n\n\n\n<p>Uue LEI tellimise, LEI \u00fclekandmise v\u00f5i LEI uuendamise tasud leiate selle veebilehe jaotisest &#8220;LEI kulud&#8221; v\u00f5i sellelt lingilt.\u202f\u202fLEI.net\u2122-il on \u00f5igus n\u00f5uda tagasimaksetasu 30 Inglise naela tagasimaksmise eest. Kiirteenuse lisatasu on 30 GBP.<\/p>\n\n\n<section class=\"bordered-section border-t border-b border-lightgray px-2 md:px-12 py-8 mt-8 mb-8\">\n    \n<div class=\"numbered-paragraph flex gap-7 md:gap-14 mb-6\">\n    <span class=\"break-normal text-black\">4.1<\/span>\n    <div>\n        <p class=\"!pb-0\">LEI.net\u2122-il on \u00f5igus keelduda tagasimaksetest, kui:<\/p>\n        \n<div class=\"numbered-paragraph flex gap-4 md:gap-8 mb-6\">\n    <span class=\"break-normal text-black\">4.1.1<\/span>\n    <p class=\"!pb-0\">Ostu on loetud l\u00f5plikuks.<\/p>\n<\/div>\n\n<div class=\"numbered-paragraph flex gap-4 md:gap-8 mb-6\">\n    <span class=\"break-normal text-black\">4.1.2<\/span>\n    <p class=\"!pb-0\">Klient annab LEI \u00fcle teisele teenusepakkujale.<\/p>\n<\/div>\n\n<div class=\"numbered-paragraph flex gap-4 md:gap-8 mb-6\">\n    <span class=\"break-normal text-black\">4.1.3<\/span>\n    <p class=\"!pb-0\">Klient ei esita 60 p\u00e4eva jooksul p\u00e4rast taotluse esitamist t\u00f5endit volituste kohta, juriidilise isiku registreerimise t\u00f5endit v\u00f5i muid dokumente, mis on vajalikud LEI v\u00e4ljastamiseks\/\u00fclekandmiseks v\u00f5i uuendamiseks.<\/p>\n<\/div>\n    <\/div>\n<\/div>\n<\/section>\n\n\n<h3 class=\"wp-block-heading has-text-align-center font-axiforma\" style=\"font-size:20px;font-style:normal;font-weight:600\">5. Kohaldatav \u00f5igus\u00a0<\/h3>\n\n\n<section class=\"bordered-section border-t border-b border-lightgray px-2 md:px-12 py-8 mt-8 mb-8\">\n    \n\n<p>K\u00e4esolev leping ja k\u00f5ik vaidlused v\u00f5i n\u00f5uded (sealhulgas lepinguv\u00e4lised vaidlused v\u00f5i n\u00f5uded), mis tulenevad sellest v\u00f5i sellega seoses v\u00f5i selle sisust v\u00f5i s\u00f5lmimisest, kuuluvad Saksamaa \u00f5iguse kohaldamisalasse ja neid t\u00f5lgendatakse vastavalt sellele.<\/p>\n\n<\/section>\n\n\n<h3 class=\"wp-block-heading has-text-align-center font-axiforma\" style=\"font-size:20px;font-style:normal;font-weight:600\">L\u00f5plikud tingimused\u00a0<\/h3>\n\n\n<section class=\"bordered-section border-t border-b border-lightgray px-2 md:px-12 py-8 mt-8 mb-8\">\n    \n\n<p>Klient vastutab t\u00e4ielikult iga LEI-numbriga seotud tegevuse eest, mis on seotud tema esindatava juriidilise isikuga. LEI.net\u2122 ei vastuta mingil viisil v\u00f5imalike kahjude eest, mis on seotud LEI-numbritega.<\/p>\n\n\n\n<p>LEI.net\u2122 tegutseb LEI registreerimisagendina kliendi nimel ja teeb koost\u00f6\u00f6d GLEIFi akrediteeritud LOUdega, et tellida, uuendada v\u00f5i \u00fcle kanda LEId oma klientide jaoks.<\/p>\n\n\n\n<p>LEI.net\u2122 j\u00e4tab endale \u00f5iguse muuta oma kasutustingimusi igal ajal. Dokumendi, milles on esitatud kehtivad tingimused, leiate alati veebilehelt: www.lei.net.<\/p>\n\n<\/section><\/div>\n<\/div>\n","protected":false},"excerpt":{"rendered":"<p>Tingimused \u00a0 LEI teenust pakub F.I.D.Firmeninformationsdienst GmbH (LEI number 98450069D77R7698B317). LEI.net on LEI registreerimisagent. F.I.D.Firmeninformationsdienst GmbH tegutseb kaubam\u00e4rgi LEI.net\u2122 all. 1. Uus LEI, LEI uuendamise v\u00f5i \u00fclekandmise protsess\u00a0 2.\u202f Mitmeaastased lepingud Klientide mugavuse huvides pakub LEI.net\u2122 v\u00f5imalust maksta pikendamistasu ette kuni 5 aastaks. 3. Kiirendatud teenus\u00a0 Kiirteenus on m\u00f5eldud ainult uutele LEI klientidele. Fast-track toetab [&hellip;]<\/p>\n","protected":false},"author":2,"featured_media":0,"parent":0,"menu_order":0,"comment_status":"closed","ping_status":"closed","template":"","meta":{"footnotes":""},"class_list":["post-1106","page","type-page","status-publish","hentry"],"yoast_head":"<!-- This site is optimized with the Yoast SEO plugin v25.3.1 - https:\/\/yoast.com\/wordpress\/plugins\/seo\/ -->\n<title>Tingimused - LEI.net<\/title>\n<meta name=\"robots\" content=\"noindex, follow, max-snippet:-1, max-image-preview:large, max-video-preview:-1\" \/>\n<meta property=\"og:locale\" content=\"et_EE\" \/>\n<meta property=\"og:type\" content=\"article\" \/>\n<meta property=\"og:title\" content=\"Tingimused - LEI.net\" \/>\n<meta property=\"og:description\" content=\"Tingimused \u00a0 LEI teenust pakub F.I.D.Firmeninformationsdienst GmbH (LEI number 98450069D77R7698B317). LEI.net on LEI registreerimisagent. F.I.D.Firmeninformationsdienst GmbH tegutseb kaubam\u00e4rgi LEI.net\u2122 all. 1. Uus LEI, LEI uuendamise v\u00f5i \u00fclekandmise protsess\u00a0 2.\u202f Mitmeaastased lepingud Klientide mugavuse huvides pakub LEI.net\u2122 v\u00f5imalust maksta pikendamistasu ette kuni 5 aastaks. 3. Kiirendatud teenus\u00a0 Kiirteenus on m\u00f5eldud ainult uutele LEI klientidele. Fast-track toetab [&hellip;]\" \/>\n<meta property=\"og:url\" content=\"https:\/\/dev.lei.net\/et\/tingimused\/\" \/>\n<meta property=\"og:site_name\" content=\"LEI.net\" \/>\n<meta property=\"article:modified_time\" content=\"2024-03-14T09:31:18+00:00\" \/>\n<meta name=\"twitter:card\" content=\"summary_large_image\" \/>\n<meta name=\"twitter:label1\" content=\"Est. reading time\" \/>\n\t<meta name=\"twitter:data1\" content=\"2 minutit\" \/>\n<script type=\"application\/ld+json\" class=\"yoast-schema-graph\">{\"@context\":\"https:\/\/schema.org\",\"@graph\":[{\"@type\":\"WebPage\",\"@id\":\"https:\/\/dev.lei.net\/et\/tingimused\/\",\"url\":\"https:\/\/dev.lei.net\/et\/tingimused\/\",\"name\":\"Tingimused - LEI.net\",\"isPartOf\":{\"@id\":\"https:\/\/dev.lei.net\/#website\"},\"datePublished\":\"2021-06-22T12:02:25+00:00\",\"dateModified\":\"2024-03-14T09:31:18+00:00\",\"breadcrumb\":{\"@id\":\"https:\/\/dev.lei.net\/et\/tingimused\/#breadcrumb\"},\"inLanguage\":\"et\",\"potentialAction\":[{\"@type\":\"ReadAction\",\"target\":[\"https:\/\/dev.lei.net\/et\/tingimused\/\"]}]},{\"@type\":\"BreadcrumbList\",\"@id\":\"https:\/\/dev.lei.net\/et\/tingimused\/#breadcrumb\",\"itemListElement\":[{\"@type\":\"ListItem\",\"position\":1,\"name\":\"Startseite\",\"item\":\"https:\/\/dev.lei.net\/et\/\"},{\"@type\":\"ListItem\",\"position\":2,\"name\":\"Tingimused\"}]},{\"@type\":\"WebSite\",\"@id\":\"https:\/\/dev.lei.net\/#website\",\"url\":\"https:\/\/dev.lei.net\/\",\"name\":\"LEI.net\",\"description\":\"Official Legal Entity Identifier (LEI) Registrar\",\"publisher\":{\"@id\":\"https:\/\/dev.lei.net\/#organization\"},\"potentialAction\":[{\"@type\":\"SearchAction\",\"target\":{\"@type\":\"EntryPoint\",\"urlTemplate\":\"https:\/\/dev.lei.net\/?s={search_term_string}\"},\"query-input\":{\"@type\":\"PropertyValueSpecification\",\"valueRequired\":true,\"valueName\":\"search_term_string\"}}],\"inLanguage\":\"et\"},{\"@type\":\"Organization\",\"@id\":\"https:\/\/dev.lei.net\/#organization\",\"name\":\"F.I.D.Firmeninformationsdienst GmbH\",\"url\":\"https:\/\/dev.lei.net\/\",\"logo\":{\"@type\":\"ImageObject\",\"inLanguage\":\"et\",\"@id\":\"https:\/\/dev.lei.net\/#\/schema\/logo\/image\/\",\"url\":\"https:\/\/dev.lei.net\/wp-content\/uploads\/2021\/12\/color_vertical.jpg\",\"contentUrl\":\"https:\/\/dev.lei.net\/wp-content\/uploads\/2021\/12\/color_vertical.jpg\",\"width\":283,\"height\":283,\"caption\":\"F.I.D.Firmeninformationsdienst GmbH\"},\"image\":{\"@id\":\"https:\/\/dev.lei.net\/#\/schema\/logo\/image\/\"}}]}<\/script>\n<!-- \/ Yoast SEO plugin. -->","yoast_head_json":{"title":"Tingimused - LEI.net","robots":{"index":"noindex","follow":"follow","max-snippet":"max-snippet:-1","max-image-preview":"max-image-preview:large","max-video-preview":"max-video-preview:-1"},"og_locale":"et_EE","og_type":"article","og_title":"Tingimused - LEI.net","og_description":"Tingimused \u00a0 LEI teenust pakub F.I.D.Firmeninformationsdienst GmbH (LEI number 98450069D77R7698B317). LEI.net on LEI registreerimisagent. F.I.D.Firmeninformationsdienst GmbH tegutseb kaubam\u00e4rgi LEI.net\u2122 all. 1. Uus LEI, LEI uuendamise v\u00f5i \u00fclekandmise protsess\u00a0 2.\u202f Mitmeaastased lepingud Klientide mugavuse huvides pakub LEI.net\u2122 v\u00f5imalust maksta pikendamistasu ette kuni 5 aastaks. 3. Kiirendatud teenus\u00a0 Kiirteenus on m\u00f5eldud ainult uutele LEI klientidele. Fast-track toetab [&hellip;]","og_url":"https:\/\/dev.lei.net\/et\/tingimused\/","og_site_name":"LEI.net","article_modified_time":"2024-03-14T09:31:18+00:00","twitter_card":"summary_large_image","twitter_misc":{"Est. reading time":"2 minutit"},"schema":{"@context":"https:\/\/schema.org","@graph":[{"@type":"WebPage","@id":"https:\/\/dev.lei.net\/et\/tingimused\/","url":"https:\/\/dev.lei.net\/et\/tingimused\/","name":"Tingimused - LEI.net","isPartOf":{"@id":"https:\/\/dev.lei.net\/#website"},"datePublished":"2021-06-22T12:02:25+00:00","dateModified":"2024-03-14T09:31:18+00:00","breadcrumb":{"@id":"https:\/\/dev.lei.net\/et\/tingimused\/#breadcrumb"},"inLanguage":"et","potentialAction":[{"@type":"ReadAction","target":["https:\/\/dev.lei.net\/et\/tingimused\/"]}]},{"@type":"BreadcrumbList","@id":"https:\/\/dev.lei.net\/et\/tingimused\/#breadcrumb","itemListElement":[{"@type":"ListItem","position":1,"name":"Startseite","item":"https:\/\/dev.lei.net\/et\/"},{"@type":"ListItem","position":2,"name":"Tingimused"}]},{"@type":"WebSite","@id":"https:\/\/dev.lei.net\/#website","url":"https:\/\/dev.lei.net\/","name":"LEI.net","description":"Official Legal Entity Identifier (LEI) Registrar","publisher":{"@id":"https:\/\/dev.lei.net\/#organization"},"potentialAction":[{"@type":"SearchAction","target":{"@type":"EntryPoint","urlTemplate":"https:\/\/dev.lei.net\/?s={search_term_string}"},"query-input":{"@type":"PropertyValueSpecification","valueRequired":true,"valueName":"search_term_string"}}],"inLanguage":"et"},{"@type":"Organization","@id":"https:\/\/dev.lei.net\/#organization","name":"F.I.D.Firmeninformationsdienst GmbH","url":"https:\/\/dev.lei.net\/","logo":{"@type":"ImageObject","inLanguage":"et","@id":"https:\/\/dev.lei.net\/#\/schema\/logo\/image\/","url":"https:\/\/dev.lei.net\/wp-content\/uploads\/2021\/12\/color_vertical.jpg","contentUrl":"https:\/\/dev.lei.net\/wp-content\/uploads\/2021\/12\/color_vertical.jpg","width":283,"height":283,"caption":"F.I.D.Firmeninformationsdienst GmbH"},"image":{"@id":"https:\/\/dev.lei.net\/#\/schema\/logo\/image\/"}}]}},"_links":{"self":[{"href":"https:\/\/dev.lei.net\/et\/wp-json\/wp\/v2\/pages\/1106","targetHints":{"allow":["GET"]}}],"collection":[{"href":"https:\/\/dev.lei.net\/et\/wp-json\/wp\/v2\/pages"}],"about":[{"href":"https:\/\/dev.lei.net\/et\/wp-json\/wp\/v2\/types\/page"}],"author":[{"embeddable":true,"href":"https:\/\/dev.lei.net\/et\/wp-json\/wp\/v2\/users\/2"}],"replies":[{"embeddable":true,"href":"https:\/\/dev.lei.net\/et\/wp-json\/wp\/v2\/comments?post=1106"}],"version-history":[{"count":5,"href":"https:\/\/dev.lei.net\/et\/wp-json\/wp\/v2\/pages\/1106\/revisions"}],"predecessor-version":[{"id":4905,"href":"https:\/\/dev.lei.net\/et\/wp-json\/wp\/v2\/pages\/1106\/revisions\/4905"}],"wp:attachment":[{"href":"https:\/\/dev.lei.net\/et\/wp-json\/wp\/v2\/media?parent=1106"}],"curies":[{"name":"wp","href":"https:\/\/api.w.org\/{rel}","templated":true}]}}