{"id":1108,"date":"2021-08-05T13:07:05","date_gmt":"2021-08-05T12:07:05","guid":{"rendered":"https:\/\/dev.lei.net\/imprint\/"},"modified":"2024-03-15T12:32:05","modified_gmt":"2024-03-15T11:32:05","slug":"jalg","status":"publish","type":"page","link":"https:\/\/dev.lei.net\/et\/jalg\/","title":{"rendered":"J\u00e4lg"},"content":{"rendered":"\n<div class=\"wp-block-columns is-layout-flex wp-container-core-columns-is-layout-9d6595d7 wp-block-columns-is-layout-flex\">\n<div class=\"wp-block-column is-layout-flow wp-block-column-is-layout-flow\">  <div class=\"container px-4 xl:px-0\">\n    <div class=\"flex flex-wrap  mb-10 md:mb-16\">\n      <div class=\"w-full md:w-1\/2\">\n      <h1 class=\"font-axiforma text-[45px] md:text-[55px] text-center md:text-left\">J\u00e4lg<\/h1>\n            <\/div>\n      <div class=\"w-full md:w-1\/2 flex justify-center mt-10 md:mt-0\">\n        <img loading=\"lazy\" decoding=\"async\" alt=\"\" src=\"https:\/\/dev.lei.net\/wp-content\/uploads\/2021\/06\/transfer.svg\" width=\"215\" height=\"250\">      <\/div>\n    <\/div>\n  <\/div>\n<\/div>\n\n\n\n<div class=\"wp-block-column is-layout-flow wp-block-column-is-layout-flow\">\n<p>LEI.NET on F.I.D. Firmeninformationsdienst GmbH teenus.<\/p>\n\n\n\n<p>F.I.D. Firmeninformationsdienst GmbH seaduslikud esindajad on tegevjuhid C. Raphael Mahir ja Markus S. Glatz.<\/p>\n\n\n\n<p>F.I.D. Company Information Service GmbH<br>Pelkovenstrasse 148<br>D-80992 M\u00fcnchen<\/p>\n\n\n\n<p>Telefoninumber: +49 (89) 614215110<br>E-post: support@lei.net<\/p>\n\n\n\n<p>HRB 216109 (Kohalik kohus M\u00fcnchen)<br>K\u00e4ibemaksu ID nr: DE298120788<br>Maksuamet M\u00fcnchen II<br>LEI: 98450069D77R7698B317<\/p>\n<\/div>\n<\/div>\n","protected":false},"excerpt":{"rendered":"<p>LEI.NET on F.I.D. Firmeninformationsdienst GmbH teenus. F.I.D. Firmeninformationsdienst GmbH seaduslikud esindajad on tegevjuhid C. Raphael Mahir ja Markus S. Glatz. F.I.D. Company Information Service GmbHPelkovenstrasse 148D-80992 M\u00fcnchen Telefoninumber: +49 (89) 614215110E-post: support@lei.net HRB 216109 (Kohalik kohus M\u00fcnchen)K\u00e4ibemaksu ID nr: DE298120788Maksuamet M\u00fcnchen IILEI: 98450069D77R7698B317<\/p>\n","protected":false},"author":2,"featured_media":0,"parent":0,"menu_order":0,"comment_status":"closed","ping_status":"closed","template":"","meta":{"footnotes":""},"class_list":["post-1108","page","type-page","status-publish","hentry"],"yoast_head":"<!-- This site is optimized with the Yoast SEO plugin v25.3.1 - https:\/\/yoast.com\/wordpress\/plugins\/seo\/ -->\n<title>J\u00e4lg - LEI.net<\/title>\n<meta name=\"robots\" content=\"noindex, follow, max-snippet:-1, max-image-preview:large, max-video-preview:-1\" \/>\n<meta property=\"og:locale\" content=\"et_EE\" \/>\n<meta property=\"og:type\" content=\"article\" \/>\n<meta property=\"og:title\" content=\"J\u00e4lg - LEI.net\" \/>\n<meta property=\"og:description\" content=\"LEI.NET on F.I.D. Firmeninformationsdienst GmbH teenus. F.I.D. Firmeninformationsdienst GmbH seaduslikud esindajad on tegevjuhid C. Raphael Mahir ja Markus S. Glatz. F.I.D. Company Information Service GmbHPelkovenstrasse 148D-80992 M\u00fcnchen Telefoninumber: +49 (89) 614215110E-post: support@lei.net HRB 216109 (Kohalik kohus M\u00fcnchen)K\u00e4ibemaksu ID nr: DE298120788Maksuamet M\u00fcnchen IILEI: 98450069D77R7698B317\" \/>\n<meta property=\"og:url\" content=\"https:\/\/dev.lei.net\/et\/jalg\/\" \/>\n<meta property=\"og:site_name\" content=\"LEI.net\" \/>\n<meta property=\"article:modified_time\" content=\"2024-03-15T11:32:05+00:00\" \/>\n<meta name=\"twitter:card\" content=\"summary_large_image\" \/>\n<meta name=\"twitter:label1\" content=\"Est. reading time\" \/>\n\t<meta name=\"twitter:data1\" content=\"1 minut\" \/>\n<script type=\"application\/ld+json\" class=\"yoast-schema-graph\">{\"@context\":\"https:\/\/schema.org\",\"@graph\":[{\"@type\":\"WebPage\",\"@id\":\"https:\/\/dev.lei.net\/et\/jalg\/\",\"url\":\"https:\/\/dev.lei.net\/et\/jalg\/\",\"name\":\"J\u00e4lg - LEI.net\",\"isPartOf\":{\"@id\":\"https:\/\/dev.lei.net\/#website\"},\"datePublished\":\"2021-08-05T12:07:05+00:00\",\"dateModified\":\"2024-03-15T11:32:05+00:00\",\"breadcrumb\":{\"@id\":\"https:\/\/dev.lei.net\/et\/jalg\/#breadcrumb\"},\"inLanguage\":\"et\",\"potentialAction\":[{\"@type\":\"ReadAction\",\"target\":[\"https:\/\/dev.lei.net\/et\/jalg\/\"]}]},{\"@type\":\"BreadcrumbList\",\"@id\":\"https:\/\/dev.lei.net\/et\/jalg\/#breadcrumb\",\"itemListElement\":[{\"@type\":\"ListItem\",\"position\":1,\"name\":\"Startseite\",\"item\":\"https:\/\/dev.lei.net\/et\/\"},{\"@type\":\"ListItem\",\"position\":2,\"name\":\"J\u00e4lg\"}]},{\"@type\":\"WebSite\",\"@id\":\"https:\/\/dev.lei.net\/#website\",\"url\":\"https:\/\/dev.lei.net\/\",\"name\":\"LEI.net\",\"description\":\"Official Legal Entity Identifier (LEI) Registrar\",\"publisher\":{\"@id\":\"https:\/\/dev.lei.net\/#organization\"},\"potentialAction\":[{\"@type\":\"SearchAction\",\"target\":{\"@type\":\"EntryPoint\",\"urlTemplate\":\"https:\/\/dev.lei.net\/?s={search_term_string}\"},\"query-input\":{\"@type\":\"PropertyValueSpecification\",\"valueRequired\":true,\"valueName\":\"search_term_string\"}}],\"inLanguage\":\"et\"},{\"@type\":\"Organization\",\"@id\":\"https:\/\/dev.lei.net\/#organization\",\"name\":\"F.I.D.Firmeninformationsdienst GmbH\",\"url\":\"https:\/\/dev.lei.net\/\",\"logo\":{\"@type\":\"ImageObject\",\"inLanguage\":\"et\",\"@id\":\"https:\/\/dev.lei.net\/#\/schema\/logo\/image\/\",\"url\":\"https:\/\/dev.lei.net\/wp-content\/uploads\/2021\/12\/color_vertical.jpg\",\"contentUrl\":\"https:\/\/dev.lei.net\/wp-content\/uploads\/2021\/12\/color_vertical.jpg\",\"width\":283,\"height\":283,\"caption\":\"F.I.D.Firmeninformationsdienst GmbH\"},\"image\":{\"@id\":\"https:\/\/dev.lei.net\/#\/schema\/logo\/image\/\"}}]}<\/script>\n<!-- \/ Yoast SEO plugin. -->","yoast_head_json":{"title":"J\u00e4lg - LEI.net","robots":{"index":"noindex","follow":"follow","max-snippet":"max-snippet:-1","max-image-preview":"max-image-preview:large","max-video-preview":"max-video-preview:-1"},"og_locale":"et_EE","og_type":"article","og_title":"J\u00e4lg - LEI.net","og_description":"LEI.NET on F.I.D. Firmeninformationsdienst GmbH teenus. F.I.D. Firmeninformationsdienst GmbH seaduslikud esindajad on tegevjuhid C. Raphael Mahir ja Markus S. Glatz. F.I.D. Company Information Service GmbHPelkovenstrasse 148D-80992 M\u00fcnchen Telefoninumber: +49 (89) 614215110E-post: support@lei.net HRB 216109 (Kohalik kohus M\u00fcnchen)K\u00e4ibemaksu ID nr: DE298120788Maksuamet M\u00fcnchen IILEI: 98450069D77R7698B317","og_url":"https:\/\/dev.lei.net\/et\/jalg\/","og_site_name":"LEI.net","article_modified_time":"2024-03-15T11:32:05+00:00","twitter_card":"summary_large_image","twitter_misc":{"Est. reading time":"1 minut"},"schema":{"@context":"https:\/\/schema.org","@graph":[{"@type":"WebPage","@id":"https:\/\/dev.lei.net\/et\/jalg\/","url":"https:\/\/dev.lei.net\/et\/jalg\/","name":"J\u00e4lg - LEI.net","isPartOf":{"@id":"https:\/\/dev.lei.net\/#website"},"datePublished":"2021-08-05T12:07:05+00:00","dateModified":"2024-03-15T11:32:05+00:00","breadcrumb":{"@id":"https:\/\/dev.lei.net\/et\/jalg\/#breadcrumb"},"inLanguage":"et","potentialAction":[{"@type":"ReadAction","target":["https:\/\/dev.lei.net\/et\/jalg\/"]}]},{"@type":"BreadcrumbList","@id":"https:\/\/dev.lei.net\/et\/jalg\/#breadcrumb","itemListElement":[{"@type":"ListItem","position":1,"name":"Startseite","item":"https:\/\/dev.lei.net\/et\/"},{"@type":"ListItem","position":2,"name":"J\u00e4lg"}]},{"@type":"WebSite","@id":"https:\/\/dev.lei.net\/#website","url":"https:\/\/dev.lei.net\/","name":"LEI.net","description":"Official Legal Entity Identifier (LEI) Registrar","publisher":{"@id":"https:\/\/dev.lei.net\/#organization"},"potentialAction":[{"@type":"SearchAction","target":{"@type":"EntryPoint","urlTemplate":"https:\/\/dev.lei.net\/?s={search_term_string}"},"query-input":{"@type":"PropertyValueSpecification","valueRequired":true,"valueName":"search_term_string"}}],"inLanguage":"et"},{"@type":"Organization","@id":"https:\/\/dev.lei.net\/#organization","name":"F.I.D.Firmeninformationsdienst GmbH","url":"https:\/\/dev.lei.net\/","logo":{"@type":"ImageObject","inLanguage":"et","@id":"https:\/\/dev.lei.net\/#\/schema\/logo\/image\/","url":"https:\/\/dev.lei.net\/wp-content\/uploads\/2021\/12\/color_vertical.jpg","contentUrl":"https:\/\/dev.lei.net\/wp-content\/uploads\/2021\/12\/color_vertical.jpg","width":283,"height":283,"caption":"F.I.D.Firmeninformationsdienst GmbH"},"image":{"@id":"https:\/\/dev.lei.net\/#\/schema\/logo\/image\/"}}]}},"_links":{"self":[{"href":"https:\/\/dev.lei.net\/et\/wp-json\/wp\/v2\/pages\/1108","targetHints":{"allow":["GET"]}}],"collection":[{"href":"https:\/\/dev.lei.net\/et\/wp-json\/wp\/v2\/pages"}],"about":[{"href":"https:\/\/dev.lei.net\/et\/wp-json\/wp\/v2\/types\/page"}],"author":[{"embeddable":true,"href":"https:\/\/dev.lei.net\/et\/wp-json\/wp\/v2\/users\/2"}],"replies":[{"embeddable":true,"href":"https:\/\/dev.lei.net\/et\/wp-json\/wp\/v2\/comments?post=1108"}],"version-history":[{"count":3,"href":"https:\/\/dev.lei.net\/et\/wp-json\/wp\/v2\/pages\/1108\/revisions"}],"predecessor-version":[{"id":5165,"href":"https:\/\/dev.lei.net\/et\/wp-json\/wp\/v2\/pages\/1108\/revisions\/5165"}],"wp:attachment":[{"href":"https:\/\/dev.lei.net\/et\/wp-json\/wp\/v2\/media?parent=1108"}],"curies":[{"name":"wp","href":"https:\/\/api.w.org\/{rel}","templated":true}]}}