{"id":1173,"date":"2021-06-25T11:26:54","date_gmt":"2021-06-25T10:26:54","guid":{"rendered":"https:\/\/dev.lei.net\/faq\/"},"modified":"2024-03-15T13:39:22","modified_gmt":"2024-03-15T12:39:22","slug":"faq","status":"publish","type":"page","link":"https:\/\/dev.lei.net\/fi\/faq\/","title":{"rendered":"FAQ"},"content":{"rendered":"  <div class=\"container px-4 xl:px-0\">\n    <div class=\"flex flex-wrap  mb-10 md:mb-16\">\n      <div class=\"w-full md:w-1\/2\">\n      <h1 class=\"font-axiforma text-[45px] md:text-[55px] text-center md:text-left\">FAQs<\/h1>\n              <p class=\"text-base md:text-xl font-light text-center md:text-left\">Asiakkaat kysyv\u00e4t meilt\u00e4 usein seuraavia kysymyksi\u00e4<\/p>\n            <\/div>\n      <div class=\"w-full md:w-1\/2 flex justify-center mt-10 md:mt-0\">\n        <img loading=\"lazy\" decoding=\"async\" alt=\"\" src=\"https:\/\/dev.lei.net\/wp-content\/uploads\/2024\/01\/faq.svg\" width=\"590\" height=\"300\">      <\/div>\n    <\/div>\n  <\/div>\n\n\n<faq-component data='[{&quot;_id&quot;:&quot;cf-50Nl3FH2ydNW1g8XHf2e3&quot;,&quot;_type&quot;:&quot;_&quot;,&quot;question&quot;:&quot;Mik\\u00e4 on LEI?&quot;,&quot;answer&quot;:&quot;LEI on lyhenne sanoista Legal Entity Identifier. Se on kaksikymmennumeroinen numero, jonka avulla haltija voidaan tunnistaa tarkasti. T\\u00e4m\\u00e4 oikeushenkil\\u00f6iden yksil\\u00f6llinen m\\u00e4\\u00e4rittely lis\\u00e4\\u00e4 avoimuutta kansainv\\u00e4lisill\\u00e4 rahoitusmarkkinoilla.&quot;},{&quot;_id&quot;:&quot;cf-Jua8VigBnsboBhrGp6Cw0&quot;,&quot;_type&quot;:&quot;_&quot;,&quot;question&quot;:&quot;Mik\\u00e4 on LOU?&quot;,&quot;answer&quot;:&quot;Lyhenne LOU tarkoittaa Local Operation Unit (paikallinen toimintayksikk\\u00f6), ja sill\\u00e4 tarkoitetaan organisaatioita, jotka my\\u00f6nt\\u00e4v\\u00e4t LEI-numeroita GLEIFin puolesta.&quot;},{&quot;_id&quot;:&quot;cf-HpNTEQMXbCfU3pBjqE0vF&quot;,&quot;_type&quot;:&quot;_&quot;,&quot;question&quot;:&quot;Mit\\u00e4 tarkoittaa GLEIF?&quot;,&quot;answer&quot;:&quot;Global Legal Entity Identifier Foundation, lyhyesti GLEIF, on Baselissa sijaitseva kansainv\\u00e4linen s\\u00e4\\u00e4ti\\u00f6, jonka rahoitusvakausneuvosto perusti vuonna 2014. GLEIF:n p\\u00e4\\u00e4teht\\u00e4v\\u00e4n\\u00e4 on my\\u00f6nt\\u00e4\\u00e4 LEI-numeroita vientiin oikeutetuille yksik\\u00f6ille, jotka puolestaan my\\u00f6nt\\u00e4v\\u00e4t LEI-numeroita oikeushenkil\\u00f6ille.&quot;},{&quot;_id&quot;:&quot;cf-cOxOdZUnSbRztg60Jdxev&quot;,&quot;_type&quot;:&quot;_&quot;,&quot;question&quot;:&quot;Mit\\u00e4 GLEIS tarkoittaa?&quot;,&quot;answer&quot;:&quot;Maailmanlaajuinen LEI-j\\u00e4rjestelm\\u00e4 (Global LEI System), lyhennettyn\\u00e4 GLEIS, on maailmanlaajuinen tietokanta, johon on koottu kaikkien LEI-numeron haltijoiden tiedot. Kuka tahansa voi tutustua tietokantaan maksutta.&quot;},{&quot;_id&quot;:&quot;cf-dCv9mzmVzEVh8I3CIVp_l&quot;,&quot;_type&quot;:&quot;_&quot;,&quot;question&quot;:&quot;Mihin tarkoituksiin tarvitset LEI-koodia?&quot;,&quot;answer&quot;:&quot;LEI-koodin avulla voidaan tunnistaa rahoitustapahtumien osallistujat. T\\u00e4m\\u00e4 helpottaa oikeudellisten raportointivaatimusten noudattamista ja ehk\\u00e4isee finanssitransaktioiden v\\u00e4\\u00e4rink\\u00e4yt\\u00f6n riski\\u00e4.&quot;},{&quot;_id&quot;:&quot;cf-0j4zHyT0RzBALIkPzJ0jD&quot;,&quot;_type&quot;:&quot;_&quot;,&quot;question&quot;:&quot;Kuinka kauan LEI-koodin hyv\\u00e4ksyminen kest\\u00e4\\u00e4?&quot;,&quot;answer&quot;:&quot;LEI-numero my\\u00f6nnet\\u00e4\\u00e4n p\\u00e4\\u00e4s\\u00e4\\u00e4nt\\u00f6isesti 24 tunnin kuluessa maksun vastaanottamisesta. Viiv\\u00e4styksi\\u00e4 voi esiinty\\u00e4, jos toimitetut tiedot eiv\\u00e4t ole riitt\\u00e4vi\\u00e4.&quot;},{&quot;_id&quot;:&quot;cf-kUscQF9lV1zAYQI0jb9l7&quot;,&quot;_type&quot;:&quot;_&quot;,&quot;question&quot;:&quot;Kuka tarvitsee LEI-numeron?&quot;,&quot;answer&quot;:&quot;LEI-numero vaaditaan kaikilta finanssitransaktioihin osallistuvilta. T\\u00e4m\\u00e4 koskee muun muassa\\n- yritykset, niiden tyt\\u00e4ryhti\\u00f6t ja sivuliikkeet\\n- s\\u00e4\\u00e4ti\\u00f6t ja rahastot\\n- voittoa tavoittelemattomat organisaatiot\\n- julkiset laitokset ja viranomaiset\\n- yksityiset elinkeinonharjoittajat&quot;},{&quot;_id&quot;:&quot;cf-5NMndnDQDPuDqdN8V0SOj&quot;,&quot;_type&quot;:&quot;_&quot;,&quot;question&quot;:&quot;Kuinka kauan voit k\\u00e4ytt\\u00e4\\u00e4 LEI-tunnusta?&quot;,&quot;answer&quot;:&quot;Kun LEI-numero on my\\u00f6nnetty, se on aluksi voimassa yhden vuoden. T\\u00e4m\\u00e4n vuoden j\\u00e4lkeen LEI-tunnus on uusittava.&quot;},{&quot;_id&quot;:&quot;cf-fHAuvu_su4ASpDPYtbz8B&quot;,&quot;_type&quot;:&quot;_&quot;,&quot;question&quot;:&quot;Mit\\u00e4 tapahtuu, kun LEI-tunnuksen voimassaolo p\\u00e4\\u00e4ttyy?&quot;,&quot;answer&quot;:&quot;Jos LEI-numero ei ole en\\u00e4\\u00e4 voimassa, osakkuusyritys ei voi suorittaa sill\\u00e4 rahoitustapahtumia. Jos et ole varma, onko LEI-numerosi viel\\u00e4 voimassa, voit tehd\\u00e4 kyselyn. Jos numero ei ole en\\u00e4\\u00e4 voimassa, se on uusittava.&quot;},{&quot;_id&quot;:&quot;cf-Y5ek7wWCWUQCItL5Vsmn7&quot;,&quot;_type&quot;:&quot;_&quot;,&quot;question&quot;:&quot;Onko mahdollista hakea uutta LEI-tunnusta?&quot;,&quot;answer&quot;:&quot;Kun LEI-koodi on my\\u00f6nnetty tai uusittu, sit\\u00e4 ei voi en\\u00e4\\u00e4 muuttaa. Vuoden kuluttua LEI-tunnus on uusittava. Voit hakea LEI-numeroa useammaksi vuodeksi sivustomme kautta. Me huolehdimme uusimisesta ajallaan.&quot;},{&quot;_id&quot;:&quot;cf-Jtp0v71nGc2VS3YH5rlXf&quot;,&quot;_type&quot;:&quot;_&quot;,&quot;question&quot;:&quot;Mist\\u00e4 voin saada LEI-tunnuksen?&quot;,&quot;answer&quot;:&quot;LEI-numeroa voi hakea verkossa LOU:lta tai rekister\\u00f6intiagentilta. T\\u00e4t\\u00e4 varten sinun on t\\u00e4ytett\\u00e4v\\u00e4 verkkolomake ja valittava maksutapa. Saat LEI-koodin tunnin kuluessa ilmoitettuun s\\u00e4hk\\u00f6postiisi.&quot;},{&quot;_id&quot;:&quot;cf-FZKP3gkZf2DT2QABxFWZX&quot;,&quot;_type&quot;:&quot;_&quot;,&quot;question&quot;:&quot;Mit\\u00e4 LEI-koodin numerot ja kirjaimet tarkoittavat?&quot;,&quot;answer&quot;:&quot;Lei-koodissa on yhteens\\u00e4 20 numeroa. Se alkaa aina nelj\\u00e4ll\\u00e4 numerolla, jonka avulla vastuussa oleva LOU voidaan tunnistaa. T\\u00e4m\\u00e4n j\\u00e4lkeen on kaksi nollaa, jotka erottavat LOU-koodin muista. Seuraavaksi seuraa kahdentoista numeron ja numeron sarja. T\\u00e4m\\u00e4 on varsinainen oikeudenhaltijan tunniste. Lopuksi on tarkistusnumero. T\\u00e4m\\u00e4n tarkoituksena on est\\u00e4\\u00e4 LEI-numeron antaminen toiselle oikeudenhaltijalle virheellisen merkinn\\u00e4n seurauksena.&quot;},{&quot;_id&quot;:&quot;cf-oWsrAtr61UKdX7JhFxx9k&quot;,&quot;_type&quot;:&quot;_&quot;,&quot;question&quot;:&quot;Ovatko tietoni julkisesti saatavilla?&quot;,&quot;answer&quot;:&quot;Kuka tahansa voi tarkastella LEI-tunnukseen liittyvi\\u00e4 tietoja. Ne on tallennettu GLLEIFin GLEIS-tietokantaan.&quot;},{&quot;_id&quot;:&quot;cf-fuhsQTJXzg3LWGHo9c2tM&quot;,&quot;_type&quot;:&quot;_&quot;,&quot;question&quot;:&quot;Mit\\u00e4 tietoja on julkisesti saatavilla?&quot;,&quot;answer&quot;:&quot;Oikeushenkil\\u00f6n nimen lis\\u00e4ksi julkaistaan my\\u00f6s tiedot osakkuusyhti\\u00f6n oikeudellisesta kotipaikasta ja p\\u00e4\\u00e4konttorista sek\\u00e4 LEI-numeron tiedot.&quot;},{&quot;_id&quot;:&quot;cf-dFvCy0aWesWWZJ3fSYqIp&quot;,&quot;_type&quot;:&quot;_&quot;,&quot;question&quot;:&quot;Mit\\u00e4 etuja LEI-numeron k\\u00e4yt\\u00f6st\\u00e4 on?&quot;,&quot;answer&quot;:&quot;LEI-numerot v\\u00e4hent\\u00e4v\\u00e4t kansainv\\u00e4listen rahoitusmarkkinoiden liiketoimien riski\\u00e4, sill\\u00e4 lis\\u00e4\\u00e4ntynyt avoimuus antaa osapuolille mahdollisuuden saada tietoa (mahdollisista) liikekumppaneistaan.\\nLis\\u00e4ksi LEI-tunnus voi helpottaa asiakkaiden rekister\\u00f6inti\\u00e4, koska vain LEI-numero on merkitt\\u00e4v\\u00e4 lukuisten tietojen sijasta. N\\u00e4in pankilla on kaikki tiedot, joita se tarvitsee rahoitustapahtumiensa k\\u00e4sittelyyn.&quot;},{&quot;_id&quot;:&quot;cf-XJfHxejjc3WjsGG3ExhJu&quot;,&quot;_type&quot;:&quot;_&quot;,&quot;question&quot;:&quot;Miten LEI-tunnus uusitaan?&quot;,&quot;answer&quot;:&quot;Voit helposti uusia LEI-numeron sivustollamme t\\u00e4ytt\\u00e4m\\u00e4ll\\u00e4 lyhyen LEI-numeron uusimislomakkeen. On mahdollista tehd\\u00e4 usean vuoden sopimus, jolloin kun LEI-tunnuksesi p\\u00e4\\u00e4ttyy, huolehdimme automaattisesti sen uusimisesta.&quot;},{&quot;_id&quot;:&quot;cf-2ctTNtrnCJaqfo55XKTxI&quot;,&quot;_type&quot;:&quot;_&quot;,&quot;question&quot;:&quot;Onko mahdollista siirt\\u00e4\\u00e4 LEI-tunnus palveluntarjoajalta toiselle&quot;,&quot;answer&quot;:&quot;Jos LEI-numerosi on jo rekister\\u00f6ity toiselle palveluntarjoajalle, voit siirt\\u00e4\\u00e4 sen meille ongelmitta. K\\u00e4yt\\u00e4 t\\u00e4t\\u00e4 varten vain sivustollamme olevaa LEI-siirtolomaketta.&quot;},{&quot;_id&quot;:&quot;cf-IxxpX4iPFL73Ae6DC0b8N&quot;,&quot;_type&quot;:&quot;_&quot;,&quot;question&quot;:&quot;Mit\\u00e4 asiakirjoja tarvitaan uuden LEI-numeron rekister\\u00f6intiin?&quot;,&quot;answer&quot;:&quot;Jos oikeushenkil\\u00f6 on rekister\\u00f6ity rekisteriin, esimerkiksi kaupparekisteriin, muita asiakirjoja ei tarvita.\\nJotkin yritykset ovat suoraan sidoksissa emoyhti\\u00f6\\u00f6n. T\\u00e4ll\\u00f6in tarvitaan asiakirjat, jotka osoittavat t\\u00e4m\\u00e4n yhteyden. N\\u00e4m\\u00e4 voivat olla vuositilinp\\u00e4\\u00e4t\\u00f6kset tai konsolidoidut tilinp\\u00e4\\u00e4t\\u00f6kset. Kaupparekisteriin rekister\\u00f6ityjen yritysten osalta n\\u00e4m\\u00e4 asiakirjat ovat tarpeettomia.\\nYritysten, joita ei ole merkitty mihink\\u00e4\\u00e4n rekisteriin, on osoitettava yrityksen olemassaolo jollakin muulla tavalla. T\\u00e4m\\u00e4 voidaan tehd\\u00e4 muun muassa yhti\\u00f6j\\u00e4rjestyksen, kaupparekisteriotteen tai osakassopimuksen avulla. T\\u00e4m\\u00e4 koskee my\\u00f6s yksityisyritt\\u00e4ji\\u00e4.\\nRahastot todistavat liiketoimintansa esimerkiksi BaFinin my\\u00f6nt\\u00e4m\\u00e4ll\\u00e4 jakeluluvalla.&quot;},{&quot;_id&quot;:&quot;cf-_73sczeo2QhzSenMnRrmS&quot;,&quot;_type&quot;:&quot;_&quot;,&quot;question&quot;:&quot;Haluaisin hakea LEI-tunnusta sijoitusomaisuudelle. Mit\\u00e4 minun on teht\\u00e4v\\u00e4?&quot;,&quot;answer&quot;:&quot;Varmista hakemuksen yhteydess\\u00e4, ett\\u00e4 ilmoitat LEI-numeroa hallinnoivan yrityksen. T\\u00e4m\\u00e4 ei ole tarpeen, jos varat on rekister\\u00f6ity rekisterituomioistuimeen. Jos sijoitusomaisuus rekister\\u00f6id\\u00e4\\u00e4n rekisterituomioistuimessa, laitokselle on haettava LEI-tunnus.&quot;},{&quot;_id&quot;:&quot;cf-gOrNGkbM1_ixXSZKOJUhb&quot;,&quot;_type&quot;:&quot;_&quot;,&quot;question&quot;:&quot;Voiko yht\\u00e4 LEI-tunnusta hakea useammalle yritykselle?&quot;,&quot;answer&quot;:&quot;Jos haluat hakea LEI-numeroita useammalle yritykselle, l\\u00e4het\\u00e4 meille yritysten tiedot (mieluiten Excel-taulukkona). Me hoidamme LEI-numeroiden hakemisen. T\\u00e4t\\u00e4 varten kannattaa ottaa yhteytt\\u00e4 asiakaspalveluumme.&quot;},{&quot;_id&quot;:&quot;cf-j2QrVswUa4l4a4v3d_de7&quot;,&quot;_type&quot;:&quot;_&quot;,&quot;question&quot;:&quot;Yritykseni p\\u00e4\\u00e4konttori on ulkomailla. Voinko silti hakea LEI-tunnusta t\\u00e4\\u00e4ll\\u00e4?&quot;,&quot;answer&quot;:&quot;LEI-tunnus on kansalaisuudesta riippumaton. Voit siis hakea LEI-tunnusta milloin tahansa palvelumme kautta.&quot;},{&quot;_id&quot;:&quot;cf-Ne2Shw_Izaw68QST5KkBy&quot;,&quot;_type&quot;:&quot;_&quot;,&quot;question&quot;:&quot;Aiheutuuko minulle mit\\u00e4\\u00e4n kustannuksia, jos rekister\\u00f6idyn t\\u00e4lle sivustolle?&quot;,&quot;answer&quot;:&quot;Rekister\\u00f6ityminen t\\u00e4lle sivustolle on ilmaista ja vailla mit\\u00e4\\u00e4n velvoitteita.&quot;},{&quot;_id&quot;:&quot;cf-aTcfCGBv0LnUSgQ2MtJhF&quot;,&quot;_type&quot;:&quot;_&quot;,&quot;question&quot;:&quot;Kuinka paljon LEI-numeroita koskevien tietojen hakeminen ja lataaminen maksaa?&quot;,&quot;answer&quot;:&quot;T\\u00e4m\\u00e4 palvelu on sivustollamme maksuton.&quot;},{&quot;_id&quot;:&quot;cf-rGRAZE48Rm1y0JFArMQ15&quot;,&quot;_type&quot;:&quot;_&quot;,&quot;question&quot;:&quot;Mit\\u00e4 voin tehd\\u00e4, jos en l\\u00f6yd\\u00e4 LEI-tunnustani haulla?&quot;,&quot;answer&quot;:&quot;Kun kirjoitat yrityksen nimen, kiinnit\\u00e4 huomiota oikeaan kirjoitusasuun. Usein k\\u00e4ytet\\u00e4\\u00e4n lyhenteit\\u00e4, vaikka kaupparekisteriss\\u00e4 yrityksen nimi on kirjoitettu kokonaan.\\nJos olet hakenut LEI-numeroa vasta \\u00e4skett\\u00e4in, on mahdollista, ett\\u00e4 sit\\u00e4 ei ole viel\\u00e4 annettu. T\\u00e4m\\u00e4 voi kest\\u00e4\\u00e4 jopa 24 tuntia. Odota viel\\u00e4 muutama tunti ja yrit\\u00e4 uudelleen. Jos et viel\\u00e4k\\u00e4\\u00e4n l\\u00f6yd\\u00e4 yrityst\\u00e4, ota yhteytt\\u00e4 asiakaspalveluumme.&quot;},{&quot;_id&quot;:&quot;cf-cvS7F1MkaniTXat5ZO0BC&quot;,&quot;_type&quot;:&quot;_&quot;,&quot;question&quot;:&quot;Mit\\u00e4 ISO 17442 tarkoittaa?&quot;,&quot;answer&quot;:&quot;Kansainv\\u00e4linen standardisoimisj\\u00e4rjest\\u00f6 on m\\u00e4\\u00e4ritellyt t\\u00e4ss\\u00e4 standardissa tiedot, joiden avulla oikeushenkil\\u00f6t voidaan tunnistaa selke\\u00e4sti. Koska ISO 17442 on maailmanlaajuisesti voimassa oleva standardi, se ei sis\\u00e4ll\\u00e4 maakoodia. Jokainen oikeushenkil\\u00f6 voidaan siten yksil\\u00f6id\\u00e4 yksiselitteisesti, ja tiedot ovat kaikkien halukkaiden saatavilla maksutta.\\nISO 17442 -standardi sis\\u00e4lt\\u00e4\\u00e4 seuraavat tiedot:\\n- Omistajan nimi sellaisena kuin se esiintyy kaupparekisteriss\\u00e4 tai muissa hakemistoissa.\\n- Osoite\\n- Maa, jossa yritys on perustettu\\n- LEI-tunnuksen my\\u00f6nt\\u00e4misp\\u00e4iv\\u00e4\\n- Koodi maan nimien esitt\\u00e4mist\\u00e4 varten.&quot;},{&quot;_id&quot;:&quot;cf-7wY7XZz_mEtLX0P_SkFfF&quot;,&quot;_type&quot;:&quot;_&quot;,&quot;question&quot;:&quot;Mit\\u00e4 ovat tason 2 tiedot?&quot;,&quot;answer&quot;:&quot;Tason 1 tiedot antavat tietoa oikeudenhaltijasta.\\nJos kyseess\\u00e4 on tyt\\u00e4ryhti\\u00f6, on kartoitettava riippuvuudet emoyhti\\u00f6st\\u00e4. N\\u00e4m\\u00e4 tiedot sis\\u00e4ltyv\\u00e4t tason 2 tietoihin. Tason 2 tiedot on toimitettava vain, jos emoyhti\\u00f6 konsolidoi tyt\\u00e4ryhti\\u00f6n tilinp\\u00e4\\u00e4t\\u00f6ksen. Emoyhti\\u00f6n viimeinen konsolidoitu tilinp\\u00e4\\u00e4t\\u00f6s on toimitettava tietojen sy\\u00f6tt\\u00e4misen yhteydess\\u00e4.&quot;}]'><\/faq-component>\n\n\n\n<div style=\"height:100px\" aria-hidden=\"true\" class=\"wp-block-spacer\"><\/div>\n","protected":false},"excerpt":{"rendered":"","protected":false},"author":1,"featured_media":0,"parent":0,"menu_order":0,"comment_status":"closed","ping_status":"closed","template":"","meta":{"footnotes":""},"class_list":["post-1173","page","type-page","status-publish","hentry"],"yoast_head":"<!-- This site is optimized with the Yoast SEO plugin v25.3.1 - https:\/\/yoast.com\/wordpress\/plugins\/seo\/ -->\n<title>FAQ - LEI.net<\/title>\n<meta name=\"robots\" content=\"noindex, follow, max-snippet:-1, max-image-preview:large, max-video-preview:-1\" \/>\n<meta property=\"og:locale\" content=\"fi_FI\" \/>\n<meta property=\"og:type\" content=\"article\" \/>\n<meta property=\"og:title\" content=\"FAQ - LEI.net\" \/>\n<meta property=\"og:url\" content=\"https:\/\/dev.lei.net\/fi\/faq\/\" \/>\n<meta property=\"og:site_name\" content=\"LEI.net\" \/>\n<meta property=\"article:modified_time\" content=\"2024-03-15T12:39:22+00:00\" \/>\n<meta name=\"twitter:card\" content=\"summary_large_image\" \/>\n<script type=\"application\/ld+json\" class=\"yoast-schema-graph\">{\"@context\":\"https:\/\/schema.org\",\"@graph\":[{\"@type\":\"WebPage\",\"@id\":\"https:\/\/dev.lei.net\/fi\/faq\/\",\"url\":\"https:\/\/dev.lei.net\/fi\/faq\/\",\"name\":\"FAQ - LEI.net\",\"isPartOf\":{\"@id\":\"https:\/\/dev.lei.net\/#website\"},\"datePublished\":\"2021-06-25T10:26:54+00:00\",\"dateModified\":\"2024-03-15T12:39:22+00:00\",\"breadcrumb\":{\"@id\":\"https:\/\/dev.lei.net\/fi\/faq\/#breadcrumb\"},\"inLanguage\":\"fi\",\"potentialAction\":[{\"@type\":\"ReadAction\",\"target\":[\"https:\/\/dev.lei.net\/fi\/faq\/\"]}]},{\"@type\":\"BreadcrumbList\",\"@id\":\"https:\/\/dev.lei.net\/fi\/faq\/#breadcrumb\",\"itemListElement\":[{\"@type\":\"ListItem\",\"position\":1,\"name\":\"Startseite\",\"item\":\"https:\/\/dev.lei.net\/fi\/\"},{\"@type\":\"ListItem\",\"position\":2,\"name\":\"FAQ\"}]},{\"@type\":\"WebSite\",\"@id\":\"https:\/\/dev.lei.net\/#website\",\"url\":\"https:\/\/dev.lei.net\/\",\"name\":\"LEI.net\",\"description\":\"Official Legal Entity Identifier (LEI) Registrar\",\"publisher\":{\"@id\":\"https:\/\/dev.lei.net\/#organization\"},\"potentialAction\":[{\"@type\":\"SearchAction\",\"target\":{\"@type\":\"EntryPoint\",\"urlTemplate\":\"https:\/\/dev.lei.net\/?s={search_term_string}\"},\"query-input\":{\"@type\":\"PropertyValueSpecification\",\"valueRequired\":true,\"valueName\":\"search_term_string\"}}],\"inLanguage\":\"fi\"},{\"@type\":\"Organization\",\"@id\":\"https:\/\/dev.lei.net\/#organization\",\"name\":\"F.I.D.Firmeninformationsdienst GmbH\",\"url\":\"https:\/\/dev.lei.net\/\",\"logo\":{\"@type\":\"ImageObject\",\"inLanguage\":\"fi\",\"@id\":\"https:\/\/dev.lei.net\/#\/schema\/logo\/image\/\",\"url\":\"https:\/\/dev.lei.net\/wp-content\/uploads\/2021\/12\/color_vertical.jpg\",\"contentUrl\":\"https:\/\/dev.lei.net\/wp-content\/uploads\/2021\/12\/color_vertical.jpg\",\"width\":283,\"height\":283,\"caption\":\"F.I.D.Firmeninformationsdienst GmbH\"},\"image\":{\"@id\":\"https:\/\/dev.lei.net\/#\/schema\/logo\/image\/\"}}]}<\/script>\n<!-- \/ Yoast SEO plugin. -->","yoast_head_json":{"title":"FAQ - LEI.net","robots":{"index":"noindex","follow":"follow","max-snippet":"max-snippet:-1","max-image-preview":"max-image-preview:large","max-video-preview":"max-video-preview:-1"},"og_locale":"fi_FI","og_type":"article","og_title":"FAQ - LEI.net","og_url":"https:\/\/dev.lei.net\/fi\/faq\/","og_site_name":"LEI.net","article_modified_time":"2024-03-15T12:39:22+00:00","twitter_card":"summary_large_image","schema":{"@context":"https:\/\/schema.org","@graph":[{"@type":"WebPage","@id":"https:\/\/dev.lei.net\/fi\/faq\/","url":"https:\/\/dev.lei.net\/fi\/faq\/","name":"FAQ - LEI.net","isPartOf":{"@id":"https:\/\/dev.lei.net\/#website"},"datePublished":"2021-06-25T10:26:54+00:00","dateModified":"2024-03-15T12:39:22+00:00","breadcrumb":{"@id":"https:\/\/dev.lei.net\/fi\/faq\/#breadcrumb"},"inLanguage":"fi","potentialAction":[{"@type":"ReadAction","target":["https:\/\/dev.lei.net\/fi\/faq\/"]}]},{"@type":"BreadcrumbList","@id":"https:\/\/dev.lei.net\/fi\/faq\/#breadcrumb","itemListElement":[{"@type":"ListItem","position":1,"name":"Startseite","item":"https:\/\/dev.lei.net\/fi\/"},{"@type":"ListItem","position":2,"name":"FAQ"}]},{"@type":"WebSite","@id":"https:\/\/dev.lei.net\/#website","url":"https:\/\/dev.lei.net\/","name":"LEI.net","description":"Official Legal Entity Identifier (LEI) Registrar","publisher":{"@id":"https:\/\/dev.lei.net\/#organization"},"potentialAction":[{"@type":"SearchAction","target":{"@type":"EntryPoint","urlTemplate":"https:\/\/dev.lei.net\/?s={search_term_string}"},"query-input":{"@type":"PropertyValueSpecification","valueRequired":true,"valueName":"search_term_string"}}],"inLanguage":"fi"},{"@type":"Organization","@id":"https:\/\/dev.lei.net\/#organization","name":"F.I.D.Firmeninformationsdienst GmbH","url":"https:\/\/dev.lei.net\/","logo":{"@type":"ImageObject","inLanguage":"fi","@id":"https:\/\/dev.lei.net\/#\/schema\/logo\/image\/","url":"https:\/\/dev.lei.net\/wp-content\/uploads\/2021\/12\/color_vertical.jpg","contentUrl":"https:\/\/dev.lei.net\/wp-content\/uploads\/2021\/12\/color_vertical.jpg","width":283,"height":283,"caption":"F.I.D.Firmeninformationsdienst GmbH"},"image":{"@id":"https:\/\/dev.lei.net\/#\/schema\/logo\/image\/"}}]}},"_links":{"self":[{"href":"https:\/\/dev.lei.net\/fi\/wp-json\/wp\/v2\/pages\/1173","targetHints":{"allow":["GET"]}}],"collection":[{"href":"https:\/\/dev.lei.net\/fi\/wp-json\/wp\/v2\/pages"}],"about":[{"href":"https:\/\/dev.lei.net\/fi\/wp-json\/wp\/v2\/types\/page"}],"author":[{"embeddable":true,"href":"https:\/\/dev.lei.net\/fi\/wp-json\/wp\/v2\/users\/1"}],"replies":[{"embeddable":true,"href":"https:\/\/dev.lei.net\/fi\/wp-json\/wp\/v2\/comments?post=1173"}],"version-history":[{"count":4,"href":"https:\/\/dev.lei.net\/fi\/wp-json\/wp\/v2\/pages\/1173\/revisions"}],"predecessor-version":[{"id":5212,"href":"https:\/\/dev.lei.net\/fi\/wp-json\/wp\/v2\/pages\/1173\/revisions\/5212"}],"wp:attachment":[{"href":"https:\/\/dev.lei.net\/fi\/wp-json\/wp\/v2\/media?parent=1173"}],"curies":[{"name":"wp","href":"https:\/\/api.w.org\/{rel}","templated":true}]}}