{"id":5304,"date":"2021-06-30T13:14:28","date_gmt":"2021-06-30T12:14:28","guid":{"rendered":"https:\/\/dev.lei.net\/renewal\/"},"modified":"2024-03-15T16:37:22","modified_gmt":"2024-03-15T15:37:22","slug":"megujitas","status":"publish","type":"page","link":"https:\/\/dev.lei.net\/hu\/megujitas\/","title":{"rendered":"Meg\u00faj\u00edt\u00e1s"},"content":{"rendered":"\n<select-plan-component default-subscription-type=\"renewal\" :switcher=\"false\" :reasons=\"[{&quot;_type&quot;:&quot;_&quot;,&quot;reason_code&quot;:&quot;NATURAL_PERSON&quot;,&quot;reason&quot;:&quot;Natural persons: By definition, there is no parent because the entity is controlled by a natural person or persons without an intermediate parent that meets the definition of the parent&#039;s scope of consolidation.&quot;,&quot;information_points&quot;:[]},{&quot;_type&quot;:&quot;_&quot;,&quot;reason_code&quot;:&quot;NON_CONSOLIDATING&quot;,&quot;reason&quot;:&quot;NON_CONSOLIDATED: According to the definition, there is no parent company because the entity is controlled by legal entities that are not subject to the preparation of consolidated financial statements.&quot;,&quot;information_points&quot;:[]},{&quot;_type&quot;:&quot;_&quot;,&quot;reason_code&quot;:&quot;NO_KNOWN_PERSON&quot;,&quot;reason&quot;:&quot;No known person: According to the definition, there is no parent in the Legal Entity Identifier Foundation because there is no known person controlling the entity (e.g. dispersed shareholders).&quot;,&quot;information_points&quot;:[]},{&quot;_type&quot;:&quot;_&quot;,&quot;reason_code&quot;:&quot;NON_PUBLIC&quot;,&quot;reason&quot;:&quot;NON_PUBLIC: For the following applications:&quot;,&quot;information_points&quot;:[{&quot;_type&quot;:&quot;_&quot;,&quot;information_point&quot;:&quot;Legal Barriers: Barriers in a jurisdiction&#039;s laws or regulations prevent the provision or publication of information. The entity cannot publish the parent company in the global LEI number database.&quot;},{&quot;_type&quot;:&quot;_&quot;,&quot;information_point&quot;:&quot;Consent not obtained: According to the applicable legal framework, the consent of the parent company was required and the parent company did not consent or could not be contacted.&quot;},{&quot;_type&quot;:&quot;_&quot;,&quot;information_point&quot;:&quot;Binding legal commitments: Binding legal commitments (other than the laws or regulations of a jurisdiction), such as the statutes governing the legal entity or a contract, prevent the provision or publication of this information.&quot;},{&quot;_type&quot;:&quot;_&quot;,&quot;information_point&quot;:&quot;Impairment not exempted: The subsidiary requested to visit the parent company in relation to the parent company&#039;s reporting, but was unable to confirm this due to the lack of impairment in a way that would avoid reasonable risks of liability for the subsidiary.&quot;},{&quot;_type&quot;:&quot;_&quot;,&quot;information_point&quot;:&quot;Adverse effect on disclosure: Disclosure of this information would be detrimental to the relevant legal entity or parent entity. This includes reasons generally accepted by public authorities in similar circumstances, based on a statement by the entity.&quot;}]},{&quot;_type&quot;:&quot;_&quot;,&quot;reason_code&quot;:&quot;NO_LEI&quot;,&quot;reason&quot;:&quot;No LEI: Child Legal Entity reports it does have a parent according to the definition used but this parent does not yet have an LEI.&quot;,&quot;information_points&quot;:[]}]\" :countries=\"{&quot;AF&quot;:&quot;Afghanistan&quot;,&quot;AL&quot;:&quot;Albania&quot;,&quot;DZ&quot;:&quot;Algeria&quot;,&quot;AS&quot;:&quot;American Samoa&quot;,&quot;AD&quot;:&quot;Andorra&quot;,&quot;AO&quot;:&quot;Angola&quot;,&quot;AI&quot;:&quot;Anguilla&quot;,&quot;AG&quot;:&quot;Antigua and Barbuda&quot;,&quot;AR&quot;:&quot;Argentina&quot;,&quot;AM&quot;:&quot;Armenia&quot;,&quot;AW&quot;:&quot;Aruba&quot;,&quot;AU&quot;:&quot;Australia&quot;,&quot;AT&quot;:&quot;Austria&quot;,&quot;AZ&quot;:&quot;Azerbaijan&quot;,&quot;BS&quot;:&quot;Bahamas&quot;,&quot;BD&quot;:&quot;Bangladesh&quot;,&quot;BB&quot;:&quot;Barbados&quot;,&quot;BY&quot;:&quot;Belarus&quot;,&quot;BE&quot;:&quot;Belgium&quot;,&quot;BZ&quot;:&quot;Belize&quot;,&quot;BJ&quot;:&quot;Benin&quot;,&quot;BM&quot;:&quot;Bermuda&quot;,&quot;BT&quot;:&quot;Bhutan&quot;,&quot;BO&quot;:&quot;Bolivia&quot;,&quot;BA&quot;:&quot;Bosnia and Herzegovina&quot;,&quot;BW&quot;:&quot;Botswana&quot;,&quot;BV&quot;:&quot;Bouvet Island&quot;,&quot;BR&quot;:&quot;Brazil&quot;,&quot;IO&quot;:&quot;British Indian Ocean Territory&quot;,&quot;BN&quot;:&quot;Brunei Darussalam&quot;,&quot;BG&quot;:&quot;Bulgaria&quot;,&quot;BF&quot;:&quot;Burkina Faso&quot;,&quot;BI&quot;:&quot;Burundi&quot;,&quot;KH&quot;:&quot;Cambodia&quot;,&quot;CM&quot;:&quot;Cameroon&quot;,&quot;CA&quot;:&quot;Canada&quot;,&quot;KY&quot;:&quot;Cayman Islands&quot;,&quot;CF&quot;:&quot;Central African Republic&quot;,&quot;TD&quot;:&quot;Chad&quot;,&quot;CL&quot;:&quot;Chile&quot;,&quot;CN&quot;:&quot;China&quot;,&quot;CX&quot;:&quot;Christmas Island&quot;,&quot;CC&quot;:&quot;Cocos (Keeling) Islands&quot;,&quot;CO&quot;:&quot;Colombia&quot;,&quot;KM&quot;:&quot;Comoros&quot;,&quot;CG&quot;:&quot;Congo&quot;,&quot;CK&quot;:&quot;Cook Islands&quot;,&quot;CR&quot;:&quot;Costa Rica&quot;,&quot;CI&quot;:&quot;C\\u00f4te d&#039;Ivoire&quot;,&quot;HR&quot;:&quot;Croatia&quot;,&quot;CY&quot;:&quot;Cyprus&quot;,&quot;CZ&quot;:&quot;Czech Republic&quot;,&quot;DK&quot;:&quot;Denmark&quot;,&quot;DJ&quot;:&quot;Djibouti&quot;,&quot;DM&quot;:&quot;Dominica&quot;,&quot;DO&quot;:&quot;Dominican Republic&quot;,&quot;EC&quot;:&quot;Ecuador&quot;,&quot;EG&quot;:&quot;Egypt&quot;,&quot;SV&quot;:&quot;El Salvador&quot;,&quot;GQ&quot;:&quot;Equatorial Guinea&quot;,&quot;EE&quot;:&quot;Estonia&quot;,&quot;ET&quot;:&quot;Ethiopia&quot;,&quot;FK&quot;:&quot;Falkland Islands (Malvinas)&quot;,&quot;FO&quot;:&quot;Faroe Islands&quot;,&quot;FJ&quot;:&quot;Fiji&quot;,&quot;FI&quot;:&quot;Finland&quot;,&quot;FR&quot;:&quot;France&quot;,&quot;GF&quot;:&quot;French Guiana&quot;,&quot;PF&quot;:&quot;French Polynesia&quot;,&quot;TF&quot;:&quot;French Southern Territories&quot;,&quot;GA&quot;:&quot;Gabon&quot;,&quot;GM&quot;:&quot;Gambia&quot;,&quot;GE&quot;:&quot;Georgia&quot;,&quot;DE&quot;:&quot;Germany&quot;,&quot;GH&quot;:&quot;Ghana&quot;,&quot;GI&quot;:&quot;Gibraltar&quot;,&quot;GR&quot;:&quot;Greece&quot;,&quot;GL&quot;:&quot;Greenland&quot;,&quot;GD&quot;:&quot;Grenada&quot;,&quot;GP&quot;:&quot;Guadeloupe&quot;,&quot;GU&quot;:&quot;Guam&quot;,&quot;GT&quot;:&quot;Guatemala&quot;,&quot;GN&quot;:&quot;Guinea&quot;,&quot;GW&quot;:&quot;Guinea-Bissau&quot;,&quot;GY&quot;:&quot;Guyana&quot;,&quot;HT&quot;:&quot;Haiti&quot;,&quot;HM&quot;:&quot;Heard Island and McDonald Islands&quot;,&quot;VA&quot;:&quot;Holy See (Vatican City State)&quot;,&quot;HN&quot;:&quot;Honduras&quot;,&quot;HK&quot;:&quot;Hong Kong&quot;,&quot;HU&quot;:&quot;Hungary&quot;,&quot;IS&quot;:&quot;Iceland&quot;,&quot;IN&quot;:&quot;India&quot;,&quot;ID&quot;:&quot;Indonesia&quot;,&quot;IR&quot;:&quot;Iran&quot;,&quot;IQ&quot;:&quot;Iraq&quot;,&quot;IE&quot;:&quot;Ireland&quot;,&quot;IL&quot;:&quot;Israel&quot;,&quot;IT&quot;:&quot;Italy&quot;,&quot;JM&quot;:&quot;Jamaica&quot;,&quot;JP&quot;:&quot;Japan&quot;,&quot;JO&quot;:&quot;Jordan&quot;,&quot;KZ&quot;:&quot;Kazakhstan&quot;,&quot;KE&quot;:&quot;Kenya&quot;,&quot;KI&quot;:&quot;Kiribati&quot;,&quot;KP&quot;:&quot;North Korea&quot;,&quot;KR&quot;:&quot;South Korea&quot;,&quot;KW&quot;:&quot;Kuwait&quot;,&quot;KG&quot;:&quot;Kyrgyzstan&quot;,&quot;LA&quot;:&quot;Lao People&#039;s Democratic Republic&quot;,&quot;LV&quot;:&quot;Latvia&quot;,&quot;LB&quot;:&quot;Lebanon&quot;,&quot;LS&quot;:&quot;Lesotho&quot;,&quot;LR&quot;:&quot;Liberia&quot;,&quot;LY&quot;:&quot;Libyan Arab Jamahiriya&quot;,&quot;LI&quot;:&quot;Liechtenstein&quot;,&quot;LT&quot;:&quot;Lithuania&quot;,&quot;LU&quot;:&quot;Luxembourg&quot;,&quot;MO&quot;:&quot;Macao&quot;,&quot;MK&quot;:&quot;Macedonia&quot;,&quot;MG&quot;:&quot;Madagascar&quot;,&quot;MW&quot;:&quot;Malawi&quot;,&quot;MY&quot;:&quot;Malaysia&quot;,&quot;MV&quot;:&quot;Maldives&quot;,&quot;ML&quot;:&quot;Mali&quot;,&quot;MT&quot;:&quot;Malta&quot;,&quot;MH&quot;:&quot;Marshall Islands&quot;,&quot;MQ&quot;:&quot;Martinique&quot;,&quot;MR&quot;:&quot;Mauritania&quot;,&quot;MU&quot;:&quot;Mauritius&quot;,&quot;YT&quot;:&quot;Mayotte&quot;,&quot;MX&quot;:&quot;Mexico&quot;,&quot;FM&quot;:&quot;Micronesia&quot;,&quot;MD&quot;:&quot;Moldova&quot;,&quot;MC&quot;:&quot;Monaco&quot;,&quot;MN&quot;:&quot;Mongolia&quot;,&quot;ME&quot;:&quot;Montenegro&quot;,&quot;MS&quot;:&quot;Montserrat&quot;,&quot;MA&quot;:&quot;Morocco&quot;,&quot;MZ&quot;:&quot;Mozambique&quot;,&quot;MM&quot;:&quot;Myanmar&quot;,&quot;NA&quot;:&quot;Namibia&quot;,&quot;NR&quot;:&quot;Nauru&quot;,&quot;NP&quot;:&quot;Nepal&quot;,&quot;NL&quot;:&quot;Netherlands&quot;,&quot;AN&quot;:&quot;Netherlands Antilles&quot;,&quot;NC&quot;:&quot;New Caledonia&quot;,&quot;NZ&quot;:&quot;New Zealand&quot;,&quot;NI&quot;:&quot;Nicaragua&quot;,&quot;NE&quot;:&quot;Niger&quot;,&quot;NG&quot;:&quot;Nigeria&quot;,&quot;NU&quot;:&quot;Niue&quot;,&quot;NF&quot;:&quot;Norfolk Island&quot;,&quot;MP&quot;:&quot;Northern Mariana Islands&quot;,&quot;NO&quot;:&quot;Norway&quot;,&quot;OM&quot;:&quot;Oman&quot;,&quot;PK&quot;:&quot;Pakistan&quot;,&quot;PW&quot;:&quot;Palau&quot;,&quot;PS&quot;:&quot;Palestinian Territory&quot;,&quot;PA&quot;:&quot;Panama&quot;,&quot;PG&quot;:&quot;Papua New Guinea&quot;,&quot;PY&quot;:&quot;Paraguay&quot;,&quot;PE&quot;:&quot;Peru&quot;,&quot;PH&quot;:&quot;Philippines&quot;,&quot;PN&quot;:&quot;Pitcairn&quot;,&quot;PL&quot;:&quot;Poland&quot;,&quot;PT&quot;:&quot;Portugal&quot;,&quot;PR&quot;:&quot;Puerto Rico&quot;,&quot;QA&quot;:&quot;Qatar&quot;,&quot;RE&quot;:&quot;R\\u00e9union&quot;,&quot;RO&quot;:&quot;Romania&quot;,&quot;RU&quot;:&quot;Russian Federation&quot;,&quot;RW&quot;:&quot;Rwanda&quot;,&quot;WS&quot;:&quot;Samoa&quot;,&quot;SM&quot;:&quot;San Marino&quot;,&quot;ST&quot;:&quot;Sao Tome and Principe&quot;,&quot;SA&quot;:&quot;Saudi Arabia&quot;,&quot;SN&quot;:&quot;Senegal&quot;,&quot;RS&quot;:&quot;Serbia&quot;,&quot;SC&quot;:&quot;Seychelles&quot;,&quot;SL&quot;:&quot;Sierra Leone&quot;,&quot;SG&quot;:&quot;Singapore&quot;,&quot;SK&quot;:&quot;Slovakia&quot;,&quot;SI&quot;:&quot;Slovenia&quot;,&quot;SB&quot;:&quot;Solomon Islands&quot;,&quot;SO&quot;:&quot;Somalia&quot;,&quot;ZA&quot;:&quot;South Africa&quot;,&quot;GS&quot;:&quot;South Georgia and the South Sandwich Islands&quot;,&quot;ES&quot;:&quot;Spain&quot;,&quot;LK&quot;:&quot;Sri Lanka&quot;,&quot;SD&quot;:&quot;Sudan&quot;,&quot;SR&quot;:&quot;Suriname&quot;,&quot;SJ&quot;:&quot;Svalbard and Jan Mayen&quot;,&quot;SZ&quot;:&quot;Swaziland&quot;,&quot;SE&quot;:&quot;Sweden&quot;,&quot;CH&quot;:&quot;Switzerland&quot;,&quot;SY&quot;:&quot;Syrian Arab Republic&quot;,&quot;TW&quot;:&quot;Taiwan&quot;,&quot;TJ&quot;:&quot;Tajikistan&quot;,&quot;TZ&quot;:&quot;Tanzania&quot;,&quot;TH&quot;:&quot;Thailand&quot;,&quot;TL&quot;:&quot;Timor-Leste&quot;,&quot;TG&quot;:&quot;Togo&quot;,&quot;TK&quot;:&quot;Tokelau&quot;,&quot;TO&quot;:&quot;Tonga&quot;,&quot;TT&quot;:&quot;Trinidad and Tobago&quot;,&quot;TN&quot;:&quot;Tunisia&quot;,&quot;TR&quot;:&quot;Turkey&quot;,&quot;TM&quot;:&quot;Turkmenistan&quot;,&quot;TC&quot;:&quot;Turks and Caicos Islands&quot;,&quot;TV&quot;:&quot;Tuvalu&quot;,&quot;UG&quot;:&quot;Uganda&quot;,&quot;UA&quot;:&quot;Ukraine&quot;,&quot;AE&quot;:&quot;United Arab Emirates&quot;,&quot;GB&quot;:&quot;United Kingdom&quot;,&quot;US&quot;:&quot;United States&quot;,&quot;UM&quot;:&quot;United States Minor Outlying Islands&quot;,&quot;UY&quot;:&quot;Uruguay&quot;,&quot;UZ&quot;:&quot;Uzbekistan&quot;,&quot;VU&quot;:&quot;Vanuatu&quot;,&quot;VE&quot;:&quot;Venezuela&quot;,&quot;VN&quot;:&quot;Viet Nam&quot;,&quot;VG&quot;:&quot;Virgin Islands, British&quot;,&quot;VI&quot;:&quot;Virgin Islands, U.S.&quot;,&quot;WF&quot;:&quot;Wallis and Futuna&quot;,&quot;EH&quot;:&quot;Western Sahara&quot;,&quot;YE&quot;:&quot;Yemen&quot;,&quot;ZM&quot;:&quot;Zambia&quot;,&quot;ZW&quot;:&quot;Zimbabwe&quot;}\" :plans=\"{&quot;registration&quot;:[{&quot;pricePerYear&quot;:&quot;331670\\u20ac \\\/ 1 \\u00e9v&quot;,&quot;price&quot;:&quot;331670\\u20ac&quot;,&quot;priceText&quot;:&quot; \\\/ 1 \\u00e9v&quot;,&quot;duration&quot;:&quot;1 \\u00e9v&quot;,&quot;name&quot;:&quot;Starter&quot;,&quot;isPopular&quot;:false,&quot;benefits&quot;:[]}],&quot;renewal&quot;:[{&quot;pricePerYear&quot;:&quot;331670\\u20ac \\\/ 1 \\u00e9v&quot;,&quot;price&quot;:&quot;331670\\u20ac&quot;,&quot;priceText&quot;:&quot; \\\/ 1 \\u00e9v&quot;,&quot;duration&quot;:&quot;1 \\u00e9v&quot;,&quot;name&quot;:&quot;Eco&quot;,&quot;isPopular&quot;:&quot;&quot;,&quot;benefits&quot;:&quot;&quot;}],&quot;transfer&quot;:[{&quot;pricePerYear&quot;:&quot;331670\\u20ac \\\/ 1 \\u00e9v&quot;,&quot;price&quot;:&quot;331670\\u20ac&quot;,&quot;priceText&quot;:&quot; \\\/ 1 \\u00e9v&quot;,&quot;duration&quot;:&quot;1 \\u00e9v&quot;,&quot;name&quot;:&quot;Eco&quot;,&quot;isPopular&quot;:&quot;&quot;,&quot;benefits&quot;:&quot;&quot;}]}\" lang=\"hu\" plan-bg=\"https:\/\/dev.lei.net\/wp-content\/themes\/leinumber\/assets\/images\/plan-bg.webp\" confirm-bg=\"https:\/\/dev.lei.net\/wp-content\/themes\/leinumber\/assets\/images\/confirm-bg.webp\"><\/select-plan-component>\n\n\n\n<div style=\"height:50px\" aria-hidden=\"true\" class=\"wp-block-spacer\"><\/div>\n\n\n\n<h2 class=\"wp-block-heading has-text-align-center font-axiforma\" style=\"font-size:45px;font-style:normal;font-weight:600\">GYIK<\/h2>\n\n\n\n<p class=\"has-text-align-center\">\u00dcgyfeleink gyakran a k\u00f6vetkez\u0151 k\u00e9rd\u00e9seket teszik fel<\/p>\n\n\n\n<div style=\"height:50px\" aria-hidden=\"true\" class=\"wp-block-spacer\"><\/div>\n\n\n<faq-component data='[{&quot;_id&quot;:&quot;cf-7xXS7pMhCFdLOXeAkaKC2&quot;,&quot;_type&quot;:&quot;_&quot;,&quot;question&quot;:&quot;Mit jelent az LEI meg\\u00faj\\u00edt\\u00e1sa?&quot;,&quot;answer&quot;:&quot;A kibocs\\u00e1tott LEI sz\\u00e1m pontosan egy \\u00e9vig \\u00e9rv\\u00e9nyes. Ez azt jelenti, hogy pontosan abban a napban kell meg\\u00faj\\u00edtani, amikor \\u00e9rv\\u00e9nyess\\u00e9g\\u00e9t veszti. Ha ezt a hat\\u00e1rid\\u0151t nem tartj\\u00e1k be, az LEI sz\\u00e1ma inaktiv\\u00e1l\\u00f3dik, am\\u00edg meg nem \\u00faj\\u00edtj\\u00e1k. Ez a meg\\u00faj\\u00edt\\u00e1si folyamat sz\\u00fcks\\u00e9ges annak biztos\\u00edt\\u00e1sa \\u00e9rdek\\u00e9ben, hogy az adatok naprak\\u00e9szek legyenek a nemzetk\\u00f6zi LEI adatb\\u00e1zisban, \\u00edgy a glob\\u00e1lis p\\u00e9nz\\u00fcgyi piac tranzakci\\u00f3i lehet\\u0151 leg\\u00e1tl\\u00e1that\\u00f3bbak \\u00e9s biztons\\u00e1gosak legyenek.&quot;},{&quot;_id&quot;:&quot;cf-mAF6NF1o2yxnqnW45Ekn3&quot;,&quot;_type&quot;:&quot;_&quot;,&quot;question&quot;:&quot;Hogyan \\u00faj\\u00edthatom meg az LEI-t?&quot;,&quot;answer&quot;:&quot;Az LEI sz\\u00e1m meg\\u00faj\\u00edt\\u00e1s\\u00e1hoz egyszer\\u0171en t\\u00f6ltse ki a rendelkez\\u00e9sre \\u00e1ll\\u00f3 \\u0171rlapot. Ehhez sz\\u00fcks\\u00e9g van a megl\\u00e9v\\u0151 LEI sz\\u00e1mra vagy a c\\u00e9g nev\\u00e9re. A megv\\u00e1ltozott c\\u00e9gadatokat itt \\u00fajra be kell \\u00edrni. Ha automatiz\\u00e1lni szeretn\\u00e9 ezt a folyamatot, n\\u00e9zze meg 3 vagy 5 \\u00e9ves el\\u0151fizet\\u00e9si aj\\u00e1nlatunkat.nnCsak akkor tudjuk meg\\u00faj\\u00edtani az LEI sz\\u00e1m\\u00e1t, ha azt n\\u00e1lunk kezelik. Ha jelenleg m\\u00e1sik szolg\\u00e1ltat\\u00f3n\\u00e1l van, k\\u00e9rj\\u00fck, haszn\\u00e1lja az \\u00e1tutal\\u00e1si \\u0171rlapot.&quot;},{&quot;_id&quot;:&quot;cf-OJe3ST2nRkT3aztB_bzga&quot;,&quot;_type&quot;:&quot;_&quot;,&quot;question&quot;:&quot;Mit jelent az LEI sz\\u00e1m?&quot;,&quot;answer&quot;:&quot;A v\\u00e1llalkoz\\u00f3k az LEI sz\\u00e1mot haszn\\u00e1lhatj\\u00e1k p\\u00e9nz\\u00fcgyi tranzakci\\u00f3k lebonyol\\u00edt\\u00e1s\\u00e1hoz. Az LEI sz\\u00e1m alapj\\u00e1n minden sz\\u00fcks\\u00e9ges adat megtekinthet\\u0151, p\\u00e9ld\\u00e1ul egy \\u00fczleti partner \\u00e1ltal. Az \\u00f6sszes LEI sz\\u00e1mmal rendelkez\\u0151 tulajdonos adatait egy glob\\u00e1lis adatb\\u00e1zisban (GLEIS) r\\u00f6gz\\u00edtik. Ez nyilv\\u00e1nosan hozz\\u00e1f\\u00e9rhet\\u0151 \\u00e9s n\\u00e9h\\u00e1ny perc alatt konkr\\u00e9t lek\\u00e9rdez\\u00e9st biztos\\u00edt.nnAz LEI sz\\u00e1mot egy transznacion\\u00e1lis int\\u00e9zm\\u00e9ny, a GLEIF (Global Entitiy Identifier Foundation) bocs\\u00e1tja ki. Ez az int\\u00e9zm\\u00e9ny, amely 2014 \\u00f3ta l\\u00e9tezik, B\\u00e1zeli sz\\u00e9khely\\u0171. Hozz\\u00e1 kapcsol\\u00f3dnak a LOUS (Local Operation Units) \\u00e9s a Regisztr\\u00e1ci\\u00f3s \\u00dcgyn\\u00f6ks\\u00e9gek. A v\\u00e1llalkoz\\u00f3 az LEI sz\\u00e1m\\u00e1t ezeken kereszt\\u00fcl ig\\u00e9nyelheti. Egyszer\\u0171en t\\u00f6ltse ki az \\u0171rlapot \\u00e9s k\\u00fcldje el a jelentkez\\u00e9si lapot. T\\u00f6bb k\\u00fcl\\u00f6nb\\u00f6z\\u0151 lehet\\u0151s\\u00e9g k\\u00f6z\\u00fcl v\\u00e1laszthat. Ha t\\u00f6bb \\u00e9vre sz\\u00fcks\\u00e9ge van az LEI sz\\u00e1mra, akkor azonnal ig\\u00e9nyelhet automatiz\\u00e1lt meg\\u00faj\\u00edt\\u00e1st k\\u00fcl\\u00f6nb\\u00f6z\\u0151 modellekben. Az LEI sz\\u00e1m csak egy \\u00e9vig \\u00e9rv\\u00e9nyes, ezut\\u00e1n meg kell \\u00faj\\u00edtani. Ha t\\u00f6bb \\u00e9ves szerz\\u0151d\\u00e9se van, mi gondoskodunk a meg\\u00faj\\u00edt\\u00e1sr\\u00f3l.nnAz LEI sz\\u00e1m kiad\\u00e1sa \\u00e1ltal\\u00e1ban 24 \\u00f3r\\u00e1t vesz ig\\u00e9nybe a fizet\\u00e9s be\\u00e9rkez\\u00e9se ut\\u00e1n. T\\u00f6bb fizet\\u00e9si m\\u00f3dot k\\u00edn\\u00e1lunk, hogy a feldolgoz\\u00e1si folyamat min\\u00e9l z\\u00f6kken\\u0151mentesebb legyen.&quot;},{&quot;_id&quot;:&quot;cf-PiuUGJaAcZu5vGsQ5gbT9&quot;,&quot;_type&quot;:&quot;_&quot;,&quot;question&quot;:&quot;Az LEI sz\\u00e1m \\u00fczleti el\\u0151nyei&quot;,&quot;answer&quot;:&quot;A Jogi Szem\\u00e9ly Azonos\\u00edt\\u00f3 modellj\\u00e9t gyorsan elfogadt\\u00e1k a vil\\u00e1g jogrendszerei, \\u00edgy egy nemzetk\\u00f6zileg szabv\\u00e1nyos\\u00edtott folyamatot k\\u00f6vet. Az \\u00fczleti adatok digit\\u00e1lis r\\u00f6gz\\u00edt\\u00e9si m\\u00f3dszere seg\\u00edts\\u00e9g\\u00e9vel a bankok p\\u00e9ld\\u00e1ul sokkal hat\\u00e9konyabban ellen\\u0151rizhetik a potenci\\u00e1lis \\u00fcgyfelek sz\\u00fcks\\u00e9ges adatait, ami jelent\\u0151sen cs\\u00f6kkenti a hozz\\u00e1 kapcsol\\u00f3d\\u00f3 adminisztrat\\u00edv terheket. Ez\\u00e1ltal megakad\\u00e1lyozhat\\u00f3, hogy a potenci\\u00e1lis \\u00fcgyfelek elvesz\\u00edts\\u00e9k a gy\\u0171jt\\u00e9si folyamat sor\\u00e1n a folyamat hossza \\u00e9s bonyolults\\u00e1ga, valamint az \\u00e1tadand\\u00f3 inform\\u00e1ci\\u00f3k miatt. \\u00cdgy elker\\u00fclhet\\u0151k a p\\u00e9nz\\u00fcgyi vesztes\\u00e9gek \\u00e9s cs\\u00f6kkenthet\\u0151k a felesleges adminisztrat\\u00edv k\\u00f6lts\\u00e9gek.nnAz LEI-k sz\\u00e9les k\\u00f6r\\u0171 elfogad\\u00e1sa jelent\\u0151s m\\u00e9rt\\u00e9kben cs\\u00f6kkenti a glob\\u00e1lis p\\u00e9nz\\u00fcgyi piact\\u00e9r tranzakci\\u00f3ival kapcsolatos kock\\u00e1zatokat. Az LEI sz\\u00e1m haszn\\u00e1lat\\u00e1val gener\\u00e1lt c\\u00e9gadatok seg\\u00edts\\u00e9g\\u00e9vel tudja, kivel v\\u00e9gez tranzakci\\u00f3t \\u00e9s ki a tulajdonosa. Ezeknek az inform\\u00e1ci\\u00f3knak a hozz\\u00e1f\\u00e9r\\u00e9s\\u00e9vel megb\\u00edzhat\\u00f3an felm\\u00e9rheti a kock\\u00e1zatokat \\u00e9s t\\u00e1j\\u00e9kozott d\\u00f6nt\\u00e9seket hozhat.&quot;}]'><\/faq-component>\n","protected":false},"excerpt":{"rendered":"<p>GYIK \u00dcgyfeleink gyakran a k\u00f6vetkez\u0151 k\u00e9rd\u00e9seket teszik fel<\/p>\n","protected":false},"author":1,"featured_media":0,"parent":0,"menu_order":0,"comment_status":"closed","ping_status":"closed","template":"","meta":{"footnotes":""},"class_list":["post-5304","page","type-page","status-publish","hentry"],"yoast_head":"<!-- This site is optimized with the Yoast SEO plugin v25.3.1 - https:\/\/yoast.com\/wordpress\/plugins\/seo\/ -->\n<title>Meg\u00faj\u00edt\u00e1s - LEI.net<\/title>\n<meta name=\"robots\" content=\"noindex, follow, max-snippet:-1, max-image-preview:large, max-video-preview:-1\" \/>\n<meta property=\"og:locale\" content=\"hu_HU\" \/>\n<meta property=\"og:type\" content=\"article\" \/>\n<meta property=\"og:title\" content=\"Meg\u00faj\u00edt\u00e1s - LEI.net\" \/>\n<meta property=\"og:description\" content=\"GYIK \u00dcgyfeleink gyakran a k\u00f6vetkez\u0151 k\u00e9rd\u00e9seket teszik fel\" \/>\n<meta property=\"og:url\" content=\"https:\/\/dev.lei.net\/renewal\/\" \/>\n<meta property=\"og:site_name\" content=\"LEI.net\" \/>\n<meta property=\"article:modified_time\" content=\"2024-03-15T15:37:22+00:00\" \/>\n<meta name=\"twitter:card\" content=\"summary_large_image\" \/>\n<meta name=\"twitter:label1\" content=\"Becs\u00fclt olvas\u00e1si id\u0151\" \/>\n\t<meta name=\"twitter:data1\" content=\"1 perc\" \/>\n<script type=\"application\/ld+json\" class=\"yoast-schema-graph\">{\"@context\":\"https:\/\/schema.org\",\"@graph\":[{\"@type\":\"WebPage\",\"@id\":\"https:\/\/dev.lei.net\/renewal\/\",\"url\":\"https:\/\/dev.lei.net\/renewal\/\",\"name\":\"Meg\u00faj\u00edt\u00e1s - LEI.net\",\"isPartOf\":{\"@id\":\"https:\/\/dev.lei.net\/#website\"},\"datePublished\":\"2021-06-30T12:14:28+00:00\",\"dateModified\":\"2024-03-15T15:37:22+00:00\",\"breadcrumb\":{\"@id\":\"https:\/\/dev.lei.net\/renewal\/#breadcrumb\"},\"inLanguage\":\"hu\",\"potentialAction\":[{\"@type\":\"ReadAction\",\"target\":[\"https:\/\/dev.lei.net\/renewal\/\"]}]},{\"@type\":\"BreadcrumbList\",\"@id\":\"https:\/\/dev.lei.net\/renewal\/#breadcrumb\",\"itemListElement\":[{\"@type\":\"ListItem\",\"position\":1,\"name\":\"Startseite\",\"item\":\"https:\/\/dev.lei.net\/hu\/\"},{\"@type\":\"ListItem\",\"position\":2,\"name\":\"Meg\u00faj\u00edt\u00e1s\"}]},{\"@type\":\"WebSite\",\"@id\":\"https:\/\/dev.lei.net\/#website\",\"url\":\"https:\/\/dev.lei.net\/\",\"name\":\"LEI.net\",\"description\":\"Official Legal Entity Identifier (LEI) Registrar\",\"publisher\":{\"@id\":\"https:\/\/dev.lei.net\/#organization\"},\"potentialAction\":[{\"@type\":\"SearchAction\",\"target\":{\"@type\":\"EntryPoint\",\"urlTemplate\":\"https:\/\/dev.lei.net\/?s={search_term_string}\"},\"query-input\":{\"@type\":\"PropertyValueSpecification\",\"valueRequired\":true,\"valueName\":\"search_term_string\"}}],\"inLanguage\":\"hu\"},{\"@type\":\"Organization\",\"@id\":\"https:\/\/dev.lei.net\/#organization\",\"name\":\"F.I.D.Firmeninformationsdienst GmbH\",\"url\":\"https:\/\/dev.lei.net\/\",\"logo\":{\"@type\":\"ImageObject\",\"inLanguage\":\"hu\",\"@id\":\"https:\/\/dev.lei.net\/#\/schema\/logo\/image\/\",\"url\":\"https:\/\/dev.lei.net\/wp-content\/uploads\/2021\/12\/color_vertical.jpg\",\"contentUrl\":\"https:\/\/dev.lei.net\/wp-content\/uploads\/2021\/12\/color_vertical.jpg\",\"width\":283,\"height\":283,\"caption\":\"F.I.D.Firmeninformationsdienst GmbH\"},\"image\":{\"@id\":\"https:\/\/dev.lei.net\/#\/schema\/logo\/image\/\"}}]}<\/script>\n<!-- \/ Yoast SEO plugin. -->","yoast_head_json":{"title":"Meg\u00faj\u00edt\u00e1s - LEI.net","robots":{"index":"noindex","follow":"follow","max-snippet":"max-snippet:-1","max-image-preview":"max-image-preview:large","max-video-preview":"max-video-preview:-1"},"og_locale":"hu_HU","og_type":"article","og_title":"Meg\u00faj\u00edt\u00e1s - LEI.net","og_description":"GYIK \u00dcgyfeleink gyakran a k\u00f6vetkez\u0151 k\u00e9rd\u00e9seket teszik fel","og_url":"https:\/\/dev.lei.net\/renewal\/","og_site_name":"LEI.net","article_modified_time":"2024-03-15T15:37:22+00:00","twitter_card":"summary_large_image","twitter_misc":{"Becs\u00fclt olvas\u00e1si id\u0151":"1 perc"},"schema":{"@context":"https:\/\/schema.org","@graph":[{"@type":"WebPage","@id":"https:\/\/dev.lei.net\/renewal\/","url":"https:\/\/dev.lei.net\/renewal\/","name":"Meg\u00faj\u00edt\u00e1s - LEI.net","isPartOf":{"@id":"https:\/\/dev.lei.net\/#website"},"datePublished":"2021-06-30T12:14:28+00:00","dateModified":"2024-03-15T15:37:22+00:00","breadcrumb":{"@id":"https:\/\/dev.lei.net\/renewal\/#breadcrumb"},"inLanguage":"hu","potentialAction":[{"@type":"ReadAction","target":["https:\/\/dev.lei.net\/renewal\/"]}]},{"@type":"BreadcrumbList","@id":"https:\/\/dev.lei.net\/renewal\/#breadcrumb","itemListElement":[{"@type":"ListItem","position":1,"name":"Startseite","item":"https:\/\/dev.lei.net\/hu\/"},{"@type":"ListItem","position":2,"name":"Meg\u00faj\u00edt\u00e1s"}]},{"@type":"WebSite","@id":"https:\/\/dev.lei.net\/#website","url":"https:\/\/dev.lei.net\/","name":"LEI.net","description":"Official Legal Entity Identifier (LEI) Registrar","publisher":{"@id":"https:\/\/dev.lei.net\/#organization"},"potentialAction":[{"@type":"SearchAction","target":{"@type":"EntryPoint","urlTemplate":"https:\/\/dev.lei.net\/?s={search_term_string}"},"query-input":{"@type":"PropertyValueSpecification","valueRequired":true,"valueName":"search_term_string"}}],"inLanguage":"hu"},{"@type":"Organization","@id":"https:\/\/dev.lei.net\/#organization","name":"F.I.D.Firmeninformationsdienst GmbH","url":"https:\/\/dev.lei.net\/","logo":{"@type":"ImageObject","inLanguage":"hu","@id":"https:\/\/dev.lei.net\/#\/schema\/logo\/image\/","url":"https:\/\/dev.lei.net\/wp-content\/uploads\/2021\/12\/color_vertical.jpg","contentUrl":"https:\/\/dev.lei.net\/wp-content\/uploads\/2021\/12\/color_vertical.jpg","width":283,"height":283,"caption":"F.I.D.Firmeninformationsdienst GmbH"},"image":{"@id":"https:\/\/dev.lei.net\/#\/schema\/logo\/image\/"}}]}},"_links":{"self":[{"href":"https:\/\/dev.lei.net\/hu\/wp-json\/wp\/v2\/pages\/5304","targetHints":{"allow":["GET"]}}],"collection":[{"href":"https:\/\/dev.lei.net\/hu\/wp-json\/wp\/v2\/pages"}],"about":[{"href":"https:\/\/dev.lei.net\/hu\/wp-json\/wp\/v2\/types\/page"}],"author":[{"embeddable":true,"href":"https:\/\/dev.lei.net\/hu\/wp-json\/wp\/v2\/users\/1"}],"replies":[{"embeddable":true,"href":"https:\/\/dev.lei.net\/hu\/wp-json\/wp\/v2\/comments?post=5304"}],"version-history":[{"count":2,"href":"https:\/\/dev.lei.net\/hu\/wp-json\/wp\/v2\/pages\/5304\/revisions"}],"predecessor-version":[{"id":5308,"href":"https:\/\/dev.lei.net\/hu\/wp-json\/wp\/v2\/pages\/5304\/revisions\/5308"}],"wp:attachment":[{"href":"https:\/\/dev.lei.net\/hu\/wp-json\/wp\/v2\/media?parent=5304"}],"curies":[{"name":"wp","href":"https:\/\/api.w.org\/{rel}","templated":true}]}}