{"id":944,"date":"2021-06-25T11:26:54","date_gmt":"2021-06-25T10:26:54","guid":{"rendered":"https:\/\/dev.lei.net\/faq\/"},"modified":"2024-03-14T18:35:52","modified_gmt":"2024-03-14T17:35:52","slug":"gyik","status":"publish","type":"page","link":"https:\/\/dev.lei.net\/hu\/gyik\/","title":{"rendered":"GYIK"},"content":{"rendered":"\n<div class=\"wp-block-columns is-layout-flex wp-container-core-columns-is-layout-9d6595d7 wp-block-columns-is-layout-flex\">\n<div class=\"wp-block-column is-layout-flow wp-block-column-is-layout-flow\">  <div class=\"container px-4 xl:px-0\">\n    <div class=\"flex flex-wrap  mb-10 md:mb-16\">\n      <div class=\"w-full md:w-1\/2\">\n      <h1 class=\"font-axiforma text-[45px] md:text-[55px] text-center md:text-left\">GYIK<\/h1>\n              <p class=\"text-base md:text-xl font-light text-center md:text-left\">Az \u00fcgyfelek gyakran teszik fel nek\u00fcnk a k\u00f6vetkez\u0151 k\u00e9rd\u00e9seket<\/p>\n            <\/div>\n      <div class=\"w-full md:w-1\/2 flex justify-center mt-10 md:mt-0\">\n        <img loading=\"lazy\" decoding=\"async\" alt=\"\" src=\"https:\/\/dev.lei.net\/wp-content\/uploads\/2024\/01\/faq.svg\" width=\"590\" height=\"300\">      <\/div>\n    <\/div>\n  <\/div>\n<\/div>\n<\/div>\n\n\n<faq-component data='[{&quot;_id&quot;:&quot;cf-50Nl3FH2ydNW1g8XHf2e3&quot;,&quot;_type&quot;:&quot;_&quot;,&quot;question&quot;:&quot;Mi az a LEI?&quot;,&quot;answer&quot;:&quot;A LEI a jogi szem\\u00e9ly azonos\\u00edt\\u00f3j\\u00e1nak r\\u00f6vid\\u00edt\\u00e9se. Ez egy h\\u00faszjegy\\u0171 sz\\u00e1m, amely a jogosult pontos azonos\\u00edt\\u00e1s\\u00e1ra haszn\\u00e1lhat\\u00f3. A jogi szem\\u00e9lyek ilyen egyedi hozz\\u00e1rendel\\u00e9se nagyobb \\u00e1tl\\u00e1that\\u00f3s\\u00e1got teremt a nemzetk\\u00f6zi p\\u00e9nz\\u00fcgyi piacokon.&quot;},{&quot;_id&quot;:&quot;cf-Jua8VigBnsboBhrGp6Cw0&quot;,&quot;_type&quot;:&quot;_&quot;,&quot;question&quot;:&quot;Mi az a LOU?&quot;,&quot;answer&quot;:&quot;A LOU r\\u00f6vid\\u00edt\\u00e9s a Local Operation Unit r\\u00f6vid\\u00edt\\u00e9se, amely a GLEIF nev\\u00e9ben LEI-sz\\u00e1mokat kiad\\u00f3 szervezetekre utal.&quot;},{&quot;_id&quot;:&quot;cf-HpNTEQMXbCfU3pBjqE0vF&quot;,&quot;_type&quot;:&quot;_&quot;,&quot;question&quot;:&quot;Mit jelent a GLEIF?&quot;,&quot;answer&quot;:&quot;A Global Legal Entity Identifier Foundation, r\\u00f6viden GLEIF, egy b\\u00e1zeli sz\\u00e9khely\\u0171 transznacion\\u00e1lis alap\\u00edtv\\u00e1ny, amelyet a P\\u00e9nz\\u00fcgyi Stabilit\\u00e1si Tan\\u00e1cs alap\\u00edtott 2014-ben. A GLEIF f\\u0151 feladata a LEI-sz\\u00e1mok kiad\\u00e1sa a LOU-knak, amelyek viszont LEI-sz\\u00e1mokat adnak ki a jogi szem\\u00e9lyeknek.&quot;},{&quot;_id&quot;:&quot;cf-cOxOdZUnSbRztg60Jdxev&quot;,&quot;_type&quot;:&quot;_&quot;,&quot;question&quot;:&quot;Mit jelent a GLEIS?&quot;,&quot;answer&quot;:&quot;A Glob\\u00e1lis LEI-rendszer, r\\u00f6vid\\u00edtve GLEIS, egy olyan vil\\u00e1gm\\u00e9ret\\u0171 adatb\\u00e1zis, amelyben a LEI-sz\\u00e1mmal rendelkez\\u0151 valamennyi tulajdonos adatai szerepelnek. Az adatb\\u00e1zis b\\u00e1rki sz\\u00e1m\\u00e1ra ingyenesen megtekinthet\\u0151.&quot;},{&quot;_id&quot;:&quot;cf-dCv9mzmVzEVh8I3CIVp_l&quot;,&quot;_type&quot;:&quot;_&quot;,&quot;question&quot;:&quot;Milyen c\\u00e9lb\\u00f3l van sz\\u00fcks\\u00e9ge LEI-k\\u00f3dra?&quot;,&quot;answer&quot;:&quot;A LEI-k\\u00f3d lehet\\u0151v\\u00e9 teszi a p\\u00e9nz\\u00fcgyi tranzakci\\u00f3k r\\u00e9sztvev\\u0151inek azonos\\u00edt\\u00e1s\\u00e1t. Ez megk\\u00f6nny\\u00edti a jogi jelent\\u00e9si k\\u00f6telezetts\\u00e9geknek val\\u00f3 megfelel\\u00e9st, \\u00e9s megel\\u0151zi a p\\u00e9nz\\u00fcgyi tranzakci\\u00f3kkal val\\u00f3 vissza\\u00e9l\\u00e9s kock\\u00e1zat\\u00e1t.&quot;},{&quot;_id&quot;:&quot;cf-0j4zHyT0RzBALIkPzJ0jD&quot;,&quot;_type&quot;:&quot;_&quot;,&quot;question&quot;:&quot;Mennyi id\\u0151be telik egy LEI-k\\u00f3d j\\u00f3v\\u00e1hagy\\u00e1sa?&quot;,&quot;answer&quot;:&quot;A LEI-sz\\u00e1mot \\u00e1ltal\\u00e1ban a fizet\\u00e9s be\\u00e9rkez\\u00e9s\\u00e9t k\\u00f6vet\\u0151 24 \\u00f3r\\u00e1n bel\\u00fcl adj\\u00e1k ki. A megadott adatok el\\u00e9gtelens\\u00e9ge miatt k\\u00e9sedelmek el\\u0151fordulhatnak.&quot;},{&quot;_id&quot;:&quot;cf-kUscQF9lV1zAYQI0jb9l7&quot;,&quot;_type&quot;:&quot;_&quot;,&quot;question&quot;:&quot;Kinek van sz\\u00fcks\\u00e9ge LEI-sz\\u00e1mra?&quot;,&quot;answer&quot;:&quot;A LEI-sz\\u00e1mot a p\\u00e9nz\\u00fcgyi tranzakci\\u00f3k minden r\\u00e9sztvev\\u0151j\\u00e9nek meg kell adnia. Ez t\\u00f6bbek k\\u00f6z\\u00f6tt a k\\u00f6vetkez\\u0151kre vonatkozik:\\n- t\\u00e1rsas\\u00e1gok, le\\u00e1nyv\\u00e1llalataik \\u00e9s fi\\u00f3ktelepeik\\n- alap\\u00edtv\\u00e1nyok \\u00e9s alapok\\n- nonprofit szervezetek\\n- k\\u00f6zint\\u00e9zm\\u00e9nyek \\u00e9s hat\\u00f3s\\u00e1gok\\n- Egy\\u00e9ni v\\u00e1llalkoz\\u00f3k&quot;},{&quot;_id&quot;:&quot;cf-5NMndnDQDPuDqdN8V0SOj&quot;,&quot;_type&quot;:&quot;_&quot;,&quot;question&quot;:&quot;Meddig haszn\\u00e1lhatja a LEI-t?&quot;,&quot;answer&quot;:&quot;A LEI-sz\\u00e1m kiad\\u00e1sa ut\\u00e1n a sz\\u00e1m kezdetben egy \\u00e9vig \\u00e9rv\\u00e9nyes. Ezt az \\u00e9vet k\\u00f6vet\\u0151en a LEI-k\\u00f3dot meg kell \\u00faj\\u00edtani.&quot;},{&quot;_id&quot;:&quot;cf-fHAuvu_su4ASpDPYtbz8B&quot;,&quot;_type&quot;:&quot;_&quot;,&quot;question&quot;:&quot;Mi t\\u00f6rt\\u00e9nik, ha a LEI lej\\u00e1r?&quot;,&quot;answer&quot;:&quot;Ha egy LEI-sz\\u00e1m m\\u00e1r nem \\u00e9rv\\u00e9nyes, a t\\u00e1rsult v\\u00e1llalkoz\\u00e1s nem v\\u00e9gezhet vele p\\u00e9nz\\u00fcgyi tranzakci\\u00f3kat. Ha nem biztos abban, hogy a LEI-sz\\u00e1m m\\u00e9g \\u00e9rv\\u00e9nyes, akkor lek\\u00e9rdez\\u00e9st v\\u00e9gezhet. Ha a sz\\u00e1m m\\u00e1r nem \\u00e9rv\\u00e9nyes, meg kell \\u00faj\\u00edtania.&quot;},{&quot;_id&quot;:&quot;cf-Y5ek7wWCWUQCItL5Vsmn7&quot;,&quot;_type&quot;:&quot;_&quot;,&quot;question&quot;:&quot;Lehets\\u00e9ges \\u00faj LEI-t ig\\u00e9nyelni?&quot;,&quot;answer&quot;:&quot;Ha a LEI-k\\u00f3dot egyszer m\\u00e1r kiadt\\u00e1k vagy meg\\u00faj\\u00edtott\\u00e1k, azt nem lehet megv\\u00e1ltoztatni. Egy \\u00e9v eltelt\\u00e9vel meg kell \\u00faj\\u00edtani a LEI-sz\\u00e1mot. A LEI-sz\\u00e1mot t\\u00f6bb \\u00e9vre ig\\u00e9nyelheti oldalunkon kereszt\\u00fcl. A meg\\u00faj\\u00edt\\u00e1sr\\u00f3l id\\u0151ben gondoskodunk.&quot;},{&quot;_id&quot;:&quot;cf-Jtp0v71nGc2VS3YH5rlXf&quot;,&quot;_type&quot;:&quot;_&quot;,&quot;question&quot;:&quot;Hol kaphatok LEI-t?&quot;,&quot;answer&quot;:&quot;A LEI-sz\\u00e1mot online lehet ig\\u00e9nyelni egy LOU-n\\u00e1l vagy egy regisztr\\u00e1ci\\u00f3s \\u00fcgyn\\u00f6kn\\u00e9l. Ehhez ki kell t\\u00f6lteni az online \\u0171rlapot, \\u00e9s ki kell v\\u00e1lasztani a fizet\\u00e9si m\\u00f3dot. A LEI-k\\u00f3dot egy \\u00f3r\\u00e1n bel\\u00fcl megkapja a megadott e-mail c\\u00edmre.&quot;},{&quot;_id&quot;:&quot;cf-FZKP3gkZf2DT2QABxFWZX&quot;,&quot;_type&quot;:&quot;_&quot;,&quot;question&quot;:&quot;Mit jelentenek a LEI-k\\u00f3dban szerepl\\u0151 sz\\u00e1mok \\u00e9s bet\\u0171k?&quot;,&quot;answer&quot;:&quot;A Lei-k\\u00f3d \\u00f6sszesen 20 sz\\u00e1mjegyb\\u0151l \\u00e1ll. Mindig n\\u00e9gy sz\\u00e1mjeggyel kezd\\u0151dik, ami lehet\\u0151v\\u00e9 teszi a felel\\u0151s LOU azonos\\u00edt\\u00e1s\\u00e1t. Ezt k\\u00e9t nulla k\\u00f6veti, amely elv\\u00e1lasztja a LOU-k\\u00f3dot a t\\u00f6bbit\\u0151l. Ezut\\u00e1n egy tizenk\\u00e9t sz\\u00e1mb\\u00f3l \\u00e9s sz\\u00e1mjegyb\\u0151l \\u00e1ll\\u00f3 sorozat k\\u00f6vetkezik. Ez a jogtulajdonos t\\u00e9nyleges azonos\\u00edt\\u00f3ja. V\\u00e9g\\u00fcl egy ellen\\u0151rz\\u0151 sz\\u00e1mjegy k\\u00f6vetkezik. Ez azt hivatott megakad\\u00e1lyozni, hogy a LEI-sz\\u00e1mot egy t\\u00e9ves bejegyz\\u00e9s k\\u00f6vetkezt\\u00e9ben egy m\\u00e1sik jogtulajdonoshoz rendelj\\u00e9k.&quot;},{&quot;_id&quot;:&quot;cf-oWsrAtr61UKdX7JhFxx9k&quot;,&quot;_type&quot;:&quot;_&quot;,&quot;question&quot;:&quot;Nyilv\\u00e1nosak az adataim?&quot;,&quot;answer&quot;:&quot;A LEI-hez kapcsol\\u00f3d\\u00f3 inform\\u00e1ci\\u00f3kat b\\u00e1rki megtekintheti. Ezeket a GLEIS-ben, a GLLEIF adatb\\u00e1zis\\u00e1ban t\\u00e1rolj\\u00e1k.&quot;},{&quot;_id&quot;:&quot;cf-fuhsQTJXzg3LWGHo9c2tM&quot;,&quot;_type&quot;:&quot;_&quot;,&quot;question&quot;:&quot;Milyen adatok \\u00e1llnak nyilv\\u00e1nosan rendelkez\\u00e9sre?&quot;,&quot;answer&quot;:&quot;A jogi szem\\u00e9ly neve mellett a jogi szem\\u00e9ly sz\\u00e9khely\\u00e9nek \\u00e9s a t\\u00e1rsult v\\u00e1llalkoz\\u00e1s sz\\u00e9khely\\u00e9nek adatait, valamint a LEI-sz\\u00e1m adatait is k\\u00f6zz\\u00e9teszik.&quot;},{&quot;_id&quot;:&quot;cf-dFvCy0aWesWWZJ3fSYqIp&quot;,&quot;_type&quot;:&quot;_&quot;,&quot;question&quot;:&quot;Milyen el\\u0151nyei vannak a LEI-sz\\u00e1m haszn\\u00e1lat\\u00e1nak?&quot;,&quot;answer&quot;:&quot;A LEI-sz\\u00e1mok cs\\u00f6kkentik a p\\u00e9nz\\u00fcgyi tranzakci\\u00f3k kock\\u00e1zat\\u00e1t a nemzetk\\u00f6zi p\\u00e9nz\\u00fcgyi piacon, mivel a megn\\u00f6vekedett \\u00e1tl\\u00e1that\\u00f3s\\u00e1g lehet\\u0151v\\u00e9 teszi, hogy az elj\\u00e1r\\u00f3 felek t\\u00e1j\\u00e9koz\\u00f3djanak (potenci\\u00e1lis) \\u00fczleti partnereikr\\u0151l.\\nA LEI tov\\u00e1bb\\u00e1 megk\\u00f6nny\\u00edtheti az \\u00fcgyfelek regisztr\\u00e1ci\\u00f3j\\u00e1t, mivel a sokf\\u00e9le adat helyett csak a LEI-sz\\u00e1mot kell megadni. Ily m\\u00f3don a bank minden olyan inform\\u00e1ci\\u00f3val rendelkezik, amelyre a p\\u00e9nz\\u00fcgyi tranzakci\\u00f3k lebonyol\\u00edt\\u00e1s\\u00e1hoz sz\\u00fcks\\u00e9ge van.&quot;},{&quot;_id&quot;:&quot;cf-XJfHxejjc3WjsGG3ExhJu&quot;,&quot;_type&quot;:&quot;_&quot;,&quot;question&quot;:&quot;Hogyan lehet meg\\u00faj\\u00edtani egy LEI-t?&quot;,&quot;answer&quot;:&quot;A LEI-sz\\u00e1mot egyszer\\u0171en meg\\u00faj\\u00edthatja oldalunkon a r\\u00f6vid LEI meg\\u00faj\\u00edt\\u00e1si \\u0171rlap kit\\u00f6lt\\u00e9s\\u00e9vel. Lehet\\u0151s\\u00e9g van t\\u00f6bb \\u00e9vre sz\\u00f3l\\u00f3 szerz\\u0151d\\u00e9st k\\u00f6tni, \\u00edgy amikor LEI-je lej\\u00e1r, automatikusan gondoskodunk annak meg\\u00faj\\u00edt\\u00e1s\\u00e1r\\u00f3l.&quot;},{&quot;_id&quot;:&quot;cf-2ctTNtrnCJaqfo55XKTxI&quot;,&quot;_type&quot;:&quot;_&quot;,&quot;question&quot;:&quot;Lehets\\u00e9ges-e az LEI-t egyik szolg\\u00e1ltat\\u00f3r\\u00f3l a m\\u00e1sikra \\u00e1tvinni?&quot;,&quot;answer&quot;:&quot;Ha az \\u00d6n LEI-sz\\u00e1m\\u00e1t m\\u00e1r regisztr\\u00e1lt\\u00e1k egy m\\u00e1sik szolg\\u00e1ltat\\u00f3n\\u00e1l, akkor azt gond n\\u00e9lk\\u00fcl \\u00e1tviheti hozz\\u00e1nk. Ehhez egyszer\\u0171en haszn\\u00e1lja a honlapunkon tal\\u00e1lhat\\u00f3 LEI-\\u00e1truh\\u00e1z\\u00e1si \\u0171rlapot.&quot;},{&quot;_id&quot;:&quot;cf-IxxpX4iPFL73Ae6DC0b8N&quot;,&quot;_type&quot;:&quot;_&quot;,&quot;question&quot;:&quot;Milyen dokumentumok sz\\u00fcks\\u00e9gesek egy \\u00faj LEI-sz\\u00e1m regisztr\\u00e1l\\u00e1s\\u00e1hoz?&quot;,&quot;answer&quot;:&quot;Ha a jogi szem\\u00e9ly be van jegyezve egy nyilv\\u00e1ntart\\u00e1sba, p\\u00e9ld\\u00e1ul a kereskedelmi nyilv\\u00e1ntart\\u00e1sba, nincs sz\\u00fcks\\u00e9g tov\\u00e1bbi dokument\\u00e1ci\\u00f3ra.\\nEgyes t\\u00e1rsas\\u00e1gok k\\u00f6zvetlen\\u00fcl kapcsol\\u00f3dnak egy anyav\\u00e1llalathoz. Ebben az esetben a kapcsolatot igazol\\u00f3 dokumentumokra van sz\\u00fcks\\u00e9g. Ezek lehetnek \\u00e9ves p\\u00e9nz\\u00fcgyi kimutat\\u00e1sok vagy konszolid\\u00e1lt p\\u00e9nz\\u00fcgyi kimutat\\u00e1sok. A kereskedelmi nyilv\\u00e1ntart\\u00e1sba bejegyzett t\\u00e1rsas\\u00e1gok eset\\u00e9ben ezek a dokumentumok nem sz\\u00fcks\\u00e9gesek.\\nAzoknak a t\\u00e1rsas\\u00e1goknak, amelyek nem szerepelnek semmilyen nyilv\\u00e1ntart\\u00e1sban, m\\u00e1s m\\u00f3don kell igazolniuk a t\\u00e1rsas\\u00e1g l\\u00e9tez\\u00e9s\\u00e9t. Ez t\\u00f6rt\\u00e9nhet t\\u00f6bbek k\\u00f6z\\u00f6tt t\\u00e1rsas\\u00e1gi szerz\\u0151d\\u00e9ssel, c\\u00e9gbejegyz\\u00e9ssel vagy r\\u00e9szv\\u00e9nyesi meg\\u00e1llapod\\u00e1ssal. Ez az egy\\u00e9ni v\\u00e1llalkoz\\u00f3kra is vonatkozik.\\nAz alapok \\u00fczleti tev\\u00e9kenys\\u00e9g\\u00fcket p\\u00e9ld\\u00e1ul a BaFin forgalmaz\\u00e1si enged\\u00e9ly\\u00e9vel igazolj\\u00e1k.&quot;},{&quot;_id&quot;:&quot;cf-_73sczeo2QhzSenMnRrmS&quot;,&quot;_type&quot;:&quot;_&quot;,&quot;question&quot;:&quot;Szeretn\\u00e9k LEI-t ig\\u00e9nyelni egy befektet\\u00e9si eszk\\u00f6zre. Mit kell tennem?&quot;,&quot;answer&quot;:&quot;A k\\u00e9relem beny\\u00fajt\\u00e1sakor felt\\u00e9tlen\\u00fcl adja meg a LEI-sz\\u00e1mot kezel\\u0151 v\\u00e1llalatot. Erre nincs sz\\u00fcks\\u00e9g, ha a vagyont a nyilv\\u00e1ntart\\u00f3 b\\u00edr\\u00f3s\\u00e1gon jegyezt\\u00e9k be. Ha a befektet\\u00e9si eszk\\u00f6z\\u00f6ket a nyilv\\u00e1ntart\\u00f3 b\\u00edr\\u00f3s\\u00e1gon tartj\\u00e1k nyilv\\u00e1n, akkor az int\\u00e9zm\\u00e9nyre vonatkoz\\u00f3an LEI-t kell ig\\u00e9nyelni.&quot;},{&quot;_id&quot;:&quot;cf-gOrNGkbM1_ixXSZKOJUhb&quot;,&quot;_type&quot;:&quot;_&quot;,&quot;question&quot;:&quot;Alkalmazhat\\u00f3-e egy LEI t\\u00f6bb v\\u00e1llalatra is?&quot;,&quot;answer&quot;:&quot;Ha t\\u00f6bb v\\u00e1llalatra szeretne LEI-sz\\u00e1mot ig\\u00e9nyelni, k\\u00fcldje el nek\\u00fcnk a v\\u00e1llalatok adatait (lehet\\u0151leg Excel-t\\u00e1bl\\u00e1zat form\\u00e1j\\u00e1ban). Mi gondoskodunk a LEI-sz\\u00e1mok ig\\u00e9nyl\\u00e9s\\u00e9r\\u0151l. E c\\u00e9lb\\u00f3l a legjobb, ha felveszi a kapcsolatot \\u00fcgyf\\u00e9lszolg\\u00e1latunkkal.&quot;},{&quot;_id&quot;:&quot;cf-j2QrVswUa4l4a4v3d_de7&quot;,&quot;_type&quot;:&quot;_&quot;,&quot;question&quot;:&quot;C\\u00e9gem sz\\u00e9khelye k\\u00fclf\\u00f6ld\\u00f6n van. Itt is ig\\u00e9nyelhetek LEI-t?&quot;,&quot;answer&quot;:&quot;A LEI f\\u00fcggetlen az \\u00e1llampolg\\u00e1rs\\u00e1gt\\u00f3l. \\u00cdgy \\u00d6n b\\u00e1rmikor ig\\u00e9nyelhet LEI-t szolg\\u00e1ltat\\u00e1sunkon kereszt\\u00fcl.&quot;},{&quot;_id&quot;:&quot;cf-Ne2Shw_Izaw68QST5KkBy&quot;,&quot;_type&quot;:&quot;_&quot;,&quot;question&quot;:&quot;Lesz-e b\\u00e1rmilyen k\\u00f6lts\\u00e9gem, ha regisztr\\u00e1lok ezen az oldalon?&quot;,&quot;answer&quot;:&quot;A regisztr\\u00e1ci\\u00f3 ezen az oldalon ingyenes \\u00e9s nem k\\u00f6telez\\u0151 az \\u00d6n sz\\u00e1m\\u00e1ra.&quot;},{&quot;_id&quot;:&quot;cf-aTcfCGBv0LnUSgQ2MtJhF&quot;,&quot;_type&quot;:&quot;_&quot;,&quot;question&quot;:&quot;Mennyibe ker\\u00fcl a LEI-sz\\u00e1mokra vonatkoz\\u00f3 inform\\u00e1ci\\u00f3k lek\\u00e9rdez\\u00e9se \\u00e9s let\\u00f6lt\\u00e9se?&quot;,&quot;answer&quot;:&quot;Ez a szolg\\u00e1ltat\\u00e1s oldalunkon ingyenes.&quot;},{&quot;_id&quot;:&quot;cf-rGRAZE48Rm1y0JFArMQ15&quot;,&quot;_type&quot;:&quot;_&quot;,&quot;question&quot;:&quot;Mit tehetek, ha nem tal\\u00e1lom a LEI-t a keres\\u0151ben?&quot;,&quot;answer&quot;:&quot;A c\\u00e9gn\\u00e9v megad\\u00e1sakor \\u00fcgyeljen a helyes \\u00edr\\u00e1sm\\u00f3dra. Gyakran haszn\\u00e1lnak r\\u00f6vid\\u00edt\\u00e9seket, m\\u00e9g akkor is, ha a c\\u00e9gn\\u00e9v a c\\u00e9gjegyz\\u00e9kben teljes bet\\u0171vel szerepel.\\nHa csak nemr\\u00e9giben ig\\u00e9nyelte a LEI-sz\\u00e1mot, lehets\\u00e9ges, hogy m\\u00e9g nem osztott\\u00e1k ki. Ez ak\\u00e1r 24 \\u00f3r\\u00e1t is ig\\u00e9nybe vehet. V\\u00e1rjon m\\u00e9g n\\u00e9h\\u00e1ny \\u00f3r\\u00e1t, \\u00e9s pr\\u00f3b\\u00e1lja meg \\u00fajra. Ha m\\u00e9g mindig nem tal\\u00e1lja a v\\u00e1llalatot, l\\u00e9pjen kapcsolatba \\u00fcgyf\\u00e9lszolg\\u00e1latunkkal.&quot;},{&quot;_id&quot;:&quot;cf-cvS7F1MkaniTXat5ZO0BC&quot;,&quot;_type&quot;:&quot;_&quot;,&quot;question&quot;:&quot;Mit jelent az ISO 17442 szabv\\u00e1ny?&quot;,&quot;answer&quot;:&quot;Ebben a szabv\\u00e1nyban a Nemzetk\\u00f6zi Szabv\\u00e1ny\\u00fcgyi Szervezet olyan adatokat hat\\u00e1rozott meg, amelyek alapj\\u00e1n a jogi szem\\u00e9lyek egy\\u00e9rtelm\\u0171en azonos\\u00edthat\\u00f3k. Mivel ez egy glob\\u00e1lisan \\u00e9rv\\u00e9nyes szabv\\u00e1ny, az ISO 17442 nem tartalmaz orsz\\u00e1gk\\u00f3dot. \\u00cdgy minden egyes jogi szem\\u00e9ly egy\\u00e9rtelm\\u0171en azonos\\u00edthat\\u00f3, \\u00e9s az adatok ingyenesen hozz\\u00e1f\\u00e9rhet\\u0151k minden \\u00e9rdekl\\u0151d\\u0151 sz\\u00e1m\\u00e1ra.\\nAz ISO 17442 szabv\\u00e1ny a k\\u00f6vetkez\\u0151 inform\\u00e1ci\\u00f3kat tartalmazza:\\n- A tulajdonos neve, ahogyan az a c\\u00e9gjegyz\\u00e9kben vagy m\\u00e1s n\\u00e9vjegyz\\u00e9kekben szerepel.\\n- A c\\u00edm\\n- Az orsz\\u00e1g, amelyben a v\\u00e1llalatot alap\\u00edtott\\u00e1k\\n- A LEI kioszt\\u00e1s\\u00e1nak id\\u0151pontja\\n- Az orsz\\u00e1gnevek \\u00e1br\\u00e1zol\\u00e1s\\u00e1ra szolg\\u00e1l\\u00f3 k\\u00f3dot.&quot;},{&quot;_id&quot;:&quot;cf-7wY7XZz_mEtLX0P_SkFfF&quot;,&quot;_type&quot;:&quot;_&quot;,&quot;question&quot;:&quot;Mi az a 2. szint\\u0171 adat?&quot;,&quot;answer&quot;:&quot;Az 1. szint\\u0171 adatok a jogtulajdonosra vonatkoz\\u00f3 inform\\u00e1ci\\u00f3kat tartalmaznak.\\nHa ez egy le\\u00e1nyv\\u00e1llalat, az anyav\\u00e1llalatt\\u00f3l val\\u00f3 f\\u00fcgg\\u0151s\\u00e9geket le kell k\\u00e9pezni. Ezt az inform\\u00e1ci\\u00f3t a 2. szint\\u0171 adatok tartalmazz\\u00e1k. A 2. szint\\u0171 adatokat csak akkor kell megadni, ha az anyav\\u00e1llalat konszolid\\u00e1lja a le\\u00e1nyv\\u00e1llalat p\\u00e9nz\\u00fcgyi kimutat\\u00e1sait. Az adatbevitel sor\\u00e1n az anyav\\u00e1llalat utols\\u00f3 konszolid\\u00e1lt p\\u00e9nz\\u00fcgyi kimutat\\u00e1sait kell megadni.&quot;}]'><\/faq-component>\n","protected":false},"excerpt":{"rendered":"","protected":false},"author":1,"featured_media":0,"parent":0,"menu_order":0,"comment_status":"closed","ping_status":"closed","template":"","meta":{"footnotes":""},"class_list":["post-944","page","type-page","status-publish","hentry"],"yoast_head":"<!-- This site is optimized with the Yoast SEO plugin v25.3.1 - https:\/\/yoast.com\/wordpress\/plugins\/seo\/ -->\n<title>GYIK - LEI.net<\/title>\n<meta name=\"robots\" content=\"noindex, follow, max-snippet:-1, max-image-preview:large, max-video-preview:-1\" \/>\n<meta property=\"og:locale\" content=\"hu_HU\" \/>\n<meta property=\"og:type\" content=\"article\" \/>\n<meta property=\"og:title\" content=\"GYIK - LEI.net\" \/>\n<meta property=\"og:url\" content=\"https:\/\/dev.lei.net\/hu\/gyik\/\" \/>\n<meta property=\"og:site_name\" content=\"LEI.net\" \/>\n<meta property=\"article:modified_time\" content=\"2024-03-14T17:35:52+00:00\" \/>\n<meta name=\"twitter:card\" content=\"summary_large_image\" \/>\n<script type=\"application\/ld+json\" class=\"yoast-schema-graph\">{\"@context\":\"https:\/\/schema.org\",\"@graph\":[{\"@type\":\"WebPage\",\"@id\":\"https:\/\/dev.lei.net\/hu\/gyik\/\",\"url\":\"https:\/\/dev.lei.net\/hu\/gyik\/\",\"name\":\"GYIK - LEI.net\",\"isPartOf\":{\"@id\":\"https:\/\/dev.lei.net\/#website\"},\"datePublished\":\"2021-06-25T10:26:54+00:00\",\"dateModified\":\"2024-03-14T17:35:52+00:00\",\"breadcrumb\":{\"@id\":\"https:\/\/dev.lei.net\/hu\/gyik\/#breadcrumb\"},\"inLanguage\":\"hu\",\"potentialAction\":[{\"@type\":\"ReadAction\",\"target\":[\"https:\/\/dev.lei.net\/hu\/gyik\/\"]}]},{\"@type\":\"BreadcrumbList\",\"@id\":\"https:\/\/dev.lei.net\/hu\/gyik\/#breadcrumb\",\"itemListElement\":[{\"@type\":\"ListItem\",\"position\":1,\"name\":\"Startseite\",\"item\":\"https:\/\/dev.lei.net\/hu\/\"},{\"@type\":\"ListItem\",\"position\":2,\"name\":\"GYIK\"}]},{\"@type\":\"WebSite\",\"@id\":\"https:\/\/dev.lei.net\/#website\",\"url\":\"https:\/\/dev.lei.net\/\",\"name\":\"LEI.net\",\"description\":\"Official Legal Entity Identifier (LEI) Registrar\",\"publisher\":{\"@id\":\"https:\/\/dev.lei.net\/#organization\"},\"potentialAction\":[{\"@type\":\"SearchAction\",\"target\":{\"@type\":\"EntryPoint\",\"urlTemplate\":\"https:\/\/dev.lei.net\/?s={search_term_string}\"},\"query-input\":{\"@type\":\"PropertyValueSpecification\",\"valueRequired\":true,\"valueName\":\"search_term_string\"}}],\"inLanguage\":\"hu\"},{\"@type\":\"Organization\",\"@id\":\"https:\/\/dev.lei.net\/#organization\",\"name\":\"F.I.D.Firmeninformationsdienst GmbH\",\"url\":\"https:\/\/dev.lei.net\/\",\"logo\":{\"@type\":\"ImageObject\",\"inLanguage\":\"hu\",\"@id\":\"https:\/\/dev.lei.net\/#\/schema\/logo\/image\/\",\"url\":\"https:\/\/dev.lei.net\/wp-content\/uploads\/2021\/12\/color_vertical.jpg\",\"contentUrl\":\"https:\/\/dev.lei.net\/wp-content\/uploads\/2021\/12\/color_vertical.jpg\",\"width\":283,\"height\":283,\"caption\":\"F.I.D.Firmeninformationsdienst GmbH\"},\"image\":{\"@id\":\"https:\/\/dev.lei.net\/#\/schema\/logo\/image\/\"}}]}<\/script>\n<!-- \/ Yoast SEO plugin. -->","yoast_head_json":{"title":"GYIK - LEI.net","robots":{"index":"noindex","follow":"follow","max-snippet":"max-snippet:-1","max-image-preview":"max-image-preview:large","max-video-preview":"max-video-preview:-1"},"og_locale":"hu_HU","og_type":"article","og_title":"GYIK - LEI.net","og_url":"https:\/\/dev.lei.net\/hu\/gyik\/","og_site_name":"LEI.net","article_modified_time":"2024-03-14T17:35:52+00:00","twitter_card":"summary_large_image","schema":{"@context":"https:\/\/schema.org","@graph":[{"@type":"WebPage","@id":"https:\/\/dev.lei.net\/hu\/gyik\/","url":"https:\/\/dev.lei.net\/hu\/gyik\/","name":"GYIK - LEI.net","isPartOf":{"@id":"https:\/\/dev.lei.net\/#website"},"datePublished":"2021-06-25T10:26:54+00:00","dateModified":"2024-03-14T17:35:52+00:00","breadcrumb":{"@id":"https:\/\/dev.lei.net\/hu\/gyik\/#breadcrumb"},"inLanguage":"hu","potentialAction":[{"@type":"ReadAction","target":["https:\/\/dev.lei.net\/hu\/gyik\/"]}]},{"@type":"BreadcrumbList","@id":"https:\/\/dev.lei.net\/hu\/gyik\/#breadcrumb","itemListElement":[{"@type":"ListItem","position":1,"name":"Startseite","item":"https:\/\/dev.lei.net\/hu\/"},{"@type":"ListItem","position":2,"name":"GYIK"}]},{"@type":"WebSite","@id":"https:\/\/dev.lei.net\/#website","url":"https:\/\/dev.lei.net\/","name":"LEI.net","description":"Official Legal Entity Identifier (LEI) Registrar","publisher":{"@id":"https:\/\/dev.lei.net\/#organization"},"potentialAction":[{"@type":"SearchAction","target":{"@type":"EntryPoint","urlTemplate":"https:\/\/dev.lei.net\/?s={search_term_string}"},"query-input":{"@type":"PropertyValueSpecification","valueRequired":true,"valueName":"search_term_string"}}],"inLanguage":"hu"},{"@type":"Organization","@id":"https:\/\/dev.lei.net\/#organization","name":"F.I.D.Firmeninformationsdienst GmbH","url":"https:\/\/dev.lei.net\/","logo":{"@type":"ImageObject","inLanguage":"hu","@id":"https:\/\/dev.lei.net\/#\/schema\/logo\/image\/","url":"https:\/\/dev.lei.net\/wp-content\/uploads\/2021\/12\/color_vertical.jpg","contentUrl":"https:\/\/dev.lei.net\/wp-content\/uploads\/2021\/12\/color_vertical.jpg","width":283,"height":283,"caption":"F.I.D.Firmeninformationsdienst GmbH"},"image":{"@id":"https:\/\/dev.lei.net\/#\/schema\/logo\/image\/"}}]}},"_links":{"self":[{"href":"https:\/\/dev.lei.net\/hu\/wp-json\/wp\/v2\/pages\/944","targetHints":{"allow":["GET"]}}],"collection":[{"href":"https:\/\/dev.lei.net\/hu\/wp-json\/wp\/v2\/pages"}],"about":[{"href":"https:\/\/dev.lei.net\/hu\/wp-json\/wp\/v2\/types\/page"}],"author":[{"embeddable":true,"href":"https:\/\/dev.lei.net\/hu\/wp-json\/wp\/v2\/users\/1"}],"replies":[{"embeddable":true,"href":"https:\/\/dev.lei.net\/hu\/wp-json\/wp\/v2\/comments?post=944"}],"version-history":[{"count":7,"href":"https:\/\/dev.lei.net\/hu\/wp-json\/wp\/v2\/pages\/944\/revisions"}],"predecessor-version":[{"id":5020,"href":"https:\/\/dev.lei.net\/hu\/wp-json\/wp\/v2\/pages\/944\/revisions\/5020"}],"wp:attachment":[{"href":"https:\/\/dev.lei.net\/hu\/wp-json\/wp\/v2\/media?parent=944"}],"curies":[{"name":"wp","href":"https:\/\/api.w.org\/{rel}","templated":true}]}}