{"id":1313,"date":"2021-06-25T11:26:54","date_gmt":"2021-06-25T10:26:54","guid":{"rendered":"https:\/\/dev.lei.net\/faq\/"},"modified":"2024-03-15T13:41:51","modified_gmt":"2024-03-15T12:41:51","slug":"vanliga-fragor","status":"publish","type":"page","link":"https:\/\/dev.lei.net\/sv\/vanliga-fragor\/","title":{"rendered":"VANLIGA FR\u00c5GOR"},"content":{"rendered":"  <div class=\"container px-4 xl:px-0\">\n    <div class=\"flex flex-wrap  mb-10 md:mb-16\">\n      <div class=\"w-full md:w-1\/2\">\n      <h1 class=\"font-axiforma text-[45px] md:text-[55px] text-center md:text-left\">VANLIGA FR\u00c5GOR<\/h1>\n              <p class=\"text-base md:text-xl font-light text-center md:text-left\">Kunder fr\u00e5gar oss ofta f\u00f6ljande fr\u00e5gor<\/p>\n            <\/div>\n      <div class=\"w-full md:w-1\/2 flex justify-center mt-10 md:mt-0\">\n        <img loading=\"lazy\" decoding=\"async\" alt=\"\" src=\"https:\/\/dev.lei.net\/wp-content\/uploads\/2024\/01\/faq.svg\" width=\"590\" height=\"300\">      <\/div>\n    <\/div>\n  <\/div>\n\n\n<faq-component data='[{&quot;_id&quot;:&quot;cf-50Nl3FH2ydNW1g8XHf2e3&quot;,&quot;_type&quot;:&quot;_&quot;,&quot;question&quot;:&quot;Vad \\u00e4r LEI?&quot;,&quot;answer&quot;:&quot;LEI st\\u00e5r f\\u00f6r Legal Entity Identifier. Det \\u00e4r ett tjugocsiffrigt nummer som kan anv\\u00e4ndas f\\u00f6r att exakt identifiera innehavaren. Denna unika tilldelning av juridiska personer skapar st\\u00f6rre \\u00f6ppenhet p\\u00e5 de internationella finansmarknaderna.&quot;},{&quot;_id&quot;:&quot;cf-Jua8VigBnsboBhrGp6Cw0&quot;,&quot;_type&quot;:&quot;_&quot;,&quot;question&quot;:&quot;Vad \\u00e4r en LOU?&quot;,&quot;answer&quot;:&quot;F\\u00f6rkortningen LOU st\\u00e5r f\\u00f6r Local Operation Unit och avser organisationer som utf\\u00e4rdar LEI-nummer f\\u00f6r GLEIF:s r\\u00e4knin&quot;},{&quot;_id&quot;:&quot;cf-HpNTEQMXbCfU3pBjqE0vF&quot;,&quot;_type&quot;:&quot;_&quot;,&quot;question&quot;:&quot;Vad betyder GLEIF?&quot;,&quot;answer&quot;:&quot;Global Legal Entity Identifier Foundation, f\\u00f6rkortat GLEIF, \\u00e4r en transnationell stiftelse baserad i Basel som grundades av Financial Stability Board 2014. GLEIF:s huvuduppgift \\u00e4r att utf\\u00e4rda LEI-nummer till LOU, som i sin tur utf\\u00e4rdar LEI-nummer till juridiska personer.&quot;},{&quot;_id&quot;:&quot;cf-cOxOdZUnSbRztg60Jdxev&quot;,&quot;_type&quot;:&quot;_&quot;,&quot;question&quot;:&quot;Vad betyder GLEIS?&quot;,&quot;answer&quot;:&quot;Global LEI System, f\\u00f6rkortat GLEIS, \\u00e4r en v\\u00e4rldsomsp\\u00e4nnande databas som inneh\\u00e5ller uppgifter om alla innehavare av ett LEI-nummer. Databasen kan l\\u00e4sas av vem som helst utan kostnad.&quot;},{&quot;_id&quot;:&quot;cf-dCv9mzmVzEVh8I3CIVp_l&quot;,&quot;_type&quot;:&quot;_&quot;,&quot;question&quot;:&quot;F\\u00f6r vilka \\u00e4ndam\\u00e5l beh\\u00f6ver du en LEI-kod?&quot;,&quot;answer&quot;:&quot;LEI-koden g\\u00f6r det m\\u00f6jligt att identifiera deltagare i finansiella transaktioner. Detta g\\u00f6r det l\\u00e4ttare att uppfylla lagstadgade rapporteringskrav och f\\u00f6rebygga risken f\\u00f6r missbruk av finansiella transaktioner.&quot;},{&quot;_id&quot;:&quot;cf-0j4zHyT0RzBALIkPzJ0jD&quot;,&quot;_type&quot;:&quot;_&quot;,&quot;question&quot;:&quot;Hur l\\u00e5ng tid tar det innan en LEI-kod godk\\u00e4nns?&quot;,&quot;answer&quot;:&quot;I regel utf\\u00e4rdas ett LEI-nummer inom 24 timmar efter mottagandet av betalningen. F\\u00f6rseningar kan uppst\\u00e5 p\\u00e5 grund av otillr\\u00e4cklig information.&quot;},{&quot;_id&quot;:&quot;cf-kUscQF9lV1zAYQI0jb9l7&quot;,&quot;_type&quot;:&quot;_&quot;,&quot;question&quot;:&quot;Vem beh\\u00f6ver ett LEI-nummer?&quot;,&quot;answer&quot;:&quot;Ett LEI-nummer kr\\u00e4vs av alla deltagare i finansiella transaktioner. Detta g\\u00e4ller bland annat f\\u00f6r:\\n- F\\u00f6retag, deras dotterbolag och filialer.\\n- Stiftelser och fonder\\n- Icke vinstdrivande organisationer.\\n- Offentliga institutioner och myndigheter\\n- Ensamf\\u00f6retagare&quot;},{&quot;_id&quot;:&quot;cf-5NMndnDQDPuDqdN8V0SOj&quot;,&quot;_type&quot;:&quot;_&quot;,&quot;question&quot;:&quot;Hur l\\u00e4nge kan du anv\\u00e4nda ett LEI?&quot;,&quot;answer&quot;:&quot;N\\u00e4r LEI-numret har utf\\u00e4rdats \\u00e4r det till en b\\u00f6rjan giltigt i ett \\u00e5r. Efter detta \\u00e5r m\\u00e5ste LEI-koden f\\u00f6rnyas.&quot;},{&quot;_id&quot;:&quot;cf-fHAuvu_su4ASpDPYtbz8B&quot;,&quot;_type&quot;:&quot;_&quot;,&quot;question&quot;:&quot;Vad h\\u00e4nder n\\u00e4r LEI upph\\u00f6r att g\\u00e4lla?&quot;,&quot;answer&quot;:&quot;Om ett LEI-nummer inte l\\u00e4ngre \\u00e4r giltigt kan det associerade f\\u00f6retaget inte genomf\\u00f6ra n\\u00e5gra finansiella transaktioner med det. Om du \\u00e4r os\\u00e4ker p\\u00e5 om ditt LEI-nummer fortfarande \\u00e4r giltigt kan du g\\u00f6ra en s\\u00f6kning. Om numret inte l\\u00e4ngre \\u00e4r giltigt m\\u00e5ste du f\\u00f6rnya det.&quot;},{&quot;_id&quot;:&quot;cf-Y5ek7wWCWUQCItL5Vsmn7&quot;,&quot;_type&quot;:&quot;_&quot;,&quot;question&quot;:&quot;\\u00c4r det m\\u00f6jligt att ans\\u00f6ka om ett nytt LEI?&quot;,&quot;answer&quot;:&quot;N\\u00e4r LEI-koden v\\u00e4l har utf\\u00e4rdats eller f\\u00f6rnyats kan den inte \\u00e4ndras. Efter ett \\u00e5r m\\u00e5ste du f\\u00f6rnya LEI-numret. Du kan ans\\u00f6ka om LEI-nummer f\\u00f6r flera \\u00e5r via v\\u00e5r webbplats. Vi tar hand om f\\u00f6rnyelsen i tid.&quot;},{&quot;_id&quot;:&quot;cf-Jtp0v71nGc2VS3YH5rlXf&quot;,&quot;_type&quot;:&quot;_&quot;,&quot;question&quot;:&quot;Var kan jag f\\u00e5 ett LEI?&quot;,&quot;answer&quot;:&quot;Ett LEI-nummer kan s\\u00f6kas online hos ett LOU eller ett registreringsombud. F\\u00f6r att g\\u00f6ra detta m\\u00e5ste du fylla i onlineformul\\u00e4ret och v\\u00e4lja betalningsmetod. Du f\\u00e5r LEI-koden inom en timme till den angivna e-postadressen.&quot;},{&quot;_id&quot;:&quot;cf-FZKP3gkZf2DT2QABxFWZX&quot;,&quot;_type&quot;:&quot;_&quot;,&quot;question&quot;:&quot;Vad betyder siffrorna och bokst\\u00e4verna i LEI-koden?&quot;,&quot;answer&quot;:&quot;Lei-koden best\\u00e5r av totalt 20 siffror. Den b\\u00f6rjar alltid med fyra siffror, vilket g\\u00f6r det m\\u00f6jligt att identifiera det ansvariga LOU. D\\u00e4refter f\\u00f6ljer tv\\u00e5 nollor som skiljer LOU-koden fr\\u00e5n resten. D\\u00e4refter f\\u00f6ljer en serie p\\u00e5 tolv siffror och tal. Detta \\u00e4r den egentliga identifieringen av r\\u00e4ttighetsinnehavaren. Slutligen finns det en kontrollsiffra. Denna \\u00e4r avsedd att f\\u00f6rhindra att LEI-numret tilldelas en annan r\\u00e4ttighetsinnehavare till f\\u00f6ljd av en felaktig inmatning.&quot;},{&quot;_id&quot;:&quot;cf-oWsrAtr61UKdX7JhFxx9k&quot;,&quot;_type&quot;:&quot;_&quot;,&quot;question&quot;:&quot;\\u00c4r mina uppgifter tillg\\u00e4ngliga f\\u00f6r allm\\u00e4nheten?&quot;,&quot;answer&quot;:&quot;Alla kan ta del av den information som \\u00e4r kopplad till ett LEI. De lagras i GLEIS, GLLEIF:s databas.&quot;},{&quot;_id&quot;:&quot;cf-fuhsQTJXzg3LWGHo9c2tM&quot;,&quot;_type&quot;:&quot;_&quot;,&quot;question&quot;:&quot;Vilka uppgifter \\u00e4r tillg\\u00e4ngliga f\\u00f6r allm\\u00e4nheten?&quot;,&quot;answer&quot;:&quot;F\\u00f6rutom namnet p\\u00e5 den juridiska personen publiceras ocks\\u00e5 uppgifter om det juridiska hemvistet och huvudkontoret f\\u00f6r det associerade f\\u00f6retaget samt uppgifter om LEI-nummer.&quot;},{&quot;_id&quot;:&quot;cf-dFvCy0aWesWWZJ3fSYqIp&quot;,&quot;_type&quot;:&quot;_&quot;,&quot;question&quot;:&quot;Vilka \\u00e4r f\\u00f6rdelarna med att anv\\u00e4nda ett LEI-nummer?&quot;,&quot;answer&quot;:&quot;LEI-nummer minskar risken f\\u00f6r finansiella transaktioner p\\u00e5 den internationella finansmarknaden, eftersom den \\u00f6kade \\u00f6ppenheten g\\u00f6r det m\\u00f6jligt f\\u00f6r de agerande parterna att informera sig om sina (potentiella) aff\\u00e4rspartner.\\nDessutom kan LEI underl\\u00e4tta kundregistrering, eftersom endast LEI-numret beh\\u00f6ver anges i st\\u00e4llet f\\u00f6r en m\\u00e4ngd uppgifter. P\\u00e5 s\\u00e5 s\\u00e4tt har banken all information som den beh\\u00f6ver f\\u00f6r att behandla sina finansiella transaktioner.&quot;},{&quot;_id&quot;:&quot;cf-XJfHxejjc3WjsGG3ExhJu&quot;,&quot;_type&quot;:&quot;_&quot;,&quot;question&quot;:&quot;Hur f\\u00f6rnyar man ett LEI?&quot;,&quot;answer&quot;:&quot;Du kan enkelt f\\u00f6rnya LEI-numret p\\u00e5 v\\u00e5r webbplats genom att fylla i den korta blanketten f\\u00f6r f\\u00f6rnyelse av LEI-nummer. Det \\u00e4r m\\u00f6jligt att teckna ett avtal f\\u00f6r flera \\u00e5r, s\\u00e5 att n\\u00e4r ditt LEI-nummer l\\u00f6per ut tar vi automatiskt hand om f\\u00f6rnyelsen.&quot;},{&quot;_id&quot;:&quot;cf-2ctTNtrnCJaqfo55XKTxI&quot;,&quot;_type&quot;:&quot;_&quot;,&quot;question&quot;:&quot;\\u00c4r det m\\u00f6jligt att \\u00f6verf\\u00f6ra ett LEI fr\\u00e5n en tj\\u00e4nsteleverant\\u00f6r till en annan?&quot;,&quot;answer&quot;:&quot;Om ditt LEI-nummer redan \\u00e4r registrerat hos en annan tj\\u00e4nsteleverant\\u00f6r kan du \\u00f6verf\\u00f6ra det till oss utan problem. F\\u00f6r att g\\u00f6ra detta anv\\u00e4nder du helt enkelt formul\\u00e4ret f\\u00f6r \\u00f6verf\\u00f6ring av LEI-nummer p\\u00e5 v\\u00e5r webbplats.&quot;},{&quot;_id&quot;:&quot;cf-IxxpX4iPFL73Ae6DC0b8N&quot;,&quot;_type&quot;:&quot;_&quot;,&quot;question&quot;:&quot;Vilka dokument kr\\u00e4vs f\\u00f6r att registrera ett nytt LEI-nummer?&quot;,&quot;answer&quot;:&quot;Om den juridiska personen \\u00e4r registrerad i ett register, t.ex. handelsregistret, kr\\u00e4vs ingen ytterligare dokumentation.\\nVissa f\\u00f6retag \\u00e4r direkt knutna till ett moderbolag. I detta fall kr\\u00e4vs dokument som styrker denna koppling. Dessa kan vara \\u00e5rsbokslut eller koncernbokslut. F\\u00f6r f\\u00f6retag som \\u00e4r registrerade i handelsregistret \\u00e4r dessa handlingar on\\u00f6diga.\\nF\\u00f6retag som inte \\u00e4r registrerade i n\\u00e5got register m\\u00e5ste p\\u00e5 annat s\\u00e4tt visa att f\\u00f6retaget existerar. Detta kan bland annat ske genom bolagsordning, f\\u00f6retagsregistrering eller aktie\\u00e4garavtal. Detta g\\u00e4ller \\u00e4ven f\\u00f6r enskilda firmor.\\nFonder bevisar sin aff\\u00e4rsverksamhet till exempel genom ett distributionstillst\\u00e5nd fr\\u00e5n BaFin&quot;},{&quot;_id&quot;:&quot;cf-_73sczeo2QhzSenMnRrmS&quot;,&quot;_type&quot;:&quot;_&quot;,&quot;question&quot;:&quot;Jag vill ans\\u00f6ka om ett LEI f\\u00f6r en investeringstillg\\u00e5ng. Vad m\\u00e5ste jag g\\u00f6ra?&quot;,&quot;answer&quot;:&quot;N\\u00e4r du ans\\u00f6ker, se till att du anger det f\\u00f6retag som f\\u00f6rvaltar LEI-numret. Detta \\u00e4r inte n\\u00f6dv\\u00e4ndigt om tillg\\u00e5ngarna \\u00e4r registrerade i registerdomstolen. Om placeringstillg\\u00e5ngarna \\u00e4r registrerade i registerr\\u00e4tten m\\u00e5ste ett LEI-nummer s\\u00f6kas f\\u00f6r institutet.&quot;},{&quot;_id&quot;:&quot;cf-gOrNGkbM1_ixXSZKOJUhb&quot;,&quot;_type&quot;:&quot;_&quot;,&quot;question&quot;:&quot;Kan ett LEI anv\\u00e4ndas f\\u00f6r flera f\\u00f6retag?&quot;,&quot;answer&quot;:&quot;Om du vill ans\\u00f6ka om LEI-nummer f\\u00f6r flera f\\u00f6retag skickar du oss uppgifter om f\\u00f6retagen (helst som ett Excel-kalkylblad). Vi tar hand om ans\\u00f6kan om LEI-nummer. Det \\u00e4r b\\u00e4st att kontakta v\\u00e5r support f\\u00f6r detta \\u00e4ndam\\u00e5l.&quot;},{&quot;_id&quot;:&quot;cf-j2QrVswUa4l4a4v3d_de7&quot;,&quot;_type&quot;:&quot;_&quot;,&quot;question&quot;:&quot;Mitt f\\u00f6retag har sitt huvudkontor utomlands. Kan jag fortfarande ans\\u00f6ka om LEI h\\u00e4r?&quot;,&quot;answer&quot;:&quot;Ett LEI \\u00e4r oberoende av nationalitet. Du kan allts\\u00e5 ans\\u00f6ka om ett LEI n\\u00e4r som helst via v\\u00e5r tj\\u00e4nst.&quot;},{&quot;_id&quot;:&quot;cf-Ne2Shw_Izaw68QST5KkBy&quot;,&quot;_type&quot;:&quot;_&quot;,&quot;question&quot;:&quot;Kommer det att kosta mig n\\u00e5got om jag registrerar mig p\\u00e5 den h\\u00e4r webbplatsen?&quot;,&quot;answer&quot;:&quot;Registreringen p\\u00e5 den h\\u00e4r webbplatsen \\u00e4r gratis och utan n\\u00e5gra f\\u00f6rpliktelser f\\u00f6r dig&quot;},{&quot;_id&quot;:&quot;cf-aTcfCGBv0LnUSgQ2MtJhF&quot;,&quot;_type&quot;:&quot;_&quot;,&quot;question&quot;:&quot;Hur mycket kostar det att h\\u00e4mta och ladda ner information om LEI-nummer?&quot;,&quot;answer&quot;:&quot;Denna tj\\u00e4nst \\u00e4r gratis p\\u00e5 v\\u00e5r webbplats.&quot;},{&quot;_id&quot;:&quot;cf-rGRAZE48Rm1y0JFArMQ15&quot;,&quot;_type&quot;:&quot;_&quot;,&quot;question&quot;:&quot;Vad kan jag g\\u00f6ra om jag inte hittar mitt LEI i s\\u00f6kningen?&quot;,&quot;answer&quot;:&quot;N\\u00e4r du anger f\\u00f6retagets namn ska du vara uppm\\u00e4rksam p\\u00e5 att det stavas korrekt. Ofta anv\\u00e4nds f\\u00f6rkortningar \\u00e4ven om f\\u00f6retagsnamnet skrivs ut i sin helhet i handelsregistret.\\nOm du har ans\\u00f6kt om LEI-nummer f\\u00f6rst nyligen kan det h\\u00e4nda att det \\u00e4nnu inte har tilldelats. Detta kan ta upp till 24 timmar. V\\u00e4nta n\\u00e5gra timmar till och f\\u00f6rs\\u00f6k igen. Om du fortfarande inte kan hitta f\\u00f6retaget kan du kontakta v\\u00e5r support.&quot;},{&quot;_id&quot;:&quot;cf-cvS7F1MkaniTXat5ZO0BC&quot;,&quot;_type&quot;:&quot;_&quot;,&quot;question&quot;:&quot;Vad betyder ISO 17442?&quot;,&quot;answer&quot;:&quot;I denna standard har Internationella standardiseringsorganisationen definierat uppgifter som g\\u00f6r det m\\u00f6jligt att tydligt identifiera juridiska personer. Eftersom det \\u00e4r en globalt giltig standard inneh\\u00e5ller ISO 17442 ingen landskod. Varje juridisk person kan s\\u00e5ledes identifieras unikt och uppgifterna \\u00e4r gratis tillg\\u00e4ngliga f\\u00f6r alla intresserade.\\nISO 17442-standarden inneh\\u00e5ller f\\u00f6ljande information:\\n- \\u00c4garens namn som det st\\u00e5r i handelsregistret eller andra register.\\n- Adress\\n- Det land d\\u00e4r f\\u00f6retaget grundades.\\n- Datum f\\u00f6r tilldelningen av LEI.\\n- Kod f\\u00f6r representation av landsnamnen.&quot;},{&quot;_id&quot;:&quot;cf-7wY7XZz_mEtLX0P_SkFfF&quot;,&quot;_type&quot;:&quot;_&quot;,&quot;question&quot;:&quot;Vad \\u00e4r niv\\u00e5 2-uppgifter?&quot;,&quot;answer&quot;:&quot;Uppgifter p\\u00e5 niv\\u00e5 1 ger information om r\\u00e4ttighetsinnehavaren.\\nOm detta \\u00e4r ett dotterbolag m\\u00e5ste beroenden av ett moderbolag kartl\\u00e4ggas. Denna information finns i niv\\u00e5 2-data. Niv\\u00e5 2-uppgifter beh\\u00f6ver endast tillhandah\\u00e5llas om moderbolaget konsoliderar dotterbolagets finansiella rapporter. Moderbolagets senaste konsoliderade bokslut m\\u00e5ste l\\u00e4mnas in vid inmatningen av uppgifterna.&quot;}]'><\/faq-component>\n\n\n\n<div style=\"height:100px\" aria-hidden=\"true\" class=\"wp-block-spacer\"><\/div>\n","protected":false},"excerpt":{"rendered":"","protected":false},"author":1,"featured_media":0,"parent":0,"menu_order":0,"comment_status":"closed","ping_status":"closed","template":"","meta":{"footnotes":""},"class_list":["post-1313","page","type-page","status-publish","hentry"],"yoast_head":"<!-- This site is optimized with the Yoast SEO plugin v25.3.1 - https:\/\/yoast.com\/wordpress\/plugins\/seo\/ -->\n<title>VANLIGA FR\u00c5GOR - LEI.net<\/title>\n<meta name=\"robots\" content=\"noindex, follow, max-snippet:-1, max-image-preview:large, max-video-preview:-1\" \/>\n<meta property=\"og:locale\" content=\"sv_SE\" \/>\n<meta property=\"og:type\" content=\"article\" \/>\n<meta property=\"og:title\" content=\"VANLIGA FR\u00c5GOR - LEI.net\" \/>\n<meta property=\"og:url\" content=\"https:\/\/dev.lei.net\/sv\/vanliga-fragor\/\" \/>\n<meta property=\"og:site_name\" content=\"LEI.net\" \/>\n<meta property=\"article:modified_time\" content=\"2024-03-15T12:41:51+00:00\" \/>\n<meta name=\"twitter:card\" content=\"summary_large_image\" \/>\n<script type=\"application\/ld+json\" class=\"yoast-schema-graph\">{\"@context\":\"https:\/\/schema.org\",\"@graph\":[{\"@type\":\"WebPage\",\"@id\":\"https:\/\/dev.lei.net\/sv\/vanliga-fragor\/\",\"url\":\"https:\/\/dev.lei.net\/sv\/vanliga-fragor\/\",\"name\":\"VANLIGA FR\u00c5GOR - LEI.net\",\"isPartOf\":{\"@id\":\"https:\/\/dev.lei.net\/#website\"},\"datePublished\":\"2021-06-25T10:26:54+00:00\",\"dateModified\":\"2024-03-15T12:41:51+00:00\",\"breadcrumb\":{\"@id\":\"https:\/\/dev.lei.net\/sv\/vanliga-fragor\/#breadcrumb\"},\"inLanguage\":\"sv-SE\",\"potentialAction\":[{\"@type\":\"ReadAction\",\"target\":[\"https:\/\/dev.lei.net\/sv\/vanliga-fragor\/\"]}]},{\"@type\":\"BreadcrumbList\",\"@id\":\"https:\/\/dev.lei.net\/sv\/vanliga-fragor\/#breadcrumb\",\"itemListElement\":[{\"@type\":\"ListItem\",\"position\":1,\"name\":\"Startseite\",\"item\":\"https:\/\/dev.lei.net\/sv\/\"},{\"@type\":\"ListItem\",\"position\":2,\"name\":\"VANLIGA FR\u00c5GOR\"}]},{\"@type\":\"WebSite\",\"@id\":\"https:\/\/dev.lei.net\/#website\",\"url\":\"https:\/\/dev.lei.net\/\",\"name\":\"LEI.net\",\"description\":\"Official Legal Entity Identifier (LEI) Registrar\",\"publisher\":{\"@id\":\"https:\/\/dev.lei.net\/#organization\"},\"potentialAction\":[{\"@type\":\"SearchAction\",\"target\":{\"@type\":\"EntryPoint\",\"urlTemplate\":\"https:\/\/dev.lei.net\/?s={search_term_string}\"},\"query-input\":{\"@type\":\"PropertyValueSpecification\",\"valueRequired\":true,\"valueName\":\"search_term_string\"}}],\"inLanguage\":\"sv-SE\"},{\"@type\":\"Organization\",\"@id\":\"https:\/\/dev.lei.net\/#organization\",\"name\":\"F.I.D.Firmeninformationsdienst GmbH\",\"url\":\"https:\/\/dev.lei.net\/\",\"logo\":{\"@type\":\"ImageObject\",\"inLanguage\":\"sv-SE\",\"@id\":\"https:\/\/dev.lei.net\/#\/schema\/logo\/image\/\",\"url\":\"https:\/\/dev.lei.net\/wp-content\/uploads\/2021\/12\/color_vertical.jpg\",\"contentUrl\":\"https:\/\/dev.lei.net\/wp-content\/uploads\/2021\/12\/color_vertical.jpg\",\"width\":283,\"height\":283,\"caption\":\"F.I.D.Firmeninformationsdienst GmbH\"},\"image\":{\"@id\":\"https:\/\/dev.lei.net\/#\/schema\/logo\/image\/\"}}]}<\/script>\n<!-- \/ Yoast SEO plugin. -->","yoast_head_json":{"title":"VANLIGA FR\u00c5GOR - LEI.net","robots":{"index":"noindex","follow":"follow","max-snippet":"max-snippet:-1","max-image-preview":"max-image-preview:large","max-video-preview":"max-video-preview:-1"},"og_locale":"sv_SE","og_type":"article","og_title":"VANLIGA FR\u00c5GOR - LEI.net","og_url":"https:\/\/dev.lei.net\/sv\/vanliga-fragor\/","og_site_name":"LEI.net","article_modified_time":"2024-03-15T12:41:51+00:00","twitter_card":"summary_large_image","schema":{"@context":"https:\/\/schema.org","@graph":[{"@type":"WebPage","@id":"https:\/\/dev.lei.net\/sv\/vanliga-fragor\/","url":"https:\/\/dev.lei.net\/sv\/vanliga-fragor\/","name":"VANLIGA FR\u00c5GOR - LEI.net","isPartOf":{"@id":"https:\/\/dev.lei.net\/#website"},"datePublished":"2021-06-25T10:26:54+00:00","dateModified":"2024-03-15T12:41:51+00:00","breadcrumb":{"@id":"https:\/\/dev.lei.net\/sv\/vanliga-fragor\/#breadcrumb"},"inLanguage":"sv-SE","potentialAction":[{"@type":"ReadAction","target":["https:\/\/dev.lei.net\/sv\/vanliga-fragor\/"]}]},{"@type":"BreadcrumbList","@id":"https:\/\/dev.lei.net\/sv\/vanliga-fragor\/#breadcrumb","itemListElement":[{"@type":"ListItem","position":1,"name":"Startseite","item":"https:\/\/dev.lei.net\/sv\/"},{"@type":"ListItem","position":2,"name":"VANLIGA FR\u00c5GOR"}]},{"@type":"WebSite","@id":"https:\/\/dev.lei.net\/#website","url":"https:\/\/dev.lei.net\/","name":"LEI.net","description":"Official Legal Entity Identifier (LEI) Registrar","publisher":{"@id":"https:\/\/dev.lei.net\/#organization"},"potentialAction":[{"@type":"SearchAction","target":{"@type":"EntryPoint","urlTemplate":"https:\/\/dev.lei.net\/?s={search_term_string}"},"query-input":{"@type":"PropertyValueSpecification","valueRequired":true,"valueName":"search_term_string"}}],"inLanguage":"sv-SE"},{"@type":"Organization","@id":"https:\/\/dev.lei.net\/#organization","name":"F.I.D.Firmeninformationsdienst GmbH","url":"https:\/\/dev.lei.net\/","logo":{"@type":"ImageObject","inLanguage":"sv-SE","@id":"https:\/\/dev.lei.net\/#\/schema\/logo\/image\/","url":"https:\/\/dev.lei.net\/wp-content\/uploads\/2021\/12\/color_vertical.jpg","contentUrl":"https:\/\/dev.lei.net\/wp-content\/uploads\/2021\/12\/color_vertical.jpg","width":283,"height":283,"caption":"F.I.D.Firmeninformationsdienst GmbH"},"image":{"@id":"https:\/\/dev.lei.net\/#\/schema\/logo\/image\/"}}]}},"_links":{"self":[{"href":"https:\/\/dev.lei.net\/sv\/wp-json\/wp\/v2\/pages\/1313","targetHints":{"allow":["GET"]}}],"collection":[{"href":"https:\/\/dev.lei.net\/sv\/wp-json\/wp\/v2\/pages"}],"about":[{"href":"https:\/\/dev.lei.net\/sv\/wp-json\/wp\/v2\/types\/page"}],"author":[{"embeddable":true,"href":"https:\/\/dev.lei.net\/sv\/wp-json\/wp\/v2\/users\/1"}],"replies":[{"embeddable":true,"href":"https:\/\/dev.lei.net\/sv\/wp-json\/wp\/v2\/comments?post=1313"}],"version-history":[{"count":4,"href":"https:\/\/dev.lei.net\/sv\/wp-json\/wp\/v2\/pages\/1313\/revisions"}],"predecessor-version":[{"id":5216,"href":"https:\/\/dev.lei.net\/sv\/wp-json\/wp\/v2\/pages\/1313\/revisions\/5216"}],"wp:attachment":[{"href":"https:\/\/dev.lei.net\/sv\/wp-json\/wp\/v2\/media?parent=1313"}],"curies":[{"name":"wp","href":"https:\/\/api.w.org\/{rel}","templated":true}]}}