{"id":1385,"date":"2021-07-22T10:40:44","date_gmt":"2021-07-22T09:40:44","guid":{"rendered":"https:\/\/dev.lei.net\/contact\/"},"modified":"2024-03-15T13:28:58","modified_gmt":"2024-03-15T12:28:58","slug":"temas","status":"publish","type":"page","link":"https:\/\/dev.lei.net\/tr\/temas\/","title":{"rendered":"Temas"},"content":{"rendered":"\n<div class=\"wp-block-columns is-layout-flex wp-container-core-columns-is-layout-9d6595d7 wp-block-columns-is-layout-flex\">\n<div class=\"wp-block-column is-layout-flow wp-block-column-is-layout-flow\">\n<h2 class=\"wp-block-heading font-axiforma\" style=\"font-size:45px;font-style:normal;font-weight:600\">Temas<\/h2>\n<\/div>\n<\/div>\n\n\n\n<div class=\"wp-block-columns is-layout-flex wp-container-core-columns-is-layout-9d6595d7 wp-block-columns-is-layout-flex\">\n<div class=\"wp-block-column is-layout-flow wp-block-column-is-layout-flow\">\n<p>Sorular\u0131n\u0131z i\u00e7in l\u00fctfen formu kullan\u0131n. \u0130\u015f saatlerimiz i\u00e7inde 2 saat i\u00e7inde yan\u0131t verece\u011fiz.<\/p>\n\n\n\n<p class=\"!text-base md:!text-lg !font-semibold text-center md:text-left\"><a href=\"https:\/\/dev.lei.net\/what-is-lei\/\" class=\"flex text-primary items-center justify-center md:justify-start\">LEI nedir? <span class=\"stroke-primary rotate-180 w-6 h-6 inline-block\"><svg viewBox=\"0 0 16 16\" fill=\"none\" xmlns=\"http:\/\/www.w3.org\/2000\/svg\">\n<path d=\"M10 12.0002L6 8.00024L10 4.00024\" stroke-width=\"1.5\" stroke-linecap=\"round\" stroke-linejoin=\"round\"\/>\n<\/svg>\n<\/span><\/a><\/p>\n\n\n<p class=\"!text-base md:!text-lg !font-semibold text-center md:text-left\"><a href=\"https:\/\/dev.lei.net\/faq\/\" class=\"flex text-primary items-center justify-center md:justify-start\">FAQ <span class=\"stroke-primary rotate-180 w-6 h-6 inline-block\"><svg viewBox=\"0 0 16 16\" fill=\"none\" xmlns=\"http:\/\/www.w3.org\/2000\/svg\">\n<path d=\"M10 12.0002L6 8.00024L10 4.00024\" stroke-width=\"1.5\" stroke-linecap=\"round\" stroke-linejoin=\"round\"\/>\n<\/svg>\n<\/span><\/a><\/p>\n\n\n<p>Telefon numaras\u0131: +49 (89) 614215110<br>E-mail: support@lei.net<\/p>\n\n\n\n<p>LEI.net, FID GmbH taraf\u0131ndan<\/p>\n<\/div>\n\n\n\n<div class=\"wp-block-column is-layout-flow wp-block-column-is-layout-flow\">\n<div class=\"wpcf7 no-js\" id=\"wpcf7-f319-o1\" lang=\"de-DE\" dir=\"ltr\" data-wpcf7-id=\"319\">\n<div class=\"screen-reader-response\"><p role=\"status\" aria-live=\"polite\" aria-atomic=\"true\"><\/p> <ul><\/ul><\/div>\n<form action=\"\/tr\/wp-json\/wp\/v2\/pages\/1385#wpcf7-f319-o1\" method=\"post\" class=\"wpcf7-form init\" aria-label=\"Kontaktformular\" novalidate=\"novalidate\" data-status=\"init\">\n<fieldset class=\"hidden-fields-container\"><input type=\"hidden\" name=\"_wpcf7\" value=\"319\" \/><input type=\"hidden\" name=\"_wpcf7_version\" value=\"6.1\" \/><input type=\"hidden\" name=\"_wpcf7_locale\" value=\"de_DE\" \/><input type=\"hidden\" name=\"_wpcf7_unit_tag\" value=\"wpcf7-f319-o1\" \/><input type=\"hidden\" name=\"_wpcf7_container_post\" value=\"0\" \/><input type=\"hidden\" name=\"_wpcf7_posted_data_hash\" value=\"\" \/><input type=\"hidden\" name=\"_wpcf7_recaptcha_response\" value=\"\" \/>\n<\/fieldset>\n<p><span class=\"wpcf7-form-control-wrap\" data-name=\"your-name\"><text-field model-value=\"\" standalone=\"true\" class=\"wpcf7-form-control wpcf7-text wpcf7-validates-as-required\" aria-required=\"true\" aria-invalid=\"false\" placeholder=\"Ihr Name\" value=\"\" type=\"text\" name=\"your-name\" label=\"Ihr Name\"\/><\/span><br \/>\n<span class=\"wpcf7-form-control-wrap\" data-name=\"your-email\"><text-field model-value=\"\" standalone=\"true\" class=\"wpcf7-form-control wpcf7-email wpcf7-validates-as-required wpcf7-text wpcf7-validates-as-email\" aria-required=\"true\" aria-invalid=\"false\" placeholder=\"E-mail\" value=\"\" type=\"email\" name=\"your-email\" label=\"E-mail\"\/><\/span><br \/>\n<span class=\"wpcf7-form-control-wrap\" data-name=\"your-subject\"><text-field model-value=\"\" standalone=\"true\" class=\"wpcf7-form-control wpcf7-text wpcf7-validates-as-required\" aria-required=\"true\" aria-invalid=\"false\" placeholder=\"Thema\" value=\"\" type=\"text\" name=\"your-subject\" label=\"Thema\"\/><\/span><br \/>\n<span class=\"wpcf7-form-control-wrap\" data-name=\"your-message\"><textarea-field model-value=\"\" cols=\"40\" rows=\"10\" class=\"wpcf7-form-control wpcf7-textarea\" aria-invalid=\"false\" placeholder=\"Ihre Nachricht\" name=\"your-message\" label=\"Ihre Nachricht\" \/>Ihre Nachricht<\/span><br \/>\n<input class=\"wpcf7-form-control wpcf7-submit has-spinner action-button contact-field-button\" type=\"submit\" value=\"Absenden\" \/>\n<\/p><div class=\"wpcf7-response-output\" aria-hidden=\"true\"><\/div>\n<\/form>\n<\/div>\n\n<\/div>\n<\/div>\n\n\n<div class='block-grey-divider grey-divider'><\/div>","protected":false},"excerpt":{"rendered":"<p>Temas Sorular\u0131n\u0131z i\u00e7in l\u00fctfen formu kullan\u0131n. \u0130\u015f saatlerimiz i\u00e7inde 2 saat i\u00e7inde yan\u0131t verece\u011fiz. Telefon numaras\u0131: +49 (89) 614215110E-mail: support@lei.net LEI.net, FID GmbH taraf\u0131ndan<\/p>\n","protected":false},"author":1,"featured_media":0,"parent":0,"menu_order":0,"comment_status":"closed","ping_status":"closed","template":"","meta":{"footnotes":""},"class_list":["post-1385","page","type-page","status-publish","hentry"],"yoast_head":"<!-- This site is optimized with the Yoast SEO plugin v25.3.1 - https:\/\/yoast.com\/wordpress\/plugins\/seo\/ -->\n<title>Kontakt zu LEI - LEI.net<\/title>\n<meta name=\"robots\" content=\"noindex, follow, max-snippet:-1, max-image-preview:large, max-video-preview:-1\" \/>\n<meta property=\"og:locale\" content=\"tr_TR\" \/>\n<meta property=\"og:type\" content=\"article\" \/>\n<meta property=\"og:title\" content=\"Kontakt zu LEI - LEI.net\" \/>\n<meta property=\"og:description\" content=\"Temas Sorular\u0131n\u0131z i\u00e7in l\u00fctfen formu kullan\u0131n. \u0130\u015f saatlerimiz i\u00e7inde 2 saat i\u00e7inde yan\u0131t verece\u011fiz. Telefon numaras\u0131: +49 (89) 614215110E-mail: support@lei.net LEI.net, FID GmbH taraf\u0131ndan\" \/>\n<meta property=\"og:url\" content=\"https:\/\/dev.lei.net\/tr\/temas\/\" \/>\n<meta property=\"og:site_name\" content=\"LEI.net\" \/>\n<meta property=\"article:modified_time\" content=\"2024-03-15T12:28:58+00:00\" \/>\n<meta name=\"twitter:card\" content=\"summary_large_image\" \/>\n<meta name=\"twitter:label1\" content=\"Tahmini okuma s\u00fcresi\" \/>\n\t<meta name=\"twitter:data1\" content=\"1 dakika\" \/>\n<script type=\"application\/ld+json\" class=\"yoast-schema-graph\">{\"@context\":\"https:\/\/schema.org\",\"@graph\":[{\"@type\":\"WebPage\",\"@id\":\"https:\/\/dev.lei.net\/tr\/temas\/\",\"url\":\"https:\/\/dev.lei.net\/tr\/temas\/\",\"name\":\"Kontakt zu LEI - LEI.net\",\"isPartOf\":{\"@id\":\"https:\/\/dev.lei.net\/#website\"},\"datePublished\":\"2021-07-22T09:40:44+00:00\",\"dateModified\":\"2024-03-15T12:28:58+00:00\",\"breadcrumb\":{\"@id\":\"https:\/\/dev.lei.net\/tr\/temas\/#breadcrumb\"},\"inLanguage\":\"tr\",\"potentialAction\":[{\"@type\":\"ReadAction\",\"target\":[\"https:\/\/dev.lei.net\/tr\/temas\/\"]}]},{\"@type\":\"BreadcrumbList\",\"@id\":\"https:\/\/dev.lei.net\/tr\/temas\/#breadcrumb\",\"itemListElement\":[{\"@type\":\"ListItem\",\"position\":1,\"name\":\"Startseite\",\"item\":\"https:\/\/dev.lei.net\/tr\/\"},{\"@type\":\"ListItem\",\"position\":2,\"name\":\"Temas\"}]},{\"@type\":\"WebSite\",\"@id\":\"https:\/\/dev.lei.net\/#website\",\"url\":\"https:\/\/dev.lei.net\/\",\"name\":\"LEI.net\",\"description\":\"Official Legal Entity Identifier (LEI) Registrar\",\"publisher\":{\"@id\":\"https:\/\/dev.lei.net\/#organization\"},\"potentialAction\":[{\"@type\":\"SearchAction\",\"target\":{\"@type\":\"EntryPoint\",\"urlTemplate\":\"https:\/\/dev.lei.net\/?s={search_term_string}\"},\"query-input\":{\"@type\":\"PropertyValueSpecification\",\"valueRequired\":true,\"valueName\":\"search_term_string\"}}],\"inLanguage\":\"tr\"},{\"@type\":\"Organization\",\"@id\":\"https:\/\/dev.lei.net\/#organization\",\"name\":\"F.I.D.Firmeninformationsdienst GmbH\",\"url\":\"https:\/\/dev.lei.net\/\",\"logo\":{\"@type\":\"ImageObject\",\"inLanguage\":\"tr\",\"@id\":\"https:\/\/dev.lei.net\/#\/schema\/logo\/image\/\",\"url\":\"https:\/\/dev.lei.net\/wp-content\/uploads\/2021\/12\/color_vertical.jpg\",\"contentUrl\":\"https:\/\/dev.lei.net\/wp-content\/uploads\/2021\/12\/color_vertical.jpg\",\"width\":283,\"height\":283,\"caption\":\"F.I.D.Firmeninformationsdienst GmbH\"},\"image\":{\"@id\":\"https:\/\/dev.lei.net\/#\/schema\/logo\/image\/\"}}]}<\/script>\n<!-- \/ Yoast SEO plugin. -->","yoast_head_json":{"title":"Kontakt zu LEI - LEI.net","robots":{"index":"noindex","follow":"follow","max-snippet":"max-snippet:-1","max-image-preview":"max-image-preview:large","max-video-preview":"max-video-preview:-1"},"og_locale":"tr_TR","og_type":"article","og_title":"Kontakt zu LEI - LEI.net","og_description":"Temas Sorular\u0131n\u0131z i\u00e7in l\u00fctfen formu kullan\u0131n. \u0130\u015f saatlerimiz i\u00e7inde 2 saat i\u00e7inde yan\u0131t verece\u011fiz. Telefon numaras\u0131: +49 (89) 614215110E-mail: support@lei.net LEI.net, FID GmbH taraf\u0131ndan","og_url":"https:\/\/dev.lei.net\/tr\/temas\/","og_site_name":"LEI.net","article_modified_time":"2024-03-15T12:28:58+00:00","twitter_card":"summary_large_image","twitter_misc":{"Tahmini okuma s\u00fcresi":"1 dakika"},"schema":{"@context":"https:\/\/schema.org","@graph":[{"@type":"WebPage","@id":"https:\/\/dev.lei.net\/tr\/temas\/","url":"https:\/\/dev.lei.net\/tr\/temas\/","name":"Kontakt zu LEI - LEI.net","isPartOf":{"@id":"https:\/\/dev.lei.net\/#website"},"datePublished":"2021-07-22T09:40:44+00:00","dateModified":"2024-03-15T12:28:58+00:00","breadcrumb":{"@id":"https:\/\/dev.lei.net\/tr\/temas\/#breadcrumb"},"inLanguage":"tr","potentialAction":[{"@type":"ReadAction","target":["https:\/\/dev.lei.net\/tr\/temas\/"]}]},{"@type":"BreadcrumbList","@id":"https:\/\/dev.lei.net\/tr\/temas\/#breadcrumb","itemListElement":[{"@type":"ListItem","position":1,"name":"Startseite","item":"https:\/\/dev.lei.net\/tr\/"},{"@type":"ListItem","position":2,"name":"Temas"}]},{"@type":"WebSite","@id":"https:\/\/dev.lei.net\/#website","url":"https:\/\/dev.lei.net\/","name":"LEI.net","description":"Official Legal Entity Identifier (LEI) Registrar","publisher":{"@id":"https:\/\/dev.lei.net\/#organization"},"potentialAction":[{"@type":"SearchAction","target":{"@type":"EntryPoint","urlTemplate":"https:\/\/dev.lei.net\/?s={search_term_string}"},"query-input":{"@type":"PropertyValueSpecification","valueRequired":true,"valueName":"search_term_string"}}],"inLanguage":"tr"},{"@type":"Organization","@id":"https:\/\/dev.lei.net\/#organization","name":"F.I.D.Firmeninformationsdienst GmbH","url":"https:\/\/dev.lei.net\/","logo":{"@type":"ImageObject","inLanguage":"tr","@id":"https:\/\/dev.lei.net\/#\/schema\/logo\/image\/","url":"https:\/\/dev.lei.net\/wp-content\/uploads\/2021\/12\/color_vertical.jpg","contentUrl":"https:\/\/dev.lei.net\/wp-content\/uploads\/2021\/12\/color_vertical.jpg","width":283,"height":283,"caption":"F.I.D.Firmeninformationsdienst GmbH"},"image":{"@id":"https:\/\/dev.lei.net\/#\/schema\/logo\/image\/"}}]}},"_links":{"self":[{"href":"https:\/\/dev.lei.net\/tr\/wp-json\/wp\/v2\/pages\/1385","targetHints":{"allow":["GET"]}}],"collection":[{"href":"https:\/\/dev.lei.net\/tr\/wp-json\/wp\/v2\/pages"}],"about":[{"href":"https:\/\/dev.lei.net\/tr\/wp-json\/wp\/v2\/types\/page"}],"author":[{"embeddable":true,"href":"https:\/\/dev.lei.net\/tr\/wp-json\/wp\/v2\/users\/1"}],"replies":[{"embeddable":true,"href":"https:\/\/dev.lei.net\/tr\/wp-json\/wp\/v2\/comments?post=1385"}],"version-history":[{"count":3,"href":"https:\/\/dev.lei.net\/tr\/wp-json\/wp\/v2\/pages\/1385\/revisions"}],"predecessor-version":[{"id":5202,"href":"https:\/\/dev.lei.net\/tr\/wp-json\/wp\/v2\/pages\/1385\/revisions\/5202"}],"wp:attachment":[{"href":"https:\/\/dev.lei.net\/tr\/wp-json\/wp\/v2\/media?parent=1385"}],"curies":[{"name":"wp","href":"https:\/\/api.w.org\/{rel}","templated":true}]}}