{"id":1410,"date":"2021-06-29T14:14:05","date_gmt":"2021-06-29T13:14:05","guid":{"rendered":"https:\/\/dev.lei.net\/what-is-lei\/"},"modified":"2024-03-15T14:28:09","modified_gmt":"2024-03-15T13:28:09","slug":"lei-nedir","status":"publish","type":"page","link":"https:\/\/dev.lei.net\/tr\/lei-nedir\/","title":{"rendered":"LEI nedir?"},"content":{"rendered":"  <div class=\"container px-4 xl:px-0\">\n    <div class=\"flex flex-wrap  mb-10 md:mb-16\">\n      <div class=\"w-full md:w-1\/2\">\n      <h1 class=\"font-axiforma text-[45px] md:text-[55px] text-center md:text-left\">LEI Nedir?<\/h1>\n            <\/div>\n      <div class=\"w-full md:w-1\/2 flex justify-center mt-10 md:mt-0\">\n        <img loading=\"lazy\" decoding=\"async\" alt=\"\" src=\"https:\/\/dev.lei.net\/wp-content\/uploads\/2024\/02\/whyus.svg\" width=\"590\" height=\"300\">      <\/div>\n    <\/div>\n  <\/div>\n\n\n\n<div class=\"wp-block-columns is-layout-flex wp-container-core-columns-is-layout-9d6595d7 wp-block-columns-is-layout-flex\">\n<div class=\"wp-block-column is-layout-flow wp-block-column-is-layout-flow\" style=\"flex-basis:33.33%\">\n<h2 class=\"wp-block-heading has-large-font-size\" style=\"font-style:normal;font-weight:600\">Temel Bilgiler<\/h2>\n<\/div>\n\n\n\n<div class=\"wp-block-column is-layout-flow wp-block-column-is-layout-flow\" style=\"flex-basis:66.66%\">\n<p>LEI \u2013 t\u00fczel ki\u015filer i\u00e7in bir tan\u0131mlama numaras\u0131d\u0131r (Legal Entity Identifier). Finans piyasalar\u0131nda i\u015flem g\u00f6ren \u015firketler i\u00e7in benzersiz bir tan\u0131mlama kodu (hisse senetleri, tahviller, vadeli i\u015flemler, d\u00f6viz vb. ile). Finans piyasalar\u0131nda yap\u0131lan her i\u015flem, bir LEI numaras\u0131 arac\u0131l\u0131\u011f\u0131yla i\u015flem orta\u011f\u0131na ba\u011flan\u0131r. LEI kodlar\u0131, finans piyasalar\u0131n\u0131 izlemek i\u00e7in d\u00fczenleyiciler taraf\u0131ndan kullan\u0131l\u0131r. LEI kodlar\u0131 finans piyasalar\u0131n\u0131, \u015firketleri ve d\u00fczenleyicileri birbirine ba\u011flar. LEI numaralar\u0131, GLEIF taraf\u0131ndan akredite edilen LOU&#8217;lar taraf\u0131ndan verilir. GLEIF \u2013 Global Legal Entity Identifier Foundation. LEI OLMADAN T\u0130CARET YOK.<\/p>\n<\/div>\n<\/div>\n\n\n\n<div style=\"height:50px\" aria-hidden=\"true\" class=\"wp-block-spacer\"><\/div>\n\n\n\n<div class=\"wp-block-columns is-layout-flex wp-container-core-columns-is-layout-9d6595d7 wp-block-columns-is-layout-flex\">\n<div class=\"wp-block-column is-layout-flow wp-block-column-is-layout-flow\" style=\"flex-basis:33.33%\">\n<h2 class=\"wp-block-heading has-large-font-size\" style=\"font-style:normal;font-weight:600\">LEI kodunun avantajlar\u0131<\/h2>\n<\/div>\n\n\n\n<div class=\"wp-block-column is-layout-flow wp-block-column-is-layout-flow\" style=\"flex-basis:66.66%\">\n<p>M\u00fc\u015fteri verilerinin toplanmas\u0131 muhtemelen LEI numaras\u0131n\u0131n en b\u00fcy\u00fck avantaj\u0131d\u0131r. Daha \u00f6nce, kimlik kartlar\u0131n\u0131n manuel olarak kopyalanmas\u0131 ve do\u011frulu\u011funun kontrol edilmesi gerekiyordu, bu da zamanlar g\u00f6z \u00f6n\u00fcne al\u0131nd\u0131\u011f\u0131nda uzun bir s\u00fcre\u00e7ti. Ayr\u0131ca, bir hisse senedi al\u0131m\u0131n\u0131n g\u00fcvenli yolu i\u00e7in \u00e7ok fazla veri gerekiyordu. LEI numaraland\u0131rmas\u0131 konsepti, s\u00fcrecin iyile\u015ftirilmesine yol a\u00e7ar. \u00c7e\u015fitli ad\u0131mlar\u0131n dijitalle\u015ftirilmesiyle, bug\u00fcn sadece k\u00fc\u00e7\u00fck bir \u00e7evrimi\u00e7i form gereklidir. Benzer \u015fekilde, \u015firket verilerinin g\u00fcncellenmesi, uzat\u0131lmas\u0131 ve silinmesi art\u0131k, h\u0131zla geli\u015fen uluslararas\u0131 finans piyasalar\u0131yla iyi bir \u015fekilde ayak uydurabilen i\u015flevsel bir sistem taraf\u0131ndan y\u00f6netilmektedir.<\/p>\n\n\n\n<p>A\u00e7\u0131k ve \u015feffaf veriler, uluslararas\u0131 bir finans i\u015fleminin riskini en aza indirir. Bu, ticaret orta\u011f\u0131n\u0131n kim oldu\u011funu ve neyi temsil etti\u011fini kolayca g\u00f6rmeyi sa\u011flar. Bu, LEI numaras\u0131 \u00f6ncesinde bu formda mevcut olmayan bir g\u00fcvenlik sa\u011flar.<\/p>\n<\/div>\n<\/div>\n\n\n\n<div style=\"height:50px\" aria-hidden=\"true\" class=\"wp-block-spacer\"><\/div>\n\n\n\n<section class=\"container px-4 xl:px-0\">\n    <div class=\"flex rounded-2xl bg-gradient-to-r from-[#B3E0FF] to-[#6097D7] px-10 md:px-20 py-10 items-center gap-10 flex-col md:flex-row\">\n        <div class=\"w-full md:w-1\/2 flex justify-center\">\n            <img loading=\"lazy\" decoding=\"async\" alt=\"\" src=\"https:\/\/dev.lei.net\/wp-content\/uploads\/2024\/02\/cta.svg\" width=\"440\" height=\"350\">        <\/div>\n        <div class=\"w-full md:w-1\/2\">\n            <h3 class=\"text-lightgray-200 font-axiforma text-[25px] md:text-[35px] mb-4\">Bir LEI numaras\u0131 sat\u0131n almak ister misiniz?<\/h3>\n            <p class=\"font-axiforma-light !text-base md:!text-xl !font-light !text-lightgray-200 !mb-12\">Birle\u015fik Krall\u0131k&#039;taki yasal varl\u0131\u011f\u0131n\u0131z i\u00e7in LEI kay\u0131t numaran\u0131z!<\/p>\n            <div class=\"text-center md:text-left\">\n                <a href=\"https:\/\/dev.lei.net\/registration\/\" class=\"bg-primary text-lightgray-200 text-lg px-8 py-4 rounded-full hover:bg-opacity-40 transition\">Hadi Ba\u015flayal\u0131m<\/a>\n            <\/div>\n        <\/div>\n    <\/div>\n<\/section>\n\n\n<h3 class=\"wp-block-heading has-text-align-center\" style=\"font-size:45px;font-style:normal;font-weight:600\">LEI kodunun yap\u0131s\u0131<\/h3>\n\n\n\n<p class=\"has-text-align-center\" style=\"font-size:20px\">Bir LEI numaras\u0131, ISO sertifikas\u0131 17442 \u00fczerinden standartla\u015ft\u0131r\u0131lm\u0131\u015ft\u0131r. 20 hane ve harften olu\u015fan bir kombinasyondur<\/p>\n\n\n<div class=\"container px-4 xl:px-0\">\n  <div class=\"shadow-medium rounded-2xl my-12 py-5 md:py-12 overflow-auto\">\n    <div class=\"flex justify-start md:justify-center gap-1 mx-5 md:mx-0\">\n      <div>\n        <div class='text-2xl md:text-[40px] text-black font-axiforma tracking-widest'>1.2.3.4.<\/div>\n        <div class='flex items-center border-r border-l border-lightgray h-[0.8vw]'>\n          <div class='bg-lightgray h-[1px] w-full'><\/div>\n        <\/div>\n        <div class='text-center text-xs md:text-lg font-axiforma text-black'>LOU ID<\/div>\n      <\/div>\n      <div>\n        <div class='text-2xl md:text-[40px] text-black font-axiforma tracking-widest'>5.6.<\/div>\n        <div class='flex items-center border-r border-l border-lightgray h-[0.8vw]'>\n          <div class='bg-lightgray h-[1px] w-full'><\/div>\n        <\/div>\n        <div class='text-center text-xs md:text-lg font-axiforma text-black'>0.0<\/div>\n      <\/div>\n      <div>\n        <div class='text-2xl md:text-[40px] text-primary font-axiforma tracking-widest'>7.8.9.10.11.12.13.14.15.16.17.18.<\/div>\n        <div class='flex items-center border-r border-l border-lightgray h-[0.8vw]'>\n          <div class='bg-lightgray h-[1px] w-full'><\/div>\n        <\/div>\n        <div class='text-center text-xs md:text-lg font-axiforma text-primary'>Entity Identifier<\/div>\n      <\/div>\n      <div>\n        <div class='text-2xl md:text-[40px] text-black font-axiforma tracking-widest'>19.20.<\/div>\n        <div class='flex items-center border-r border-l border-lightgray h-[0.8vw]'>\n          <div class='bg-lightgray h-[1px] w-full'><\/div>\n        <\/div>\n        <div class='text-center text-xs md:text-lg font-axiforma text-black'>Verification ID<\/div>\n      <\/div>\n    <\/div>\n  <\/div>\n<\/div>\n\n\n\n\n\n<div class=\"wp-block-columns is-layout-flex wp-container-core-columns-is-layout-9d6595d7 wp-block-columns-is-layout-flex\">\n<div class=\"wp-block-column is-layout-flow wp-block-column-is-layout-flow\">\n<p><strong>1-4<\/strong> rakamlar\u0131 her zaman LEI&#8217;yi veren LOU&#8217;nun kimli\u011fini belirtir.<\/p>\n\n\n\n<p><strong>5-6<\/strong> rakamlar\u0131 her zaman 0 de\u011ferindedir.<\/p>\n\n\n\n<p><strong>7-18<\/strong> rakamlar\/harfler her bir varl\u0131k i\u00e7in benzersizdir.<\/p>\n\n\n\n<p><strong>19-20<\/strong> rakamlar\u0131 do\u011frulama i\u00e7in kullan\u0131l\u0131r.<\/p>\n<\/div>\n<\/div>\n\n\n\n<div style=\"height:50px\" aria-hidden=\"true\" class=\"wp-block-spacer\"><\/div>\n\n\n\n<div class=\"action-button__wrapper text-align-center\">\n  <a href=\"https:\/\/dev.lei.net\/\" class=\"action-button action-button--medium\">\n    BA\u015eVURU  <\/a>\n<\/div>\n\n\n<div class='block-grey-divider grey-divider'><\/div>","protected":false},"excerpt":{"rendered":"<p>Temel Bilgiler LEI \u2013 t\u00fczel ki\u015filer i\u00e7in bir tan\u0131mlama numaras\u0131d\u0131r (Legal Entity Identifier). Finans piyasalar\u0131nda i\u015flem g\u00f6ren \u015firketler i\u00e7in benzersiz bir tan\u0131mlama kodu (hisse senetleri, tahviller, vadeli i\u015flemler, d\u00f6viz vb. ile). Finans piyasalar\u0131nda yap\u0131lan her i\u015flem, bir LEI numaras\u0131 arac\u0131l\u0131\u011f\u0131yla i\u015flem orta\u011f\u0131na ba\u011flan\u0131r. LEI kodlar\u0131, finans piyasalar\u0131n\u0131 izlemek i\u00e7in d\u00fczenleyiciler taraf\u0131ndan kullan\u0131l\u0131r. LEI kodlar\u0131 finans [&hellip;]<\/p>\n","protected":false},"author":1,"featured_media":0,"parent":0,"menu_order":0,"comment_status":"closed","ping_status":"closed","template":"","meta":{"footnotes":""},"class_list":["post-1410","page","type-page","status-publish","hentry"],"yoast_head":"<!-- This site is optimized with the Yoast SEO plugin v25.3.1 - https:\/\/yoast.com\/wordpress\/plugins\/seo\/ -->\n<title>LEI nedir? - LEI.net<\/title>\n<meta name=\"robots\" content=\"noindex, follow, max-snippet:-1, max-image-preview:large, max-video-preview:-1\" \/>\n<meta property=\"og:locale\" content=\"tr_TR\" \/>\n<meta property=\"og:type\" content=\"article\" \/>\n<meta property=\"og:title\" content=\"LEI nedir? - LEI.net\" \/>\n<meta property=\"og:description\" content=\"Temel Bilgiler LEI \u2013 t\u00fczel ki\u015filer i\u00e7in bir tan\u0131mlama numaras\u0131d\u0131r (Legal Entity Identifier). Finans piyasalar\u0131nda i\u015flem g\u00f6ren \u015firketler i\u00e7in benzersiz bir tan\u0131mlama kodu (hisse senetleri, tahviller, vadeli i\u015flemler, d\u00f6viz vb. ile). Finans piyasalar\u0131nda yap\u0131lan her i\u015flem, bir LEI numaras\u0131 arac\u0131l\u0131\u011f\u0131yla i\u015flem orta\u011f\u0131na ba\u011flan\u0131r. LEI kodlar\u0131, finans piyasalar\u0131n\u0131 izlemek i\u00e7in d\u00fczenleyiciler taraf\u0131ndan kullan\u0131l\u0131r. LEI kodlar\u0131 finans [&hellip;]\" \/>\n<meta property=\"og:url\" content=\"https:\/\/dev.lei.net\/tr\/lei-nedir\/\" \/>\n<meta property=\"og:site_name\" content=\"LEI.net\" \/>\n<meta property=\"article:modified_time\" content=\"2024-03-15T13:28:09+00:00\" \/>\n<meta name=\"twitter:card\" content=\"summary_large_image\" \/>\n<meta name=\"twitter:label1\" content=\"Tahmini okuma s\u00fcresi\" \/>\n\t<meta name=\"twitter:data1\" content=\"4 dakika\" \/>\n<script type=\"application\/ld+json\" class=\"yoast-schema-graph\">{\"@context\":\"https:\/\/schema.org\",\"@graph\":[{\"@type\":\"WebPage\",\"@id\":\"https:\/\/dev.lei.net\/tr\/lei-nedir\/\",\"url\":\"https:\/\/dev.lei.net\/tr\/lei-nedir\/\",\"name\":\"LEI nedir? - LEI.net\",\"isPartOf\":{\"@id\":\"https:\/\/dev.lei.net\/#website\"},\"datePublished\":\"2021-06-29T13:14:05+00:00\",\"dateModified\":\"2024-03-15T13:28:09+00:00\",\"breadcrumb\":{\"@id\":\"https:\/\/dev.lei.net\/tr\/lei-nedir\/#breadcrumb\"},\"inLanguage\":\"tr\",\"potentialAction\":[{\"@type\":\"ReadAction\",\"target\":[\"https:\/\/dev.lei.net\/tr\/lei-nedir\/\"]}]},{\"@type\":\"BreadcrumbList\",\"@id\":\"https:\/\/dev.lei.net\/tr\/lei-nedir\/#breadcrumb\",\"itemListElement\":[{\"@type\":\"ListItem\",\"position\":1,\"name\":\"Startseite\",\"item\":\"https:\/\/dev.lei.net\/tr\/\"},{\"@type\":\"ListItem\",\"position\":2,\"name\":\"LEI nedir?\"}]},{\"@type\":\"WebSite\",\"@id\":\"https:\/\/dev.lei.net\/#website\",\"url\":\"https:\/\/dev.lei.net\/\",\"name\":\"LEI.net\",\"description\":\"Official Legal Entity Identifier (LEI) Registrar\",\"publisher\":{\"@id\":\"https:\/\/dev.lei.net\/#organization\"},\"potentialAction\":[{\"@type\":\"SearchAction\",\"target\":{\"@type\":\"EntryPoint\",\"urlTemplate\":\"https:\/\/dev.lei.net\/?s={search_term_string}\"},\"query-input\":{\"@type\":\"PropertyValueSpecification\",\"valueRequired\":true,\"valueName\":\"search_term_string\"}}],\"inLanguage\":\"tr\"},{\"@type\":\"Organization\",\"@id\":\"https:\/\/dev.lei.net\/#organization\",\"name\":\"F.I.D.Firmeninformationsdienst GmbH\",\"url\":\"https:\/\/dev.lei.net\/\",\"logo\":{\"@type\":\"ImageObject\",\"inLanguage\":\"tr\",\"@id\":\"https:\/\/dev.lei.net\/#\/schema\/logo\/image\/\",\"url\":\"https:\/\/dev.lei.net\/wp-content\/uploads\/2021\/12\/color_vertical.jpg\",\"contentUrl\":\"https:\/\/dev.lei.net\/wp-content\/uploads\/2021\/12\/color_vertical.jpg\",\"width\":283,\"height\":283,\"caption\":\"F.I.D.Firmeninformationsdienst GmbH\"},\"image\":{\"@id\":\"https:\/\/dev.lei.net\/#\/schema\/logo\/image\/\"}}]}<\/script>\n<!-- \/ Yoast SEO plugin. -->","yoast_head_json":{"title":"LEI nedir? - LEI.net","robots":{"index":"noindex","follow":"follow","max-snippet":"max-snippet:-1","max-image-preview":"max-image-preview:large","max-video-preview":"max-video-preview:-1"},"og_locale":"tr_TR","og_type":"article","og_title":"LEI nedir? - LEI.net","og_description":"Temel Bilgiler LEI \u2013 t\u00fczel ki\u015filer i\u00e7in bir tan\u0131mlama numaras\u0131d\u0131r (Legal Entity Identifier). Finans piyasalar\u0131nda i\u015flem g\u00f6ren \u015firketler i\u00e7in benzersiz bir tan\u0131mlama kodu (hisse senetleri, tahviller, vadeli i\u015flemler, d\u00f6viz vb. ile). Finans piyasalar\u0131nda yap\u0131lan her i\u015flem, bir LEI numaras\u0131 arac\u0131l\u0131\u011f\u0131yla i\u015flem orta\u011f\u0131na ba\u011flan\u0131r. LEI kodlar\u0131, finans piyasalar\u0131n\u0131 izlemek i\u00e7in d\u00fczenleyiciler taraf\u0131ndan kullan\u0131l\u0131r. LEI kodlar\u0131 finans [&hellip;]","og_url":"https:\/\/dev.lei.net\/tr\/lei-nedir\/","og_site_name":"LEI.net","article_modified_time":"2024-03-15T13:28:09+00:00","twitter_card":"summary_large_image","twitter_misc":{"Tahmini okuma s\u00fcresi":"4 dakika"},"schema":{"@context":"https:\/\/schema.org","@graph":[{"@type":"WebPage","@id":"https:\/\/dev.lei.net\/tr\/lei-nedir\/","url":"https:\/\/dev.lei.net\/tr\/lei-nedir\/","name":"LEI nedir? - LEI.net","isPartOf":{"@id":"https:\/\/dev.lei.net\/#website"},"datePublished":"2021-06-29T13:14:05+00:00","dateModified":"2024-03-15T13:28:09+00:00","breadcrumb":{"@id":"https:\/\/dev.lei.net\/tr\/lei-nedir\/#breadcrumb"},"inLanguage":"tr","potentialAction":[{"@type":"ReadAction","target":["https:\/\/dev.lei.net\/tr\/lei-nedir\/"]}]},{"@type":"BreadcrumbList","@id":"https:\/\/dev.lei.net\/tr\/lei-nedir\/#breadcrumb","itemListElement":[{"@type":"ListItem","position":1,"name":"Startseite","item":"https:\/\/dev.lei.net\/tr\/"},{"@type":"ListItem","position":2,"name":"LEI nedir?"}]},{"@type":"WebSite","@id":"https:\/\/dev.lei.net\/#website","url":"https:\/\/dev.lei.net\/","name":"LEI.net","description":"Official Legal Entity Identifier (LEI) Registrar","publisher":{"@id":"https:\/\/dev.lei.net\/#organization"},"potentialAction":[{"@type":"SearchAction","target":{"@type":"EntryPoint","urlTemplate":"https:\/\/dev.lei.net\/?s={search_term_string}"},"query-input":{"@type":"PropertyValueSpecification","valueRequired":true,"valueName":"search_term_string"}}],"inLanguage":"tr"},{"@type":"Organization","@id":"https:\/\/dev.lei.net\/#organization","name":"F.I.D.Firmeninformationsdienst GmbH","url":"https:\/\/dev.lei.net\/","logo":{"@type":"ImageObject","inLanguage":"tr","@id":"https:\/\/dev.lei.net\/#\/schema\/logo\/image\/","url":"https:\/\/dev.lei.net\/wp-content\/uploads\/2021\/12\/color_vertical.jpg","contentUrl":"https:\/\/dev.lei.net\/wp-content\/uploads\/2021\/12\/color_vertical.jpg","width":283,"height":283,"caption":"F.I.D.Firmeninformationsdienst GmbH"},"image":{"@id":"https:\/\/dev.lei.net\/#\/schema\/logo\/image\/"}}]}},"_links":{"self":[{"href":"https:\/\/dev.lei.net\/tr\/wp-json\/wp\/v2\/pages\/1410","targetHints":{"allow":["GET"]}}],"collection":[{"href":"https:\/\/dev.lei.net\/tr\/wp-json\/wp\/v2\/pages"}],"about":[{"href":"https:\/\/dev.lei.net\/tr\/wp-json\/wp\/v2\/types\/page"}],"author":[{"embeddable":true,"href":"https:\/\/dev.lei.net\/tr\/wp-json\/wp\/v2\/users\/1"}],"replies":[{"embeddable":true,"href":"https:\/\/dev.lei.net\/tr\/wp-json\/wp\/v2\/comments?post=1410"}],"version-history":[{"count":4,"href":"https:\/\/dev.lei.net\/tr\/wp-json\/wp\/v2\/pages\/1410\/revisions"}],"predecessor-version":[{"id":5229,"href":"https:\/\/dev.lei.net\/tr\/wp-json\/wp\/v2\/pages\/1410\/revisions\/5229"}],"wp:attachment":[{"href":"https:\/\/dev.lei.net\/tr\/wp-json\/wp\/v2\/media?parent=1410"}],"curies":[{"name":"wp","href":"https:\/\/api.w.org\/{rel}","templated":true}]}}